{"id":724072,"date":"2025-08-27T19:29:07","date_gmt":"2025-08-27T16:29:07","guid":{"rendered":"https:\/\/roveyayinevi.com.tr\/index.php\/urun\/bir-dini-idealin-ifade-bicimleri\/"},"modified":"2026-04-16T02:31:55","modified_gmt":"2026-04-15T23:31:55","slug":"bir-dini-idealin-ifade-bicimleri","status":"publish","type":"product","link":"https:\/\/roveyayinevi.com.tr\/index.php\/urun\/bir-dini-idealin-ifade-bicimleri\/","title":{"rendered":"Bir Dini \u0130dealin \u0130fade Bi\u00e7imleri"},"content":{"rendered":"<p>\u00c7a\u011f\u0131n\u0131n s\u0131ra d\u0131\u015f\u0131 isimlerinden biri olan R\u00e2bia el-Adeviyye, korkunun \u00fcmide, beklentinin beklentisizli\u011fe, s\u0131n\u0131rl\u0131 ilgilerin s\u0131n\u0131rs\u0131z sevgiye d\u00f6n\u00fc\u015ft\u00fc\u011f\u00fc yerde kar\u015f\u0131m\u0131za \u00e7\u0131kar. O, tasavvuf tarihinin erken d\u00f6nemlerindeki aray\u0131\u015flara s\u00f6zleri ve ya\u015fant\u0131s\u0131yla yapt\u0131\u011f\u0131 katk\u0131dan \u00f6t\u00fcr\u00fc hep hat\u0131rlanan, hat\u0131rland\u0131k\u00e7a yorumlanan, yorumland\u0131k\u00e7a yeni kavray\u0131\u015flara yol a\u00e7an ve ad\u0131 evrenselle\u015fen bir s\u00fbf\u00eedir. Bin iki y\u00fcz y\u0131l\u0131 a\u015fk\u0131n bir zaman dilimi boyunca nesillerin haf\u0131zas\u0131nda yer bulmas\u0131 onun s\u00f6zlerine ve ya\u015fant\u0131s\u0131na anlam ve duygu bak\u0131m\u0131ndan farkl\u0131 derinlikler katm\u0131\u015ft\u0131r. R\u00e2bia el-Adeviyye hakk\u0131nda bir literat\u00fcr sunmay\u0131 ama\u00e7layan bu \u00e7al\u0131\u015fmada kaynaklar kronolojik s\u0131ra g\u00f6zetilerek ele al\u0131nmakta, metinlerde \u00f6ne \u00e7\u0131kan motifler de\u011ferlendirilmekte ve ona atfedilen \u015fiirlere yer verilmektedir.<\/p>\n","protected":false},"excerpt":{"rendered":"<p>\u00c7a\u011f\u0131n\u0131n s\u0131ra d\u0131\u015f\u0131 isimlerinden biri olan R\u00e2bia el-Adeviyye, korkunun \u00fcmide, beklentinin beklentisizli\u011fe, s\u0131n\u0131rl\u0131 ilgilerin s\u0131n\u0131rs\u0131z sevgiye d\u00f6n\u00fc\u015ft\u00fc\u011f\u00fc yerde kar\u015f\u0131m\u0131za \u00e7\u0131kar. O, tasavvuf tarihinin erken d\u00f6nemlerindeki aray\u0131\u015flara<span class=\"excerpt-hellip\"> [\u2026]<\/span><\/p>\n","protected":false},"featured_media":0,"template":"","meta":{"_monsterinsights_skip_tracking":false,"_monsterinsights_sitenote_active":false,"_monsterinsights_sitenote_note":"","_monsterinsights_sitenote_category":0},"product_brand":[],"product_cat":[16789,12718,12719],"product_tag":[],"class_list":{"0":"post-724072","1":"product","2":"type-product","3":"status-publish","5":"product_cat-diger-islam","6":"product_cat-din","7":"product_cat-islam","8":"pa_cilt-ciltsiz","9":"pa_tur-kitap","10":"pa_yayinevi-pinhan-yayincilik","11":"pa_yazar-m-nedim-tan","13":"first","14":"instock","15":"sale","16":"shipping-taxable","17":"purchasable","18":"product-type-simple"},"_links":{"self":[{"href":"https:\/\/roveyayinevi.com.tr\/index.php\/wp-json\/wp\/v2\/product\/724072","targetHints":{"allow":["GET"]}}],"collection":[{"href":"https:\/\/roveyayinevi.com.tr\/index.php\/wp-json\/wp\/v2\/product"}],"about":[{"href":"https:\/\/roveyayinevi.com.tr\/index.php\/wp-json\/wp\/v2\/types\/product"}],"wp:attachment":[{"href":"https:\/\/roveyayinevi.com.tr\/index.php\/wp-json\/wp\/v2\/media?parent=724072"}],"wp:term":[{"taxonomy":"product_brand","embeddable":true,"href":"https:\/\/roveyayinevi.com.tr\/index.php\/wp-json\/wp\/v2\/product_brand?post=724072"},{"taxonomy":"product_cat","embeddable":true,"href":"https:\/\/roveyayinevi.com.tr\/index.php\/wp-json\/wp\/v2\/product_cat?post=724072"},{"taxonomy":"product_tag","embeddable":true,"href":"https:\/\/roveyayinevi.com.tr\/index.php\/wp-json\/wp\/v2\/product_tag?post=724072"}],"curies":[{"name":"wp","href":"https:\/\/api.w.org\/{rel}","templated":true}]}}