{"id":724069,"date":"2025-08-27T19:29:05","date_gmt":"2025-08-27T16:29:05","guid":{"rendered":"https:\/\/roveyayinevi.com.tr\/index.php\/urun\/8-sinif-lgs-deneme-sinavi-seti\/"},"modified":"2026-04-16T02:31:55","modified_gmt":"2026-04-15T23:31:55","slug":"8-sinif-lgs-deneme-sinavi-seti","status":"publish","type":"product","link":"https:\/\/roveyayinevi.com.tr\/index.php\/urun\/8-sinif-lgs-deneme-sinavi-seti\/","title":{"rendered":"8. S\u0131n\u0131f LGS Deneme S\u0131nav\u0131 Seti"},"content":{"rendered":"<p>Sadece 1. D\u00f6nem Konular\u0131ndan &#8211; 5 S\u00f6zel 5 Say\u0131sal Toplam 10 Kitap\u00e7\u0131k<\/p>\n","protected":false},"excerpt":{"rendered":"<p>Sadece 1. D\u00f6nem Konular\u0131ndan &#8211; 5 S\u00f6zel 5 Say\u0131sal Toplam 10 Kitap\u00e7\u0131k<\/p>\n","protected":false},"featured_media":0,"template":"","meta":{"_monsterinsights_skip_tracking":false,"_monsterinsights_sitenote_active":false,"_monsterinsights_sitenote_note":"","_monsterinsights_sitenote_category":0},"product_brand":[],"product_cat":[12566,71470,13473],"product_tag":[],"class_list":{"0":"post-724069","1":"product","2":"type-product","3":"status-publish","5":"product_cat-egitim","6":"product_cat-lgs-kitaplari","7":"product_cat-sinavlara-hazirlik-okula-yardimci-kaynaklar","8":"pa_cilt-ciltsiz","9":"pa_tur-kitap","10":"pa_yayinevi-bilgi-kupu","11":"pa_yazar-kolektif","13":"first","14":"instock","15":"sale","16":"shipping-taxable","17":"purchasable","18":"product-type-simple"},"_links":{"self":[{"href":"https:\/\/roveyayinevi.com.tr\/index.php\/wp-json\/wp\/v2\/product\/724069","targetHints":{"allow":["GET"]}}],"collection":[{"href":"https:\/\/roveyayinevi.com.tr\/index.php\/wp-json\/wp\/v2\/product"}],"about":[{"href":"https:\/\/roveyayinevi.com.tr\/index.php\/wp-json\/wp\/v2\/types\/product"}],"wp:attachment":[{"href":"https:\/\/roveyayinevi.com.tr\/index.php\/wp-json\/wp\/v2\/media?parent=724069"}],"wp:term":[{"taxonomy":"product_brand","embeddable":true,"href":"https:\/\/roveyayinevi.com.tr\/index.php\/wp-json\/wp\/v2\/product_brand?post=724069"},{"taxonomy":"product_cat","embeddable":true,"href":"https:\/\/roveyayinevi.com.tr\/index.php\/wp-json\/wp\/v2\/product_cat?post=724069"},{"taxonomy":"product_tag","embeddable":true,"href":"https:\/\/roveyayinevi.com.tr\/index.php\/wp-json\/wp\/v2\/product_tag?post=724069"}],"curies":[{"name":"wp","href":"https:\/\/api.w.org\/{rel}","templated":true}]}}