{"id":724068,"date":"2025-08-27T19:29:04","date_gmt":"2025-08-27T16:29:04","guid":{"rendered":"https:\/\/roveyayinevi.com.tr\/index.php\/urun\/islem-tamam-serisi\/"},"modified":"2026-04-16T02:31:55","modified_gmt":"2026-04-15T23:31:55","slug":"islem-tamam-serisi","status":"publish","type":"product","link":"https:\/\/roveyayinevi.com.tr\/index.php\/urun\/islem-tamam-serisi\/","title":{"rendered":"\u0130\u015flem Tamam Serisi"},"content":{"rendered":"<p>Toprak I\u015f\u0131k\u2019\u0131n, matemati\u011fin g\u00f6r\u00fcnd\u00fc\u011f\u00fcnden \u00e7ok daha keyifli olabilece\u011fini kan\u0131tlayan d\u00f6rt kitapl\u0131k ba\u015fvuru serisi \u201c\u0130\u015flem Tamam\u201d, indirimli fiyat avantaj\u0131 ve \u00f6zel saklama kutusuyla set halinde raflardaki yerini al\u0131yor. Do\u011fru dille ve y\u00f6ntemle anlat\u0131lan matemati\u011fin, kat\u0131ks\u0131z bir e\u011flenceye d\u00f6n\u00fc\u015febilece\u011fini savunan I\u015f\u0131k, \u201c\u0130\u015flem Tamam\u201dda ya\u015fatt\u0131\u011f\u0131 benzersiz matematik deneyimi ile okurlar\u0131 say\u0131lar\u0131n b\u00fcy\u00fcl\u00fc d\u00fcnyas\u0131nda sihirli bir yolculu\u011fa \u00e7\u0131kar\u0131yor. Toprak I\u015f\u0131k\u2019\u0131n mizahi anlat\u0131m\u0131n\u0131 Do\u011fan Gen\u00e7soy\u2019un karikat\u00fcr esintili resimleriyle bulu\u015fturan seri, \u00f6\u011frencilere matemati\u011fi sevdirmenin keyifli yollar\u0131n\u0131 sunuyor. \u201cMatemati\u011fi sevsin ya da sevmesin, s\u0131k\u0131c\u0131 bulsun ya da bulmas\u0131n t\u00fcm \u00e7ocuklara g\u00f6n\u00fcl rahatl\u0131\u011f\u0131yla \u00f6nerebilece\u011finiz bir eser \u0130\u015flem Tamam. \u00d6te yandan s\u0131k\u0131c\u0131 bulanlar\u0131n, bu d\u00fc\u015f\u00fcncelerini g\u00f6zden ge\u00e7irmeleri i\u00e7in g\u00fczel bir f\u0131rsat oldu\u011fu da kesin. Do\u011fan Gen\u00e7soy\u2019un g\u00fczel \u00e7izimleri bu f\u0131rsat\u0131 daha da \u00e7ekici hale getiriyor.\u201d<\/p>\n","protected":false},"excerpt":{"rendered":"<p>Toprak I\u015f\u0131k\u2019\u0131n, matemati\u011fin g\u00f6r\u00fcnd\u00fc\u011f\u00fcnden \u00e7ok daha keyifli olabilece\u011fini kan\u0131tlayan d\u00f6rt kitapl\u0131k ba\u015fvuru serisi \u201c\u0130\u015flem Tamam\u201d, indirimli fiyat avantaj\u0131 ve \u00f6zel saklama kutusuyla set halinde raflardaki yerini<span class=\"excerpt-hellip\"> [\u2026]<\/span><\/p>\n","protected":false},"featured_media":0,"template":"","meta":{"_monsterinsights_skip_tracking":false,"_monsterinsights_sitenote_active":false,"_monsterinsights_sitenote_note":"","_monsterinsights_sitenote_category":0},"product_brand":[],"product_cat":[12566,42911,13473],"product_tag":[],"class_list":{"0":"post-724068","1":"product","2":"type-product","3":"status-publish","5":"product_cat-egitim","6":"product_cat-ilkogretim-yardimci-kitaplar","7":"product_cat-sinavlara-hazirlik-okula-yardimci-kaynaklar","8":"pa_cilt-ciltsiz","9":"pa_tur-kitap","10":"pa_yayinevi-tudem-yayinlari","11":"pa_yazar-toprak-isik","13":"first","14":"instock","15":"sale","16":"shipping-taxable","17":"purchasable","18":"product-type-simple"},"_links":{"self":[{"href":"https:\/\/roveyayinevi.com.tr\/index.php\/wp-json\/wp\/v2\/product\/724068","targetHints":{"allow":["GET"]}}],"collection":[{"href":"https:\/\/roveyayinevi.com.tr\/index.php\/wp-json\/wp\/v2\/product"}],"about":[{"href":"https:\/\/roveyayinevi.com.tr\/index.php\/wp-json\/wp\/v2\/types\/product"}],"wp:attachment":[{"href":"https:\/\/roveyayinevi.com.tr\/index.php\/wp-json\/wp\/v2\/media?parent=724068"}],"wp:term":[{"taxonomy":"product_brand","embeddable":true,"href":"https:\/\/roveyayinevi.com.tr\/index.php\/wp-json\/wp\/v2\/product_brand?post=724068"},{"taxonomy":"product_cat","embeddable":true,"href":"https:\/\/roveyayinevi.com.tr\/index.php\/wp-json\/wp\/v2\/product_cat?post=724068"},{"taxonomy":"product_tag","embeddable":true,"href":"https:\/\/roveyayinevi.com.tr\/index.php\/wp-json\/wp\/v2\/product_tag?post=724068"}],"curies":[{"name":"wp","href":"https:\/\/api.w.org\/{rel}","templated":true}]}}