{"id":724065,"date":"2025-08-27T19:29:02","date_gmt":"2025-08-27T16:29:02","guid":{"rendered":"https:\/\/roveyayinevi.com.tr\/index.php\/urun\/fikirler-dunyayi-degistiren-icatlar\/"},"modified":"2026-04-16T02:31:55","modified_gmt":"2026-04-15T23:31:55","slug":"fikirler-dunyayi-degistiren-icatlar","status":"publish","type":"product","link":"https:\/\/roveyayinevi.com.tr\/index.php\/urun\/fikirler-dunyayi-degistiren-icatlar\/","title":{"rendered":"Fikirler &#8211; D\u00fcnyay\u0131 De\u011fi\u015ftiren \u0130catlar"},"content":{"rendered":"<p>Ya\u015famlar\u0131m\u0131zda b\u00fcy\u00fck de\u011fi\u015fimlere yol a\u00e7an icatlar\u0131n arkas\u0131nda genellikle bir ilham, d\u00e2hice bir fikir ve \u00e7o\u011fu zaman da harika bir hik\u00e2ye vard\u0131r!Merkezi \u0131s\u0131tma, k\u00e2\u011f\u0131t, kur\u015funkalem, tren, bisiklet, foto\u011fraf, bilgisayar, daktilo, telefon, otomobil, telsiz, x \u0131\u015f\u0131nlar\u0131, plastik, televizyon, antibiyotik, mikrodalga f\u0131r\u0131n, video oyunu, internet ve web&#8230;Milyonlarca insan\u0131n ya\u015fam\u0131n\u0131 de\u011fi\u015ftiren bu fikirler mucitlerin akl\u0131na nereden geldi? Kafalar\u0131n\u0131n i\u00e7inde her \u015feyi de\u011fi\u015ftirecek o fikrin ilk k\u0131v\u0131lc\u0131m\u0131 \u00e7akt\u0131\u011f\u0131nda ne yap\u0131yorlar, ne d\u00fc\u015f\u00fcn\u00fcyorlar, ne s\u00f6yl\u00fcyorlard\u0131&#8230; Bu kitapta yer alan 18 mucidin hik\u00e2yesiyle, bu icatlar\u0131n hangi \u015fartlar alt\u0131nda yap\u0131ld\u0131\u011f\u0131n\u0131 ke\u015ffedece\u011fiz.G\u00fcn\u00fcm\u00fczde kullanmaya devam etti\u011fimiz \u00e7e\u015fitli icatlar\u0131n ilgi \u00e7ekici yolculuklar\u0131n\u0131 yal\u0131n ve e\u011flenceli bir dille anlatan Fikirler kitab\u0131, 10 ya\u015f ve \u00fczeri okurlar\u0131 hem bilgilendiriyor hem de onlara ilham veriyor.<\/p>\n","protected":false},"excerpt":{"rendered":"<p>Ya\u015famlar\u0131m\u0131zda b\u00fcy\u00fck de\u011fi\u015fimlere yol a\u00e7an icatlar\u0131n arkas\u0131nda genellikle bir ilham, d\u00e2hice bir fikir ve \u00e7o\u011fu zaman da harika bir hik\u00e2ye vard\u0131r!Merkezi \u0131s\u0131tma, k\u00e2\u011f\u0131t, kur\u015funkalem, tren, bisiklet,<span class=\"excerpt-hellip\"> [\u2026]<\/span><\/p>\n","protected":false},"featured_media":0,"template":"","meta":{"_monsterinsights_skip_tracking":false,"_monsterinsights_sitenote_active":false,"_monsterinsights_sitenote_note":"","_monsterinsights_sitenote_category":0},"product_brand":[],"product_cat":[13829,12274],"product_tag":[],"class_list":{"0":"post-724065","1":"product","2":"type-product","3":"status-publish","5":"product_cat-bilimsel-kitaplar","6":"product_cat-cocuk-ve-genclik-kitaplari","7":"pa_cilt-ciltsiz","8":"pa_tur-kitap","9":"pa_yayinevi-redhouse-yayinlari","10":"pa_yazar-christian-hill","12":"first","13":"instock","14":"sale","15":"shipping-taxable","16":"purchasable","17":"product-type-simple"},"_links":{"self":[{"href":"https:\/\/roveyayinevi.com.tr\/index.php\/wp-json\/wp\/v2\/product\/724065","targetHints":{"allow":["GET"]}}],"collection":[{"href":"https:\/\/roveyayinevi.com.tr\/index.php\/wp-json\/wp\/v2\/product"}],"about":[{"href":"https:\/\/roveyayinevi.com.tr\/index.php\/wp-json\/wp\/v2\/types\/product"}],"wp:attachment":[{"href":"https:\/\/roveyayinevi.com.tr\/index.php\/wp-json\/wp\/v2\/media?parent=724065"}],"wp:term":[{"taxonomy":"product_brand","embeddable":true,"href":"https:\/\/roveyayinevi.com.tr\/index.php\/wp-json\/wp\/v2\/product_brand?post=724065"},{"taxonomy":"product_cat","embeddable":true,"href":"https:\/\/roveyayinevi.com.tr\/index.php\/wp-json\/wp\/v2\/product_cat?post=724065"},{"taxonomy":"product_tag","embeddable":true,"href":"https:\/\/roveyayinevi.com.tr\/index.php\/wp-json\/wp\/v2\/product_tag?post=724065"}],"curies":[{"name":"wp","href":"https:\/\/api.w.org\/{rel}","templated":true}]}}