{"id":724061,"date":"2025-08-27T19:28:59","date_gmt":"2025-08-27T16:28:59","guid":{"rendered":"https:\/\/roveyayinevi.com.tr\/index.php\/urun\/lacan\/"},"modified":"2026-04-16T02:31:55","modified_gmt":"2026-04-15T23:31:55","slug":"lacan","status":"publish","type":"product","link":"https:\/\/roveyayinevi.com.tr\/index.php\/urun\/lacan\/","title":{"rendered":"Lacan"},"content":{"rendered":"<p>II. D\u00fcnya Sava\u015f\u0131ndan sonra, Frans\u0131z psikanalizinin en \u00f6zg\u00fcn ve en \u00e7ok tart\u0131\u015f\u0131lan fig\u00fcrlerinden biri olarak ortaya \u00e7\u0131kan Lacan, 1950\u2019lerin Paris entelekt\u00fcel dirili\u015finin yol g\u00f6stericisi olarak Freud\u2019un \u00e7al\u0131\u015fmalar\u0131n\u0131, dil \u00fczerine yap\u0131salc\u0131 kuramlar temelinde yeniden yorumlamak i\u00e7in \u00e7al\u0131\u015fmaya ba\u015flar. Bu \u00e7al\u0131\u015fmalar \u0131\u015f\u0131\u011f\u0131nda, dil ve arzu aras\u0131ndaki ili\u015fkinin ayr\u0131nt\u0131l\u0131 ve sistematik bir analizini geli\u015ftirerek, dilsel ve toplumsal a\u00e7\u0131dan insan \u00f6znesine odaklan\u0131r. Malcolm Bowie yirminci y\u00fczy\u0131l\u0131n en etkili d\u00fc\u015f\u00fcn\u00fcrlerinden Lacan \u00fczerine yapt\u0131\u011f\u0131 bu titiz \u00e7al\u0131\u015fmas\u0131nda, d\u00fc\u015f\u00fcn\u00fcr\u00fcn temel kavramlar\u0131na ve felsefesine bir giri\u015f sunuyor.   \u201cLacan\u2019\u0131n fikirlerinin sunumu ve de\u011ferlendirmelerinin a\u00e7\u0131k ara en iyisi. N\u00fckteli, k\u0131sa ama \u00f6z, \u00f6vg\u00fcye de\u011fer bir \u015fekilde \u00e7ok iyi yaz\u0131lm\u0131\u015f.\u201d \u2014Peter Brooks, The Times Literary Supplement   \u201cEntelekt\u00fcel bir g\u00fc\u00e7 g\u00f6sterisi \u2026 son derece etkileyici ve zekice.\u201d \u2014Leo Bersani <\/p>\n","protected":false},"excerpt":{"rendered":"<p>II. D\u00fcnya Sava\u015f\u0131ndan sonra, Frans\u0131z psikanalizinin en \u00f6zg\u00fcn ve en \u00e7ok tart\u0131\u015f\u0131lan fig\u00fcrlerinden biri olarak ortaya \u00e7\u0131kan Lacan, 1950\u2019lerin Paris entelekt\u00fcel dirili\u015finin yol g\u00f6stericisi olarak Freud\u2019un<span class=\"excerpt-hellip\"> [\u2026]<\/span><\/p>\n","protected":false},"featured_media":0,"template":"","meta":{"_monsterinsights_skip_tracking":false,"_monsterinsights_sitenote_active":false,"_monsterinsights_sitenote_note":"","_monsterinsights_sitenote_category":0},"product_brand":[],"product_cat":[12388,26788],"product_tag":[],"class_list":{"0":"post-724061","1":"product","2":"type-product","3":"status-publish","5":"product_cat-felsefe","6":"product_cat-filozoflar","7":"pa_cilt-ciltsiz","8":"pa_tur-kitap","9":"pa_yayinevi-alfa-yayinlari","10":"pa_yazar-malcolm-bowie","12":"first","13":"instock","14":"sale","15":"shipping-taxable","16":"purchasable","17":"product-type-simple"},"_links":{"self":[{"href":"https:\/\/roveyayinevi.com.tr\/index.php\/wp-json\/wp\/v2\/product\/724061","targetHints":{"allow":["GET"]}}],"collection":[{"href":"https:\/\/roveyayinevi.com.tr\/index.php\/wp-json\/wp\/v2\/product"}],"about":[{"href":"https:\/\/roveyayinevi.com.tr\/index.php\/wp-json\/wp\/v2\/types\/product"}],"wp:attachment":[{"href":"https:\/\/roveyayinevi.com.tr\/index.php\/wp-json\/wp\/v2\/media?parent=724061"}],"wp:term":[{"taxonomy":"product_brand","embeddable":true,"href":"https:\/\/roveyayinevi.com.tr\/index.php\/wp-json\/wp\/v2\/product_brand?post=724061"},{"taxonomy":"product_cat","embeddable":true,"href":"https:\/\/roveyayinevi.com.tr\/index.php\/wp-json\/wp\/v2\/product_cat?post=724061"},{"taxonomy":"product_tag","embeddable":true,"href":"https:\/\/roveyayinevi.com.tr\/index.php\/wp-json\/wp\/v2\/product_tag?post=724061"}],"curies":[{"name":"wp","href":"https:\/\/api.w.org\/{rel}","templated":true}]}}