{"id":724058,"date":"2025-08-27T19:28:56","date_gmt":"2025-08-27T16:28:56","guid":{"rendered":"https:\/\/roveyayinevi.com.tr\/index.php\/urun\/kiyamet-oncesi-alem-bilgisi\/"},"modified":"2026-04-16T02:31:55","modified_gmt":"2026-04-15T23:31:55","slug":"kiyamet-oncesi-alem-bilgisi","status":"publish","type":"product","link":"https:\/\/roveyayinevi.com.tr\/index.php\/urun\/kiyamet-oncesi-alem-bilgisi\/","title":{"rendered":"K\u0131yamet \u00d6ncesi Alem Bilgisi"},"content":{"rendered":"<p>\u015eirk-et Teknolojisi \/ G\u00f6ksel Kud\u00fcs \/ Muallak Kayas\u0131 (El-\u00c2yet\u00fc\u2019l-K\u00fcbra) Bu kitap \u2018Ruhun Dili\u2019yle yaz\u0131ld\u0131, \u2018Ruhun A\u015fk Hali\u2019 i\u00e7inde, \u2018Tevhid A\u015fk\u0131\u2019yla&#8230; Allah\u2019\u0131n g\u00fczel isimlerinin hepsiyle saf tutarak, El-\u00c2yet\u00fc\u2019l-K\u00fcbra gibi kendi \u2018kalem\u2019ini kullanarak\u2026 \u2018Yery\u00fcz\u00fc Halifesi\u2019 insan\u0131 hedef olan teknolojik sald\u0131r\u0131lara dur demek, ill\u00fczyonlar\u0131 bo\u015fa \u00e7\u0131kartmak, co*rona vir\u00fcsten \u00e7ok daha tehlikeli olan \u2018Dijital Vir\u00fcs\u2019 hakk\u0131nda sizleri uyarmak i\u00e7in yaz\u0131ld\u0131. Ve hi\u00e7biri komplo olmayan a\u015fa\u011f\u0131daki geli\u015fmeleri tek tek de\u015fifre etmek i\u00e7in:   \u2018Yapay Zeka\u2019n\u0131n \u2018\u015feylerin interneti\u2019 \u00fczerinden insan neslini yok etme \u00e7abalar\u0131n\u0131\u2026 \u2018Y\u00fcce Zeka\u2019ya ba\u011f\u0131ml\u0131 \u2018Yapay \u0130nsan\u2019 modelini, yar\u0131-tanr\u0131 \u2018Tekno-\u0130nsan\u2019\u0131\u2026 \u0130nsanlar\u0131 yer-alt\u0131 madenleriyle \u00e7ipleyip teknolojiyi bedenin i\u00e7inde ta\u015f\u0131maya zorlayacak zalim \u015firk-etleri&#8230; Dijital \u00f6l\u00fcms\u00fczl\u00fc\u011f\u00fc ve dijitalle\u015fmenin i\u00e7indeki delili\u011fe varan simetri tehlikesini\u2026 Herkesin 666 no\u2019lu barkod ta\u015f\u0131yaca\u011f\u0131 \u00d6jenik Uygarl\u0131\u011f\u0131\u2026 Genetik manip\u00fclasyonla \u00fcretilecek Adam Kadmon t\u00fcrevi s\u00fcper ve hiper t\u00fcrleri\u2026 Bakterilere enjekte edilmi\u015f vir\u00fcs anlam\u0131na gelen \u2018bakteriyofaj\u2019\u0131n ilk kez \u0130stanbul\u2019da ortaya \u00e7\u0131kaca\u011f\u0131n\u0131 iddia eden Dan Brown\u2019u\u2026 Bill Gates\u2019in g\u00fcne\u015fi karartma projesini\u2026 \u2018Genetik Veri Madencili\u011fi\u2019ni, Siyonistlerin hamisi Evangelistleri, The Economist dergisinin kapaklar\u0131n\u0131\u2026 D\u00fcnyam\u0131z\u0131 Mars yapmak isteyenleri, \u2018Yapay G\u00fcne\u015f\u2019i\u2026 Ellerindeki \u2018put ekran\u2019lara tapan dijital \u00e7a\u011f\u0131n \u2018Ruhsuz Cesetler\u2019ini\u2026 \u2018Mekanik \u0130nsan\u2019 temelli \u2018Teknolojik Tekillik\u2019 ve onun \u2018Konformist Robotlar\u2019\u0131n\u0131\u2026 \u0130lk k\u0131blemiz olan Kud\u00fcs\u2019\u00fcn i\u015fgal plan\u0131n\u0131\u2026 Kud\u00fcs\u2019ten semalara y\u00fckselmek i\u00e7in \u2018\u015feytan\u0131n bizzat kendisini korkun\u00e7 bir merdiven olarak kullanan\u2019 Tap\u0131nak\u00e7\u0131lar\u0131\u2026 Son n\u00fckleer sava\u015f\u0131 bitirmek i\u00e7in yine Kud\u00fcs\u2019ten d\u00fcnyaya indirilmesi planlanan \u2018Metalik Mesih\u2019i\u2026 \u2018Ruh\u2019u ve \u2018A\u015fk\u2019\u0131 bilemeyen \u015feytan\u0131!   T\u00fcm bunlar size k\u0131yameti hat\u0131rlatt\u0131 ise tela\u015flanmay\u0131n. K\u0131yamet \u00d6ncesi \u00c2lem Bilgisi sizi ve \u00e7ocuklar\u0131n\u0131z\u0131 ve in\u015fallah neslimizi koruyacak. Bir Z\u00fclkarneyn Seddi gibi\u2026 <\/p>\n","protected":false},"excerpt":{"rendered":"<p>\u015eirk-et Teknolojisi \/ G\u00f6ksel Kud\u00fcs \/ Muallak Kayas\u0131 (El-\u00c2yet\u00fc\u2019l-K\u00fcbra) Bu kitap \u2018Ruhun Dili\u2019yle yaz\u0131ld\u0131, \u2018Ruhun A\u015fk Hali\u2019 i\u00e7inde, \u2018Tevhid A\u015fk\u0131\u2019yla&#8230; Allah\u2019\u0131n g\u00fczel isimlerinin hepsiyle saf tutarak,<span class=\"excerpt-hellip\"> [\u2026]<\/span><\/p>\n","protected":false},"featured_media":0,"template":"","meta":{"_monsterinsights_skip_tracking":false,"_monsterinsights_sitenote_active":false,"_monsterinsights_sitenote_note":"","_monsterinsights_sitenote_category":0},"product_brand":[],"product_cat":[12718,12719,15238],"product_tag":[],"class_list":{"0":"post-724058","1":"product","2":"type-product","3":"status-publish","5":"product_cat-din","6":"product_cat-islam","7":"product_cat-tasavvuf","8":"pa_cilt-ciltsiz","9":"pa_tur-kitap","10":"pa_yayinevi-hayykitap","11":"pa_yazar-hayati-sir","13":"first","14":"instock","15":"sale","16":"shipping-taxable","17":"purchasable","18":"product-type-simple"},"_links":{"self":[{"href":"https:\/\/roveyayinevi.com.tr\/index.php\/wp-json\/wp\/v2\/product\/724058","targetHints":{"allow":["GET"]}}],"collection":[{"href":"https:\/\/roveyayinevi.com.tr\/index.php\/wp-json\/wp\/v2\/product"}],"about":[{"href":"https:\/\/roveyayinevi.com.tr\/index.php\/wp-json\/wp\/v2\/types\/product"}],"wp:attachment":[{"href":"https:\/\/roveyayinevi.com.tr\/index.php\/wp-json\/wp\/v2\/media?parent=724058"}],"wp:term":[{"taxonomy":"product_brand","embeddable":true,"href":"https:\/\/roveyayinevi.com.tr\/index.php\/wp-json\/wp\/v2\/product_brand?post=724058"},{"taxonomy":"product_cat","embeddable":true,"href":"https:\/\/roveyayinevi.com.tr\/index.php\/wp-json\/wp\/v2\/product_cat?post=724058"},{"taxonomy":"product_tag","embeddable":true,"href":"https:\/\/roveyayinevi.com.tr\/index.php\/wp-json\/wp\/v2\/product_tag?post=724058"}],"curies":[{"name":"wp","href":"https:\/\/api.w.org\/{rel}","templated":true}]}}