{"id":724045,"date":"2025-08-27T19:28:49","date_gmt":"2025-08-27T16:28:49","guid":{"rendered":"https:\/\/roveyayinevi.com.tr\/index.php\/urun\/letters-persanes\/"},"modified":"2026-04-16T02:31:54","modified_gmt":"2026-04-15T23:31:54","slug":"letters-persanes","status":"publish","type":"product","link":"https:\/\/roveyayinevi.com.tr\/index.php\/urun\/letters-persanes\/","title":{"rendered":"Letters Persanes"},"content":{"rendered":"<p>Au 18e si\u00e8cle, le voyage \u00e0 l\u2019Orient est \u00e0 la mode. Les peintres, les archeologistes et les \u00e9crivains aussi \u00e9taient sur la routes de l\u2019Orient. Pour son oeuvre Lettres Persanes, Montesquieu a profit\u00e9 de ce mouvement. Deux Persans, Usbek et Rica, se rendent en France, o\u00f9 ils s\u00e9journent quelques ann\u00e9es. Ils se livrent alors \u00e0 une comparaison entre les moeurs fran\u00e7aises et celles de leur propre pays, d\u00e9celant entre elles des \u00e9quivalences surprenantes et s&#8217;\u00e9tonnant aussi de l&#8217;\u00e9tranget\u00e9 de certaines pratiques europ\u00e9ennes. Dans ce roman, tout \u00e0 la fois s\u00e9rieux et dr\u00f4le, Montesquieu rassemble la correspondance fictive \u00e9chang\u00e9e entre deux voyageurs persans, Usbek et Rica, et leurs amis respectifs rest\u00e9s en Perse et prend le masque de l&#8217;Oriental musulman pour repr\u00e9senter autrement la soci\u00e9t\u00e9 de son \u00e9poque.<\/p>\n","protected":false},"excerpt":{"rendered":"<p>Au 18e si\u00e8cle, le voyage \u00e0 l\u2019Orient est \u00e0 la mode. Les peintres, les archeologistes et les \u00e9crivains aussi \u00e9taient sur la routes de l\u2019Orient. Pour<span class=\"excerpt-hellip\"> [\u2026]<\/span><\/p>\n","protected":false},"featured_media":0,"template":"","meta":{"_monsterinsights_skip_tracking":false,"_monsterinsights_sitenote_active":false,"_monsterinsights_sitenote_note":"","_monsterinsights_sitenote_category":0},"product_brand":[],"product_cat":[12472],"product_tag":[],"class_list":{"0":"post-724045","1":"product","2":"type-product","3":"status-publish","5":"product_cat-yabanci-dilde-kitaplar","6":"pa_cilt-ciltsiz","7":"pa_tur-kitap","8":"pa_yayinevi-ideal-kultur-yayincilik","9":"pa_yazar-montesquieu","11":"first","12":"instock","13":"sale","14":"shipping-taxable","15":"purchasable","16":"product-type-simple"},"_links":{"self":[{"href":"https:\/\/roveyayinevi.com.tr\/index.php\/wp-json\/wp\/v2\/product\/724045","targetHints":{"allow":["GET"]}}],"collection":[{"href":"https:\/\/roveyayinevi.com.tr\/index.php\/wp-json\/wp\/v2\/product"}],"about":[{"href":"https:\/\/roveyayinevi.com.tr\/index.php\/wp-json\/wp\/v2\/types\/product"}],"wp:attachment":[{"href":"https:\/\/roveyayinevi.com.tr\/index.php\/wp-json\/wp\/v2\/media?parent=724045"}],"wp:term":[{"taxonomy":"product_brand","embeddable":true,"href":"https:\/\/roveyayinevi.com.tr\/index.php\/wp-json\/wp\/v2\/product_brand?post=724045"},{"taxonomy":"product_cat","embeddable":true,"href":"https:\/\/roveyayinevi.com.tr\/index.php\/wp-json\/wp\/v2\/product_cat?post=724045"},{"taxonomy":"product_tag","embeddable":true,"href":"https:\/\/roveyayinevi.com.tr\/index.php\/wp-json\/wp\/v2\/product_tag?post=724045"}],"curies":[{"name":"wp","href":"https:\/\/api.w.org\/{rel}","templated":true}]}}