{"id":724043,"date":"2025-08-27T19:28:48","date_gmt":"2025-08-27T16:28:48","guid":{"rendered":"https:\/\/roveyayinevi.com.tr\/index.php\/urun\/du-contract-social-ou-principes-du-droit-politique\/"},"modified":"2026-04-16T02:31:54","modified_gmt":"2026-04-15T23:31:54","slug":"du-contract-social-ou-principes-du-droit-politique","status":"publish","type":"product","link":"https:\/\/roveyayinevi.com.tr\/index.php\/urun\/du-contract-social-ou-principes-du-droit-politique\/","title":{"rendered":"Du Contract Social Ou Principes Du Droit Politique"},"content":{"rendered":"<p>Paru en 1762, du Contrat Social, en affirmant le principe de souverainet\u00e9 du peuple, a constitu\u00e9 un tournant d\u00e9cisif pour la modernit\u00e9 et s\u2019est impos\u00e9 comme un des textes majeurs de la philosophie politique. II a aussi acquis le statut de monument, plus c\u00e9l\u00e8bre que connu, plus r\u00e9v\u00e9r\u00e9 qu\u2019interrog\u00e9. Retrouver, dans les formules fameuses et les pages d\u2019anthologie, le mouvement de la r\u00e9flexion et les questions vives qui nourrissent une \u0153uvre beaucoup plus probl\u00e9matique qu\u2019affirmative, c\u2019est d\u00e9couvrir une pens\u00e9e qui se tient au plus pr\u00e8s des pr\u00e9occupations d\u2019aujourd\u2019hui: comment int\u00e9grer les int\u00e9r\u00eats de tous dans la d\u00e9termination de l\u2019int\u00e9r\u00eat commun?Comment lutter contre la pente de tout gouvernement \u00e0 d\u00e9poss\u00e9der les citoyens de la souverainet\u00e9? Comment former en chacun ce sentiment d\u2019obligation sans lequel le lien social se d\u00e9fait?<\/p>\n","protected":false},"excerpt":{"rendered":"<p>Paru en 1762, du Contrat Social, en affirmant le principe de souverainet\u00e9 du peuple, a constitu\u00e9 un tournant d\u00e9cisif pour la modernit\u00e9 et s\u2019est impos\u00e9 comme<span class=\"excerpt-hellip\"> [\u2026]<\/span><\/p>\n","protected":false},"featured_media":0,"template":"","meta":{"_monsterinsights_skip_tracking":false,"_monsterinsights_sitenote_active":false,"_monsterinsights_sitenote_note":"","_monsterinsights_sitenote_category":0},"product_brand":[],"product_cat":[12472],"product_tag":[],"class_list":{"0":"post-724043","1":"product","2":"type-product","3":"status-publish","5":"product_cat-yabanci-dilde-kitaplar","6":"pa_cilt-ciltsiz","7":"pa_tur-kitap","8":"pa_yayinevi-ideal-kultur-yayincilik","9":"pa_yazar-jean-jacques-rousseau","11":"first","12":"instock","13":"sale","14":"shipping-taxable","15":"purchasable","16":"product-type-simple"},"_links":{"self":[{"href":"https:\/\/roveyayinevi.com.tr\/index.php\/wp-json\/wp\/v2\/product\/724043","targetHints":{"allow":["GET"]}}],"collection":[{"href":"https:\/\/roveyayinevi.com.tr\/index.php\/wp-json\/wp\/v2\/product"}],"about":[{"href":"https:\/\/roveyayinevi.com.tr\/index.php\/wp-json\/wp\/v2\/types\/product"}],"wp:attachment":[{"href":"https:\/\/roveyayinevi.com.tr\/index.php\/wp-json\/wp\/v2\/media?parent=724043"}],"wp:term":[{"taxonomy":"product_brand","embeddable":true,"href":"https:\/\/roveyayinevi.com.tr\/index.php\/wp-json\/wp\/v2\/product_brand?post=724043"},{"taxonomy":"product_cat","embeddable":true,"href":"https:\/\/roveyayinevi.com.tr\/index.php\/wp-json\/wp\/v2\/product_cat?post=724043"},{"taxonomy":"product_tag","embeddable":true,"href":"https:\/\/roveyayinevi.com.tr\/index.php\/wp-json\/wp\/v2\/product_tag?post=724043"}],"curies":[{"name":"wp","href":"https:\/\/api.w.org\/{rel}","templated":true}]}}