{"id":724042,"date":"2025-08-27T19:28:48","date_gmt":"2025-08-27T16:28:48","guid":{"rendered":"https:\/\/roveyayinevi.com.tr\/index.php\/urun\/brennendes-geheimnis\/"},"modified":"2026-04-16T02:31:54","modified_gmt":"2026-04-15T23:31:54","slug":"brennendes-geheimnis","status":"publish","type":"product","link":"https:\/\/roveyayinevi.com.tr\/index.php\/urun\/brennendes-geheimnis\/","title":{"rendered":"Brennendes  Geheimnis"},"content":{"rendered":"<p>Ein junger Baron nimmt sich einen Urlaub auf dem Semmering und ist entt\u00e4uscht und gelangweilt von der Gesellschaft, die er dort vorfindet. Sp\u00e4ter jedoch bemerkt er eine etwas angejahrte, aber immer noch attraktiv erscheinende j\u00fcdische Frau mit ihrem zw\u00f6lfj\u00e4hrigen Sohn Edgar. Der Baron freundet sich mit dem Jungen an und verspricht ihm unter anderem einen Hund, doch ihm geht es in erster Linie nur um Mathilde, dessen Mutter. Zweig beschreibt in seiner Erz\u00e4hlung die Entwicklung des Jungen und dessen Verh\u00e4ltnis zu seiner Mutter sowie dem Baron, seinem anfangs v\u00e4terlichen Freund. Besonders die Doppelmoral der damaligen Zeit, die gesellschaftlichen Standesunterschiede und das Gef\u00fchl, ausgenutzt zu werden, machen es dem Jungen schwer, sich zu orientieren. Schlie\u00dflich muss er sich aber seinen Gef\u00fchlen stellen und ihm wird klar, was es bedeutet, der Welt der Erwachsenen anzugeh\u00f6ren und deren Geheimnisse zu teilen.<\/p>\n","protected":false},"excerpt":{"rendered":"<p>Ein junger Baron nimmt sich einen Urlaub auf dem Semmering und ist entt\u00e4uscht und gelangweilt von der Gesellschaft, die er dort vorfindet. Sp\u00e4ter jedoch bemerkt er<span class=\"excerpt-hellip\"> [\u2026]<\/span><\/p>\n","protected":false},"featured_media":0,"template":"","meta":{"_monsterinsights_skip_tracking":false,"_monsterinsights_sitenote_active":false,"_monsterinsights_sitenote_note":"","_monsterinsights_sitenote_category":0},"product_brand":[],"product_cat":[12472],"product_tag":[],"class_list":{"0":"post-724042","1":"product","2":"type-product","3":"status-publish","5":"product_cat-yabanci-dilde-kitaplar","6":"pa_cilt-ciltsiz","7":"pa_tur-kitap","8":"pa_yayinevi-ideal-kultur-yayincilik","9":"pa_yazar-stefan-zweig","11":"first","12":"instock","13":"sale","14":"shipping-taxable","15":"purchasable","16":"product-type-simple"},"_links":{"self":[{"href":"https:\/\/roveyayinevi.com.tr\/index.php\/wp-json\/wp\/v2\/product\/724042","targetHints":{"allow":["GET"]}}],"collection":[{"href":"https:\/\/roveyayinevi.com.tr\/index.php\/wp-json\/wp\/v2\/product"}],"about":[{"href":"https:\/\/roveyayinevi.com.tr\/index.php\/wp-json\/wp\/v2\/types\/product"}],"wp:attachment":[{"href":"https:\/\/roveyayinevi.com.tr\/index.php\/wp-json\/wp\/v2\/media?parent=724042"}],"wp:term":[{"taxonomy":"product_brand","embeddable":true,"href":"https:\/\/roveyayinevi.com.tr\/index.php\/wp-json\/wp\/v2\/product_brand?post=724042"},{"taxonomy":"product_cat","embeddable":true,"href":"https:\/\/roveyayinevi.com.tr\/index.php\/wp-json\/wp\/v2\/product_cat?post=724042"},{"taxonomy":"product_tag","embeddable":true,"href":"https:\/\/roveyayinevi.com.tr\/index.php\/wp-json\/wp\/v2\/product_tag?post=724042"}],"curies":[{"name":"wp","href":"https:\/\/api.w.org\/{rel}","templated":true}]}}