{"id":724041,"date":"2025-08-27T19:28:47","date_gmt":"2025-08-27T16:28:47","guid":{"rendered":"https:\/\/roveyayinevi.com.tr\/index.php\/urun\/sessiz-sozcukler\/"},"modified":"2026-03-12T02:41:24","modified_gmt":"2026-03-11T23:41:24","slug":"sessiz-sozcukler","status":"publish","type":"product","link":"https:\/\/roveyayinevi.com.tr\/index.php\/urun\/sessiz-sozcukler\/","title":{"rendered":"Sessiz S\u00f6zc\u00fckler"},"content":{"rendered":"<p>Halbuki sessizlikti tek s\u0131\u011f\u0131nd\u0131\u011f\u0131. Kelimelerden c\u00fcmleler \u00fcretti\u011fi, onlar\u0131 yerli yersiz hayk\u0131rd\u0131\u011f\u0131 tek yerdi\u2026 \u00c7aresizliklerini g\u00f6zya\u015flar\u0131nda biriktirdi\u011fi ve onlar\u0131 y\u00fcre\u011fine ak\u0131tt\u0131\u011f\u0131, sonras\u0131nda kendiyle konu\u015ftu\u011fu ve kendiyle sessizli\u011fi aras\u0131nda kald\u0131\u011f\u0131 and\u0131\u2026Maalesef zor olan da buydu onun i\u00e7in. \u00c7\u00fcnk\u00fc kimin ne dedi\u011finin ne yapt\u0131\u011f\u0131n\u0131n \u00f6nemi yoktu\u2026 Etraf\u0131 \u00e7ok kalbal\u0131k ama bir o kadar da yaln\u0131zd\u0131\u2026 Onu anlayan tek yer sessizlikle bulu\u015ftu\u011fu and\u0131. Ruhunu orada dinlendirip, derdini onunla payla\u015f\u0131yordu\u2026 \u00c7\u00fcnk\u00fc biliyordu ne cevap verecek kimse var ne de ona kar\u015f\u0131l\u0131k verecek. B\u00f6yle mutluydu asl\u0131nda\u2026 \u00c7aresizli\u011fini dinleyen kendisi ve sessizlik birlik olmu\u015ftu\u2026 Sonu\u00e7 yine ayn\u0131yd\u0131. <\/p>\n","protected":false},"excerpt":{"rendered":"<p>Halbuki sessizlikti tek s\u0131\u011f\u0131nd\u0131\u011f\u0131. Kelimelerden c\u00fcmleler \u00fcretti\u011fi, onlar\u0131 yerli yersiz hayk\u0131rd\u0131\u011f\u0131 tek yerdi\u2026 \u00c7aresizliklerini g\u00f6zya\u015flar\u0131nda biriktirdi\u011fi ve onlar\u0131 y\u00fcre\u011fine ak\u0131tt\u0131\u011f\u0131, sonras\u0131nda kendiyle konu\u015ftu\u011fu ve kendiyle sessizli\u011fi<span class=\"excerpt-hellip\"> [\u2026]<\/span><\/p>\n","protected":false},"featured_media":0,"template":"","meta":{"_monsterinsights_skip_tracking":false,"_monsterinsights_sitenote_active":false,"_monsterinsights_sitenote_note":"","_monsterinsights_sitenote_category":0},"product_brand":[],"product_cat":[12291,12509],"product_tag":[],"class_list":{"0":"post-724041","1":"product","2":"type-product","3":"status-publish","5":"product_cat-edebiyat","6":"product_cat-siir","7":"pa_cilt-ciltsiz","8":"pa_tur-kitap","9":"pa_yayinevi-kirmizi-cati-yayinlari","10":"pa_yazar-dilek-salci","12":"first","13":"instock","14":"sale","15":"shipping-taxable","16":"purchasable","17":"product-type-simple"},"_links":{"self":[{"href":"https:\/\/roveyayinevi.com.tr\/index.php\/wp-json\/wp\/v2\/product\/724041","targetHints":{"allow":["GET"]}}],"collection":[{"href":"https:\/\/roveyayinevi.com.tr\/index.php\/wp-json\/wp\/v2\/product"}],"about":[{"href":"https:\/\/roveyayinevi.com.tr\/index.php\/wp-json\/wp\/v2\/types\/product"}],"wp:attachment":[{"href":"https:\/\/roveyayinevi.com.tr\/index.php\/wp-json\/wp\/v2\/media?parent=724041"}],"wp:term":[{"taxonomy":"product_brand","embeddable":true,"href":"https:\/\/roveyayinevi.com.tr\/index.php\/wp-json\/wp\/v2\/product_brand?post=724041"},{"taxonomy":"product_cat","embeddable":true,"href":"https:\/\/roveyayinevi.com.tr\/index.php\/wp-json\/wp\/v2\/product_cat?post=724041"},{"taxonomy":"product_tag","embeddable":true,"href":"https:\/\/roveyayinevi.com.tr\/index.php\/wp-json\/wp\/v2\/product_tag?post=724041"}],"curies":[{"name":"wp","href":"https:\/\/api.w.org\/{rel}","templated":true}]}}