{"id":724039,"date":"2025-08-27T19:28:45","date_gmt":"2025-08-27T16:28:45","guid":{"rendered":"https:\/\/roveyayinevi.com.tr\/index.php\/urun\/turkiyede-cok-yilli-butceleme\/"},"modified":"2026-04-16T02:31:54","modified_gmt":"2026-04-15T23:31:54","slug":"turkiyede-cok-yilli-butceleme","status":"publish","type":"product","link":"https:\/\/roveyayinevi.com.tr\/index.php\/urun\/turkiyede-cok-yilli-butceleme\/","title":{"rendered":"T\u00fcrkiye&#8217;de \u00c7ok Y\u0131ll\u0131 B\u00fct\u00e7eleme"},"content":{"rendered":"<p>\u0130\u00e7indekiler   1.      Kamu b\u00fct\u00e7eleme sistemleri ve \u00e7ok y\u0131ll\u0131 b\u00fct\u00e7eleme 2.      T\u00fcrk b\u00fct\u00e7e reformunun nedenleri 3.      T\u00fcrkiye\u2019de \u00e7ok y\u0131ll\u0131 b\u00fct\u00e7eleme uygulamas\u0131 <\/p>\n","protected":false},"excerpt":{"rendered":"<p>\u0130\u00e7indekiler 1. Kamu b\u00fct\u00e7eleme sistemleri ve \u00e7ok y\u0131ll\u0131 b\u00fct\u00e7eleme 2. T\u00fcrk b\u00fct\u00e7e reformunun nedenleri 3. T\u00fcrkiye\u2019de \u00e7ok y\u0131ll\u0131 b\u00fct\u00e7eleme uygulamas\u0131<\/p>\n","protected":false},"featured_media":0,"template":"","meta":{"_monsterinsights_skip_tracking":false,"_monsterinsights_sitenote_active":false,"_monsterinsights_sitenote_note":"","_monsterinsights_sitenote_category":0},"product_brand":[],"product_cat":[13043,14381],"product_tag":[],"class_list":{"0":"post-724039","1":"product","2":"type-product","3":"status-publish","5":"product_cat-ekonomi","6":"product_cat-isletme-muhasebe-maliye","7":"pa_cilt-ciltsiz","8":"pa_tur-kitap","9":"pa_yayinevi-gazi-kitabevi","10":"pa_yazar-hayrettin-tuleykan","12":"first","13":"instock","14":"sale","15":"shipping-taxable","16":"purchasable","17":"product-type-simple"},"_links":{"self":[{"href":"https:\/\/roveyayinevi.com.tr\/index.php\/wp-json\/wp\/v2\/product\/724039","targetHints":{"allow":["GET"]}}],"collection":[{"href":"https:\/\/roveyayinevi.com.tr\/index.php\/wp-json\/wp\/v2\/product"}],"about":[{"href":"https:\/\/roveyayinevi.com.tr\/index.php\/wp-json\/wp\/v2\/types\/product"}],"wp:attachment":[{"href":"https:\/\/roveyayinevi.com.tr\/index.php\/wp-json\/wp\/v2\/media?parent=724039"}],"wp:term":[{"taxonomy":"product_brand","embeddable":true,"href":"https:\/\/roveyayinevi.com.tr\/index.php\/wp-json\/wp\/v2\/product_brand?post=724039"},{"taxonomy":"product_cat","embeddable":true,"href":"https:\/\/roveyayinevi.com.tr\/index.php\/wp-json\/wp\/v2\/product_cat?post=724039"},{"taxonomy":"product_tag","embeddable":true,"href":"https:\/\/roveyayinevi.com.tr\/index.php\/wp-json\/wp\/v2\/product_tag?post=724039"}],"curies":[{"name":"wp","href":"https:\/\/api.w.org\/{rel}","templated":true}]}}