{"id":724037,"date":"2025-08-27T19:28:44","date_gmt":"2025-08-27T16:28:44","guid":{"rendered":"https:\/\/roveyayinevi.com.tr\/index.php\/urun\/inovasyon-ve-pazarlama\/"},"modified":"2026-04-16T02:31:54","modified_gmt":"2026-04-15T23:31:54","slug":"inovasyon-ve-pazarlama","status":"publish","type":"product","link":"https:\/\/roveyayinevi.com.tr\/index.php\/urun\/inovasyon-ve-pazarlama\/","title":{"rendered":"\u0130novasyon ve Pazarlama"},"content":{"rendered":"<p>\u0130\u00e7indekiler   1.      Pazarlama odakl\u0131 inovasyon bak\u0131\u015f a\u00e7\u0131s\u0131 2.      \u0130novasyon kavram\u0131 ve pazarlama 3.      \u0130novasyonun m\u00fc\u015fteriler a\u00e7\u0131s\u0131ndan \u00f6nemi ve m\u00fc\u015fteriler ile i\u015f birli\u011fine dayal\u0131 inovasyon s\u00fcreci 4.      \u00dcr\u00fcn inovasyonu 5.      S\u00fcre\u00e7 inovasyonu 6.      \u0130novasyon fiyatland\u0131rma ve inovasyonlar\u0131n da\u011f\u0131l\u0131m\u0131 7.      Da\u011f\u0131t\u0131m kanal\u0131nda inovasyon stratejileri 8.      Tutundurma karmas\u0131 uygulamalar\u0131nda inovasyon 9.      B\u00fct\u00fcnle\u015fik inovasyon ileti\u015fimi 10.  Pazarlamada inovasyon ara\u015ft\u0131rmlar\u0131 11.  K\u00fcresel inovasyon 12.  \u0130novasyon temelli giri\u015fimcilik pazarlamas\u0131 <\/p>\n","protected":false},"excerpt":{"rendered":"<p>\u0130\u00e7indekiler 1. Pazarlama odakl\u0131 inovasyon bak\u0131\u015f a\u00e7\u0131s\u0131 2. \u0130novasyon kavram\u0131 ve pazarlama 3. \u0130novasyonun m\u00fc\u015fteriler a\u00e7\u0131s\u0131ndan \u00f6nemi ve m\u00fc\u015fteriler ile i\u015f birli\u011fine dayal\u0131 inovasyon s\u00fcreci 4.<span class=\"excerpt-hellip\"> [\u2026]<\/span><\/p>\n","protected":false},"featured_media":0,"template":"","meta":{"_monsterinsights_skip_tracking":false,"_monsterinsights_sitenote_active":false,"_monsterinsights_sitenote_note":"","_monsterinsights_sitenote_category":0},"product_brand":[],"product_cat":[13043,17492],"product_tag":[],"class_list":{"0":"post-724037","1":"product","2":"type-product","3":"status-publish","5":"product_cat-ekonomi","6":"product_cat-pazarlama-satis-reklam","7":"pa_cilt-ciltsiz","8":"pa_tur-kitap","9":"pa_yayinevi-gazi-kitabevi","10":"pa_yazar-kolektif","12":"first","13":"instock","14":"sale","15":"shipping-taxable","16":"purchasable","17":"product-type-simple"},"_links":{"self":[{"href":"https:\/\/roveyayinevi.com.tr\/index.php\/wp-json\/wp\/v2\/product\/724037","targetHints":{"allow":["GET"]}}],"collection":[{"href":"https:\/\/roveyayinevi.com.tr\/index.php\/wp-json\/wp\/v2\/product"}],"about":[{"href":"https:\/\/roveyayinevi.com.tr\/index.php\/wp-json\/wp\/v2\/types\/product"}],"wp:attachment":[{"href":"https:\/\/roveyayinevi.com.tr\/index.php\/wp-json\/wp\/v2\/media?parent=724037"}],"wp:term":[{"taxonomy":"product_brand","embeddable":true,"href":"https:\/\/roveyayinevi.com.tr\/index.php\/wp-json\/wp\/v2\/product_brand?post=724037"},{"taxonomy":"product_cat","embeddable":true,"href":"https:\/\/roveyayinevi.com.tr\/index.php\/wp-json\/wp\/v2\/product_cat?post=724037"},{"taxonomy":"product_tag","embeddable":true,"href":"https:\/\/roveyayinevi.com.tr\/index.php\/wp-json\/wp\/v2\/product_tag?post=724037"}],"curies":[{"name":"wp","href":"https:\/\/api.w.org\/{rel}","templated":true}]}}