{"id":724033,"date":"2025-08-27T19:28:41","date_gmt":"2025-08-27T16:28:41","guid":{"rendered":"https:\/\/roveyayinevi.com.tr\/index.php\/urun\/virus-uc-aylik-kultur-sanat-ve-edebiyat-ortak-kitabi-sayi-3-nisan-mayis-haziran-2020\/"},"modified":"2026-04-16T02:31:54","modified_gmt":"2026-04-15T23:31:54","slug":"virus-uc-aylik-kultur-sanat-ve-edebiyat-ortak-kitabi-sayi-3-nisan-mayis-haziran-2020","status":"publish","type":"product","link":"https:\/\/roveyayinevi.com.tr\/index.php\/urun\/virus-uc-aylik-kultur-sanat-ve-edebiyat-ortak-kitabi-sayi-3-nisan-mayis-haziran-2020\/","title":{"rendered":"Vir\u00fcs \u00dc\u00e7 Ayl\u0131k K\u00fclt\u00fcr\u2013Sanat ve Edebiyat Ortak Kitab\u0131 &#8211; Say\u0131 3 Nisan \u2013 May\u0131s \u2013 Haziran 2020"},"content":{"rendered":"<p>V\u0130R\u00dcS (Say\u0131: 3 Nisan \u2013 May\u0131s \u2013 Haziran 2020) \u00dc\u00e7 Ayl\u0131k K\u00fclt\u00fcr \u2013 Sanat ve Edebiyat Ortak Kitab\u0131                V\u0130R\u00dcS\u2019\u00fcn ilk iki say\u0131s\u0131n\u0131 ilgiyle kar\u015f\u0131layan, sesimize ses veren herkese te\u015fekk\u00fcr ediyoruz\u2026 \u201cV\u0130R\u00dcS\u201d\u00fcn 3. say\u0131s\u0131 a\u015fa\u011f\u0131daki dostlar\u0131m\u0131zla birlikte elinize\u2026             Fikret MUALL\u00c2 Ahmed AR\u0130F Ahmet TELL\u0130 ADON\u0130S Hilmi YAVUZ G\u00fcven TURAN Mehmet R\u0130FAT \u0130smail Mert BA\u015eAT Tahir ABACI Adriana BULZ Nazmi A\u011eIL Ahmet \u00d6NEL Mehmet YA\u015eIN Yi\u011fit BENER Nedim G\u00dcRSEL Jose Luis Reine PALAZON Semiramis YA\u011eCIO\u011eLU Tar\u0131k G\u00dcNERSEL Kadire BOZKURT H\u00fcseyin FERHAD \u015e\u00fckr\u00fc ERBA\u015e Burak ABATAY A. \u00d6mer T\u00dcRKE\u015e Haydar ERG\u00dcLEN Mevsim YEN\u0130CE Yevgeni SULES U\u011fur B\u00dcKE Emirhan O\u011eUZ Orhan ALKAYA Sevtap AYYILDIZ Arife KALENDER Adil \u0130ZC\u0130 Tozan ALKAN Funda MENG\u0130LL\u0130 Andras GEREVICH \u00d6zge CENG\u0130Z Irmak Z\u0130LEL\u0130 Neslihan \u00d6NDERO\u011eLU Faize \u00d6ZDEM\u0130RC\u0130LER \u015eeref B\u0130LSEL Taner AY Levent Turhan G\u00dcM\u00dc\u015e Ay\u015fe Nihal AKBULUT Altay \u00d6KTEM Atakan YAVUZ \u00d6mer ERDEM Nesimi ADAY Ozan \u00d6ZTEPE Soner DEM\u0130RBA\u015e \u0130nci AYDIN \u00c7OLAK H\u00fcseyin YURTDA\u015e Phibby VENABLE Cihat SALMAN Bet\u00fcl D\u00dcNDER Baran BARI\u015e Lal LALE\u015e Esat \u015eENYUVA Cevahir BEDEL Devrim HORLU Ali Ebu HATTAB Mehmet Hakk\u0131 SU\u00c7\u0130N Yevgeni STEPANOV Nakahara CHUYA \u0130nan \u00d6NER Mathieu GABARD Reha Y\u00dcNL\u00dcEL Ahmet SAY Mete \u00d6ZEL Evrim ALTU\u011e Hasan \u00c7AKIR<\/p>\n","protected":false},"excerpt":{"rendered":"<p>V\u0130R\u00dcS (Say\u0131: 3 Nisan \u2013 May\u0131s \u2013 Haziran 2020) \u00dc\u00e7 Ayl\u0131k K\u00fclt\u00fcr \u2013 Sanat ve Edebiyat Ortak Kitab\u0131 V\u0130R\u00dcS\u2019\u00fcn ilk iki say\u0131s\u0131n\u0131 ilgiyle kar\u015f\u0131layan, sesimize ses<span class=\"excerpt-hellip\"> [\u2026]<\/span><\/p>\n","protected":false},"featured_media":0,"template":"","meta":{"_monsterinsights_skip_tracking":false,"_monsterinsights_sitenote_active":false,"_monsterinsights_sitenote_note":"","_monsterinsights_sitenote_category":0},"product_brand":[],"product_cat":[13527],"product_tag":[],"class_list":{"0":"post-724033","1":"product","2":"type-product","3":"status-publish","5":"product_cat-sureli-yayinlar","6":"pa_cilt-ciltsiz","7":"pa_tur-dergi","8":"pa_yayinevi-virus-dergisi","9":"pa_yazar-kolektif","11":"first","12":"instock","13":"sale","14":"shipping-taxable","15":"purchasable","16":"product-type-simple"},"_links":{"self":[{"href":"https:\/\/roveyayinevi.com.tr\/index.php\/wp-json\/wp\/v2\/product\/724033","targetHints":{"allow":["GET"]}}],"collection":[{"href":"https:\/\/roveyayinevi.com.tr\/index.php\/wp-json\/wp\/v2\/product"}],"about":[{"href":"https:\/\/roveyayinevi.com.tr\/index.php\/wp-json\/wp\/v2\/types\/product"}],"wp:attachment":[{"href":"https:\/\/roveyayinevi.com.tr\/index.php\/wp-json\/wp\/v2\/media?parent=724033"}],"wp:term":[{"taxonomy":"product_brand","embeddable":true,"href":"https:\/\/roveyayinevi.com.tr\/index.php\/wp-json\/wp\/v2\/product_brand?post=724033"},{"taxonomy":"product_cat","embeddable":true,"href":"https:\/\/roveyayinevi.com.tr\/index.php\/wp-json\/wp\/v2\/product_cat?post=724033"},{"taxonomy":"product_tag","embeddable":true,"href":"https:\/\/roveyayinevi.com.tr\/index.php\/wp-json\/wp\/v2\/product_tag?post=724033"}],"curies":[{"name":"wp","href":"https:\/\/api.w.org\/{rel}","templated":true}]}}