{"id":724028,"date":"2025-08-27T19:28:32","date_gmt":"2025-08-27T16:28:32","guid":{"rendered":"https:\/\/roveyayinevi.com.tr\/index.php\/urun\/bocekler-gezegeni\/"},"modified":"2026-04-16T02:31:54","modified_gmt":"2026-04-15T23:31:54","slug":"bocekler-gezegeni","status":"publish","type":"product","link":"https:\/\/roveyayinevi.com.tr\/index.php\/urun\/bocekler-gezegeni\/","title":{"rendered":"B\u00f6cekler Gezegeni"},"content":{"rendered":"<p>B\u00f6ceklerin gezegeni de\u011fi\u015fiyor. Ekosistemin dengesi son y\u00fczy\u0131lda, daha \u00f6nce insanl\u0131k tarihinde g\u00f6r\u00fclmemi\u015f bir h\u0131zda bozuluyor.Yery\u00fcz\u00fcn\u00fcn tatl\u0131 su kaynaklar\u0131n\u0131 giderek daha fazla t\u00fcketiyoruz. O kadar fazla plastik \u00fcretip att\u0131k ki, gelecek ku\u015faklar bunlara tortullarda rastlayacak. Her y\u0131l b\u00fcy\u00fck miktarda kimyasal\u0131 do\u011faya b\u0131rak\u0131yoruz. Bilin\u00e7li ya da bilin\u00e7siz, t\u00fcrleri yerlerinden ediyoruz.T\u00fcm bunlar b\u00f6cekleri de etkiliyor. Ve b\u00f6cekleri etkileyen her \u015fey bizi de etkiliyor. B\u00f6cek t\u00fcrlerinin say\u0131s\u0131ndaki azalma ya da b\u00f6ceklerin yok olmas\u0131 ekosistemde sudaki halkalar gibi bir etkiyle \u00e7ok b\u00fcy\u00fck sonu\u00e7lara yol a\u00e7acakt\u0131r.Neyse ki, t\u00fcm b\u00f6cekleri yok edebilmeyi asla beceremeyiz. Ama bu k\u00fc\u00e7\u00fck dostlar\u0131m\u0131z\u0131 yak\u0131ndan tan\u0131mam\u0131z ve onlara daha fazla \u00f6zen g\u00f6stermemizde fayda var. Yery\u00fcz\u00fcnde 479 milyon y\u0131ld\u0131r bulunmalar\u0131na ra\u011fmen \u015fimdilerde ba\u015flar\u0131 dertte.Anne Sverdrup-Thygeson, Norve\u00e7 Ya\u015fam Bilimleri \u00dcniversitesi (NMBU) koruma biyolojisi profes\u00f6r\u00fc, ayn\u0131 zamanda Norve\u00e7 Do\u011fa Ara\u015ft\u0131rmalar\u0131 Enstit\u00fcs\u00fc\u2019nde (NINA) bilim dan\u0131\u015fman\u0131d\u0131r.<\/p>\n","protected":false},"excerpt":{"rendered":"<p>B\u00f6ceklerin gezegeni de\u011fi\u015fiyor. Ekosistemin dengesi son y\u00fczy\u0131lda, daha \u00f6nce insanl\u0131k tarihinde g\u00f6r\u00fclmemi\u015f bir h\u0131zda bozuluyor.Yery\u00fcz\u00fcn\u00fcn tatl\u0131 su kaynaklar\u0131n\u0131 giderek daha fazla t\u00fcketiyoruz. O kadar fazla plastik<span class=\"excerpt-hellip\"> [\u2026]<\/span><\/p>\n","protected":false},"featured_media":0,"template":"","meta":{"_monsterinsights_skip_tracking":false,"_monsterinsights_sitenote_active":false,"_monsterinsights_sitenote_note":"","_monsterinsights_sitenote_category":0},"product_brand":[],"product_cat":[13005,13006],"product_tag":[],"class_list":{"0":"post-724028","1":"product","2":"type-product","3":"status-publish","5":"product_cat-bilim-muhendislik","6":"product_cat-populer-bilim","7":"pa_cilt-ciltsiz","8":"pa_tur-kitap","9":"pa_yayinevi-koc-universitesi-yayinlari","10":"pa_yazar-anne-sverdrup-thygeson","12":"first","13":"instock","14":"sale","15":"shipping-taxable","16":"purchasable","17":"product-type-simple"},"_links":{"self":[{"href":"https:\/\/roveyayinevi.com.tr\/index.php\/wp-json\/wp\/v2\/product\/724028","targetHints":{"allow":["GET"]}}],"collection":[{"href":"https:\/\/roveyayinevi.com.tr\/index.php\/wp-json\/wp\/v2\/product"}],"about":[{"href":"https:\/\/roveyayinevi.com.tr\/index.php\/wp-json\/wp\/v2\/types\/product"}],"wp:attachment":[{"href":"https:\/\/roveyayinevi.com.tr\/index.php\/wp-json\/wp\/v2\/media?parent=724028"}],"wp:term":[{"taxonomy":"product_brand","embeddable":true,"href":"https:\/\/roveyayinevi.com.tr\/index.php\/wp-json\/wp\/v2\/product_brand?post=724028"},{"taxonomy":"product_cat","embeddable":true,"href":"https:\/\/roveyayinevi.com.tr\/index.php\/wp-json\/wp\/v2\/product_cat?post=724028"},{"taxonomy":"product_tag","embeddable":true,"href":"https:\/\/roveyayinevi.com.tr\/index.php\/wp-json\/wp\/v2\/product_tag?post=724028"}],"curies":[{"name":"wp","href":"https:\/\/api.w.org\/{rel}","templated":true}]}}