{"id":724027,"date":"2025-08-27T19:28:31","date_gmt":"2025-08-27T16:28:31","guid":{"rendered":"https:\/\/roveyayinevi.com.tr\/index.php\/urun\/museyyeb-gazi-destani\/"},"modified":"2026-04-16T02:31:54","modified_gmt":"2026-04-15T23:31:54","slug":"museyyeb-gazi-destani","status":"publish","type":"product","link":"https:\/\/roveyayinevi.com.tr\/index.php\/urun\/museyyeb-gazi-destani\/","title":{"rendered":"M\u00fcseyyeb Gazi Destan\u0131"},"content":{"rendered":"<p>Destanlar, bir milletin tarihindeki \u00e7ok derin ve m\u00fchim olaylar i\u00e7in yaz\u0131l\u0131r veya s\u00f6ylenir.T\u00fcrk milleti varl\u0131k yokluk m\u00fccadelesi verdi\u011fi olaylar\u0131 destanlar\u0131na ta\u015f\u0131m\u0131\u015ft\u0131r. Bununla birlikte mensubu bulundu\u011fu dinin \u00f6nemli ki\u015filerini ve olaylar\u0131n\u0131 da destanla\u015ft\u0131rm\u0131\u015ft\u0131r. Bunlardan biri de M\u00fcseyyeb Gazi Destan\u0131\u2019d\u0131r. Destan, 680 y\u0131l\u0131nda meydana gelen Kerbela Olay\u0131\u2019ndan sonraki geli\u015fmeleri konu edinmektedir. Hazret-i H\u00fcseyin \u015fehit edildi\u011finde, sa\u011f kalan say\u0131l\u0131 ki\u015filerden olan \u0130mam Zeynelabidin zindana at\u0131lm\u0131\u015ft\u0131r. Demek ki M\u00fcseyyeb Gazi Destan\u0131\u2019ndaki olaylar\u0131n ba\u015flang\u0131c\u0131 ve M\u00fcseyyeb Gazi\u2019nin tarih sahnesine \u00e7\u0131k\u0131\u015f\u0131, yakla\u015f\u0131k 690-695 y\u0131llar\u0131 aras\u0131nda olmal\u0131d\u0131r. M\u00fcseyyeb Gazi Destan\u0131\u2019n\u0131n ne zaman ve kim taraf\u0131ndan kaleme al\u0131nd\u0131\u011f\u0131 ayd\u0131nl\u0131\u011fa kavu\u015fturulamam\u0131\u015ft\u0131r. Fakat Battal Gazi Destan\u0131\u2019n\u0131 okuyan biri taraf\u0131ndan yaz\u0131ld\u0131\u011f\u0131 kesin gibi g\u00f6r\u00fcnmektedir. Yaz\u0131l\u0131\u015f\u0131 1480\u2019de bitirilen Saltuk Gazi Destan\u0131\u2019nda ise M\u00fcseyyeb Gazi Destan\u0131\u2019ndaki olaylar k\u0131saca \u00f6zetlenmi\u015ftir. B\u00fct\u00fcn bunlar\u0131n yan\u0131nda kullan\u0131lan s\u00f6z varl\u0131\u011f\u0131 ve dil \u00f6zelliklerini de dikkate ald\u0131\u011f\u0131m\u0131zda M\u00fcseyyeb Gazi Destan\u0131\u2019n\u0131n yaz\u0131l\u0131\u015f tarihi net olmamakla beraber, 1300-1400 y\u0131llar\u0131 aras\u0131nda kaleme al\u0131nd\u0131\u011f\u0131n\u0131 s\u00f6ylemek m\u00fcmk\u00fcnd\u00fcr. M\u00fcseyyeb Gazi Destan\u0131; Kerbela Olay\u0131\u2019ndan sonra, T\u00fcrk milletinin yap\u0131lan haks\u0131zlardan ald\u0131\u011f\u0131 bir t\u00fcr hayal\u00ee intikamd\u0131r, denilebilir. Zira Hz. Peygamber\u2019in torunu ve Hz. Ali\u2019nin o\u011flu Hz. H\u00fcseyin\u2019e yap\u0131lan haks\u0131zl\u0131k ve onun feci bi\u00e7imde \u015fehit edilmesi, M\u00fcsl\u00fcman T\u00fcrk milletinin her ferdini \u00e7ok derinden yaralam\u0131\u015ft\u0131r\u2026Ve o yara h\u00e2l\u00e2 s\u0131zlamaktad\u0131r.<\/p>\n","protected":false},"excerpt":{"rendered":"<p>Destanlar, bir milletin tarihindeki \u00e7ok derin ve m\u00fchim olaylar i\u00e7in yaz\u0131l\u0131r veya s\u00f6ylenir.T\u00fcrk milleti varl\u0131k yokluk m\u00fccadelesi verdi\u011fi olaylar\u0131 destanlar\u0131na ta\u015f\u0131m\u0131\u015ft\u0131r. Bununla birlikte mensubu bulundu\u011fu dinin<span class=\"excerpt-hellip\"> [\u2026]<\/span><\/p>\n","protected":false},"featured_media":0,"template":"","meta":{"_monsterinsights_skip_tracking":false,"_monsterinsights_sitenote_active":false,"_monsterinsights_sitenote_note":"","_monsterinsights_sitenote_category":0},"product_brand":[],"product_cat":[12291,13706],"product_tag":[],"class_list":{"0":"post-724027","1":"product","2":"type-product","3":"status-publish","5":"product_cat-edebiyat","6":"product_cat-efsane-destan-masal","7":"pa_cilt-ciltsiz","8":"pa_tur-kitap","9":"pa_yayinevi-otuken-nesriyat","10":"pa_yazar-necati-demir","12":"first","13":"instock","14":"sale","15":"shipping-taxable","16":"purchasable","17":"product-type-simple"},"_links":{"self":[{"href":"https:\/\/roveyayinevi.com.tr\/index.php\/wp-json\/wp\/v2\/product\/724027","targetHints":{"allow":["GET"]}}],"collection":[{"href":"https:\/\/roveyayinevi.com.tr\/index.php\/wp-json\/wp\/v2\/product"}],"about":[{"href":"https:\/\/roveyayinevi.com.tr\/index.php\/wp-json\/wp\/v2\/types\/product"}],"wp:attachment":[{"href":"https:\/\/roveyayinevi.com.tr\/index.php\/wp-json\/wp\/v2\/media?parent=724027"}],"wp:term":[{"taxonomy":"product_brand","embeddable":true,"href":"https:\/\/roveyayinevi.com.tr\/index.php\/wp-json\/wp\/v2\/product_brand?post=724027"},{"taxonomy":"product_cat","embeddable":true,"href":"https:\/\/roveyayinevi.com.tr\/index.php\/wp-json\/wp\/v2\/product_cat?post=724027"},{"taxonomy":"product_tag","embeddable":true,"href":"https:\/\/roveyayinevi.com.tr\/index.php\/wp-json\/wp\/v2\/product_tag?post=724027"}],"curies":[{"name":"wp","href":"https:\/\/api.w.org\/{rel}","templated":true}]}}