{"id":724026,"date":"2025-08-27T19:28:30","date_gmt":"2025-08-27T16:28:30","guid":{"rendered":"https:\/\/roveyayinevi.com.tr\/index.php\/urun\/sogut-turk-edebiyati-dergisi-sayi-02-mart-nisan-2020\/"},"modified":"2026-04-16T02:31:54","modified_gmt":"2026-04-15T23:31:54","slug":"sogut-turk-edebiyati-dergisi-sayi-02-mart-nisan-2020","status":"publish","type":"product","link":"https:\/\/roveyayinevi.com.tr\/index.php\/urun\/sogut-turk-edebiyati-dergisi-sayi-02-mart-nisan-2020\/","title":{"rendered":"S\u00f6\u011f\u00fct &#8211; T\u00fcrk Edebiyat\u0131 Dergisi Say\u0131 02 \/ Mart &#8211; Nisan 2020"},"content":{"rendered":"<p>R\u00f6portaj : Naz\u0131m H. Polat \/ Bir Asr\u0131n Ard\u0131ndan \u00d6mer Seyfettin\u2019e Bakmak 2. R\u00f6portaj : H\u00fclya Argun\u015fah \/ \u00d6mer Seyfettin\u2019i Yeniden D\u00fc\u015f\u00fcnmek 3. Deneme \/ Cengizhan Orak\u00e7\u0131 \/ T\u00fcrk\u00e7enin R\u00fcyas\u0131n\u0131 G\u00f6ren Adam 4. \u0130nceleme \/ Metin Sava\u015f \/\u00d6mer Seyfettin\u2019in \u0130ki Yergi \u00d6yk\u00fcs\u00fc 5. Deneme \/ Muaz Erg\u00fc \/ Bir Hikayecinin Trajedisi 6. \u0130nceleme \/ Alp Paksoy \/Kald\u0131\u011f\u0131 Yerden Yeni Lisan 7. Deneme \/ \u015eerif Aydemir \/ Bize Masal\u0131ms\u0131 Tatlar Hediye Eden Yazar 8. \u0130nceleme \/ Ali Necip Erdo\u011fan \/ \u00d6mer Seyfettin F\u0131kralar\u0131nda Toplumsal Ele\u015ftiri 9. \u0130nceleme \/ Tahsin Y\u0131ld\u0131r\u0131m \/ \u00d6mer Seyfettin\u2019in E\u015fi Calibe Han\u0131ma Dair <\/p>\n","protected":false},"excerpt":{"rendered":"<p>R\u00f6portaj : Naz\u0131m H. Polat \/ Bir Asr\u0131n Ard\u0131ndan \u00d6mer Seyfettin\u2019e Bakmak 2. R\u00f6portaj : H\u00fclya Argun\u015fah \/ \u00d6mer Seyfettin\u2019i Yeniden D\u00fc\u015f\u00fcnmek 3. Deneme \/ Cengizhan<span class=\"excerpt-hellip\"> [\u2026]<\/span><\/p>\n","protected":false},"featured_media":0,"template":"","meta":{"_monsterinsights_skip_tracking":false,"_monsterinsights_sitenote_active":false,"_monsterinsights_sitenote_note":"","_monsterinsights_sitenote_category":0},"product_brand":[],"product_cat":[13527],"product_tag":[],"class_list":{"0":"post-724026","1":"product","2":"type-product","3":"status-publish","5":"product_cat-sureli-yayinlar","6":"pa_cilt-ciltsiz","7":"pa_tur-dergi","8":"pa_yayinevi-otuken-nesriyat","9":"pa_yazar-kolektif","11":"first","12":"instock","13":"sale","14":"shipping-taxable","15":"purchasable","16":"product-type-simple"},"_links":{"self":[{"href":"https:\/\/roveyayinevi.com.tr\/index.php\/wp-json\/wp\/v2\/product\/724026","targetHints":{"allow":["GET"]}}],"collection":[{"href":"https:\/\/roveyayinevi.com.tr\/index.php\/wp-json\/wp\/v2\/product"}],"about":[{"href":"https:\/\/roveyayinevi.com.tr\/index.php\/wp-json\/wp\/v2\/types\/product"}],"wp:attachment":[{"href":"https:\/\/roveyayinevi.com.tr\/index.php\/wp-json\/wp\/v2\/media?parent=724026"}],"wp:term":[{"taxonomy":"product_brand","embeddable":true,"href":"https:\/\/roveyayinevi.com.tr\/index.php\/wp-json\/wp\/v2\/product_brand?post=724026"},{"taxonomy":"product_cat","embeddable":true,"href":"https:\/\/roveyayinevi.com.tr\/index.php\/wp-json\/wp\/v2\/product_cat?post=724026"},{"taxonomy":"product_tag","embeddable":true,"href":"https:\/\/roveyayinevi.com.tr\/index.php\/wp-json\/wp\/v2\/product_tag?post=724026"}],"curies":[{"name":"wp","href":"https:\/\/api.w.org\/{rel}","templated":true}]}}