{"id":724024,"date":"2025-08-27T19:28:29","date_gmt":"2025-08-27T16:28:29","guid":{"rendered":"https:\/\/roveyayinevi.com.tr\/index.php\/urun\/bagimliliga-giden-yolun-sosyolojik-ve-psikiyatrik-yonleri\/"},"modified":"2026-04-16T02:31:54","modified_gmt":"2026-04-15T23:31:54","slug":"bagimliliga-giden-yolun-sosyolojik-ve-psikiyatrik-yonleri","status":"publish","type":"product","link":"https:\/\/roveyayinevi.com.tr\/index.php\/urun\/bagimliliga-giden-yolun-sosyolojik-ve-psikiyatrik-yonleri\/","title":{"rendered":"Ba\u011f\u0131ml\u0131l\u0131\u011fa Giden Yolun Sosyolojik ve Psikiyatrik Y\u00f6nleri"},"content":{"rendered":"<p>Alan\u0131nda uzman bilim insanlar\u0131n\u0131n haz\u0131rlam\u0131\u015f oldu\u011fu bu kitap, \u00f6zellikle gen\u00e7ler aras\u0131ndaki madde ba\u011f\u0131ml\u0131l\u0131\u011f\u0131 \u00fczerine odaklan\u0131yor. Gen\u00e7lerin sigara, alkol ve uyu\u015fturucu madde kullan\u0131mlar\u0131 istatistiksel veriler \u0131\u015f\u0131\u011f\u0131nda de\u011ferlendiriliyor ve madde ba\u011f\u0131ml\u0131l\u0131\u011f\u0131n\u0131n toplumsal ba\u011flam ile ili\u015fkisi temel olarak al\u0131n\u0131yor.Alkol, sigara ve uyu\u015fturucu madde kullan\u0131m\u0131 ve madde ba\u011f\u0131ml\u0131l\u0131\u011f\u0131n\u0131n tarihsel s\u00fcreci, \u00e7er\u00e7evesi, yayg\u0131nl\u0131\u011f\u0131; nedenleri, sonu\u00e7lar\u0131, tedavisi ve sa\u011fl\u0131k kurulu\u015flar\u0131n\u0131n s\u00fcre\u00e7teki etkisi \u00fczerine derin analizlerin yap\u0131ld\u0131\u011f\u0131 eserde madde ba\u011f\u0131ml\u0131l\u0131\u011f\u0131n\u0131n sosyolojik, psikiyatrik ve klinik boyutlar\u0131 irdeleniyor.Gen\u00e7lerin madde kullan\u0131m\u0131 ve madde ba\u011f\u0131ml\u0131l\u0131\u011f\u0131na etki eden fakt\u00f6rlerin analiz edildi\u011fi \u00e7al\u0131\u015fmada, aile ve arkada\u015f \u00e7evresinin etkisi \u00fczerine geni\u015f \u015fekilde \u00e7al\u0131\u015f\u0131l\u0131yor. Ba\u011f\u0131ml\u0131l\u0131\u011f\u0131n hem fiziksel hem ruhsal hem de toplumsal etkilerinin \u00f6rnek ba\u011f\u0131ml\u0131 \u00f6yk\u00fcleri ile anlat\u0131ld\u0131\u011f\u0131 bu kitapta, ba\u011f\u0131ml\u0131l\u0131k gibi \u00e7ok y\u00f6nl\u00fc bir sosyolojik sorunun t\u00fcm boyutlar\u0131, tarafs\u0131z ve bilimsel metotlar kullan\u0131larak ele al\u0131n\u0131yor.<\/p>\n","protected":false},"excerpt":{"rendered":"<p>Alan\u0131nda uzman bilim insanlar\u0131n\u0131n haz\u0131rlam\u0131\u015f oldu\u011fu bu kitap, \u00f6zellikle gen\u00e7ler aras\u0131ndaki madde ba\u011f\u0131ml\u0131l\u0131\u011f\u0131 \u00fczerine odaklan\u0131yor. Gen\u00e7lerin sigara, alkol ve uyu\u015fturucu madde kullan\u0131mlar\u0131 istatistiksel veriler \u0131\u015f\u0131\u011f\u0131nda de\u011ferlendiriliyor<span class=\"excerpt-hellip\"> [\u2026]<\/span><\/p>\n","protected":false},"featured_media":0,"template":"","meta":{"_monsterinsights_skip_tracking":false,"_monsterinsights_sitenote_active":false,"_monsterinsights_sitenote_note":"","_monsterinsights_sitenote_category":0},"product_brand":[],"product_cat":[12358,12357],"product_tag":[],"class_list":{"0":"post-724024","1":"product","2":"type-product","3":"status-publish","5":"product_cat-genel-psikoloji","6":"product_cat-psikoloji","7":"pa_cilt-ciltsiz","8":"pa_tur-kitap","9":"pa_yayinevi-efil-yayinevi","10":"pa_yazar-kolektif","12":"first","13":"instock","14":"sale","15":"shipping-taxable","16":"purchasable","17":"product-type-simple"},"_links":{"self":[{"href":"https:\/\/roveyayinevi.com.tr\/index.php\/wp-json\/wp\/v2\/product\/724024","targetHints":{"allow":["GET"]}}],"collection":[{"href":"https:\/\/roveyayinevi.com.tr\/index.php\/wp-json\/wp\/v2\/product"}],"about":[{"href":"https:\/\/roveyayinevi.com.tr\/index.php\/wp-json\/wp\/v2\/types\/product"}],"wp:attachment":[{"href":"https:\/\/roveyayinevi.com.tr\/index.php\/wp-json\/wp\/v2\/media?parent=724024"}],"wp:term":[{"taxonomy":"product_brand","embeddable":true,"href":"https:\/\/roveyayinevi.com.tr\/index.php\/wp-json\/wp\/v2\/product_brand?post=724024"},{"taxonomy":"product_cat","embeddable":true,"href":"https:\/\/roveyayinevi.com.tr\/index.php\/wp-json\/wp\/v2\/product_cat?post=724024"},{"taxonomy":"product_tag","embeddable":true,"href":"https:\/\/roveyayinevi.com.tr\/index.php\/wp-json\/wp\/v2\/product_tag?post=724024"}],"curies":[{"name":"wp","href":"https:\/\/api.w.org\/{rel}","templated":true}]}}