{"id":724023,"date":"2025-08-27T19:28:28","date_gmt":"2025-08-27T16:28:28","guid":{"rendered":"https:\/\/roveyayinevi.com.tr\/index.php\/urun\/enguruden-ankaraya-ankaranin-iktisadi-tarihi-1892-1962\/"},"modified":"2026-04-16T02:31:54","modified_gmt":"2026-04-15T23:31:54","slug":"enguruden-ankaraya-ankaranin-iktisadi-tarihi-1892-1962","status":"publish","type":"product","link":"https:\/\/roveyayinevi.com.tr\/index.php\/urun\/enguruden-ankaraya-ankaranin-iktisadi-tarihi-1892-1962\/","title":{"rendered":"Eng\u00fcr\u00fc\u2019den Ankara\u2019ya Ankara\u2019n\u0131n \u0130ktisadi Tarihi (1892-1962)"},"content":{"rendered":"<p>Bu kitap, 1800\u2019l\u00fc y\u0131llar\u0131n sonundan ba\u015flayarak, Ankara ili \u00f6zelinde iktisadi ve idari ya\u015fant\u0131n\u0131n ge\u00e7irdi\u011fi evrime \u0131\u015f\u0131k tutmaya \u00e7al\u0131\u015f\u0131yor. \u0130ktisadi ya\u015fant\u0131y\u0131 olu\u015fturan b\u00fct\u00fcn parametrelerin ayr\u0131nt\u0131l\u0131 bir \u015fekilde ele al\u0131nd\u0131\u011f\u0131 bu eser, Ankara\u2019n\u0131n Osmanl\u0131 \u0130mparatorlu\u011fu\u2019nun son d\u00f6neminden \u00e7a\u011fda\u015f T\u00fcrkiye Cumhuriyeti\u2019ne uzanan ser\u00fcvenini belgelerle irdeliyor.Kitap, Ankara\u2019n\u0131n Osmanl\u0131 \u0130mparatorlu\u011fu s\u0131n\u0131rlar\u0131nda bir sancak olarak varl\u0131\u011f\u0131n\u0131 belirterek ba\u015fl\u0131yor. Bir sancak olarak Ankara halk\u0131n\u0131n ge\u00e7im kaynaklar\u0131ndan ula\u015f\u0131m a\u011f\u0131na, idari yap\u0131s\u0131ndan demografisine her t\u00fcrl\u00fc ba\u015fl\u0131k derinlemesine analiz ediliyor.Modern T\u00fcrkiye Cumhuriyeti\u2019nin ba\u015fkenti olma ser\u00fcvenine tan\u0131kl\u0131k etti\u011fimiz Ankara\u2019n\u0131n sancaktan metropole do\u011fru evrilmesi, belgeler ve ar\u015fiv g\u00f6r\u00fcnt\u00fcler ile destekleniyor. Mustafa Kemal Atat\u00fcrk \u00f6nderli\u011finde sanayi, tar\u0131m, hayvanc\u0131l\u0131k, k\u00fclt\u00fcr, sanat gibi alanlarda nev\u2019i \u015fahs\u0131na m\u00fcnhas\u0131r bir kent dokusunu yaratmay\u0131 ba\u015faran Ankara\u2019n\u0131n, s\u0131radan bir Anadolu k\u0131rsal\u0131ndan bir ba\u015fkente d\u00f6n\u00fc\u015f\u00fcm\u00fc, tarafs\u0131z ve bilimsel veriler \u0131\u015f\u0131nda okuyucuya ula\u015ft\u0131r\u0131l\u0131yor. Mustafa Kemal Atat\u00fcrk\u2019\u00fcn T\u00fcrk milletine miras\u0131 olan Ankara\u2019n\u0131n d\u00f6nem d\u00f6nem iktisadi hareketleri, dalgalanmalar\u0131, at\u0131l\u0131mlar\u0131 ile idari yap\u0131da d\u00f6nem i\u00e7inde de\u011fi\u015fen, geli\u015fen ya da geli\u015fmeyen y\u00f6nleri yal\u0131n bir dille ele al\u0131n\u0131yor.<\/p>\n","protected":false},"excerpt":{"rendered":"<p>Bu kitap, 1800\u2019l\u00fc y\u0131llar\u0131n sonundan ba\u015flayarak, Ankara ili \u00f6zelinde iktisadi ve idari ya\u015fant\u0131n\u0131n ge\u00e7irdi\u011fi evrime \u0131\u015f\u0131k tutmaya \u00e7al\u0131\u015f\u0131yor. \u0130ktisadi ya\u015fant\u0131y\u0131 olu\u015fturan b\u00fct\u00fcn parametrelerin ayr\u0131nt\u0131l\u0131 bir \u015fekilde<span class=\"excerpt-hellip\"> [\u2026]<\/span><\/p>\n","protected":false},"featured_media":0,"template":"","meta":{"_monsterinsights_skip_tracking":false,"_monsterinsights_sitenote_active":false,"_monsterinsights_sitenote_note":"","_monsterinsights_sitenote_category":0},"product_brand":[],"product_cat":[12370,12304],"product_tag":[],"class_list":{"0":"post-724023","1":"product","2":"type-product","3":"status-publish","5":"product_cat-arastirma-inceleme","6":"product_cat-tarih","7":"pa_cilt-ciltsiz","8":"pa_tur-kitap","9":"pa_yayinevi-efil-yayinevi","10":"pa_yazar-ihsan-seddar-kaynar","12":"first","13":"instock","14":"sale","15":"shipping-taxable","16":"purchasable","17":"product-type-simple"},"_links":{"self":[{"href":"https:\/\/roveyayinevi.com.tr\/index.php\/wp-json\/wp\/v2\/product\/724023","targetHints":{"allow":["GET"]}}],"collection":[{"href":"https:\/\/roveyayinevi.com.tr\/index.php\/wp-json\/wp\/v2\/product"}],"about":[{"href":"https:\/\/roveyayinevi.com.tr\/index.php\/wp-json\/wp\/v2\/types\/product"}],"wp:attachment":[{"href":"https:\/\/roveyayinevi.com.tr\/index.php\/wp-json\/wp\/v2\/media?parent=724023"}],"wp:term":[{"taxonomy":"product_brand","embeddable":true,"href":"https:\/\/roveyayinevi.com.tr\/index.php\/wp-json\/wp\/v2\/product_brand?post=724023"},{"taxonomy":"product_cat","embeddable":true,"href":"https:\/\/roveyayinevi.com.tr\/index.php\/wp-json\/wp\/v2\/product_cat?post=724023"},{"taxonomy":"product_tag","embeddable":true,"href":"https:\/\/roveyayinevi.com.tr\/index.php\/wp-json\/wp\/v2\/product_tag?post=724023"}],"curies":[{"name":"wp","href":"https:\/\/api.w.org\/{rel}","templated":true}]}}