{"id":724020,"date":"2025-08-27T19:28:26","date_gmt":"2025-08-27T16:28:26","guid":{"rendered":"https:\/\/roveyayinevi.com.tr\/index.php\/urun\/metroda-cuma-namazi\/"},"modified":"2026-04-16T02:31:54","modified_gmt":"2026-04-15T23:31:54","slug":"metroda-cuma-namazi","status":"publish","type":"product","link":"https:\/\/roveyayinevi.com.tr\/index.php\/urun\/metroda-cuma-namazi\/","title":{"rendered":"Metro\u2019da Cuma Namaz\u0131"},"content":{"rendered":"<p>\u201cBu vakitler d\u00fcnyadan de\u011filmi\u015f gibi Bu vakitlerde beni iyilik ve yas tutar Bu vakitlerde kad\u0131nlar genellikle evde ve uyan\u0131k olurlarBu vakitlerde evde ve uyan\u0131k olurum genellikle Bu vakitlerde soka\u011fa at\u0131lan ilk ad\u0131m gibi serin ve acelesiz Ben en \u00e7ok serin ve acelesiz sevmeyi severim Yas tutar gibi iyilik yapar gibi Acelesi yoktur yas tutan\u0131n ve iyilik yapan\u0131n Severim seni acelem yok serinim seninim acelem yok\u201d<\/p>\n","protected":false},"excerpt":{"rendered":"<p>\u201cBu vakitler d\u00fcnyadan de\u011filmi\u015f gibi Bu vakitlerde beni iyilik ve yas tutar Bu vakitlerde kad\u0131nlar genellikle evde ve uyan\u0131k olurlarBu vakitlerde evde ve uyan\u0131k olurum genellikle<span class=\"excerpt-hellip\"> [\u2026]<\/span><\/p>\n","protected":false},"featured_media":0,"template":"","meta":{"_monsterinsights_skip_tracking":false,"_monsterinsights_sitenote_active":false,"_monsterinsights_sitenote_note":"","_monsterinsights_sitenote_category":0},"product_brand":[],"product_cat":[12291,12509],"product_tag":[],"class_list":{"0":"post-724020","1":"product","2":"type-product","3":"status-publish","5":"product_cat-edebiyat","6":"product_cat-siir","7":"pa_cilt-ciltsiz","8":"pa_tur-kitap","9":"pa_yayinevi-ketebe-yayinlari","10":"pa_yazar-melek-arslanbenzer","12":"first","13":"instock","14":"sale","15":"shipping-taxable","16":"purchasable","17":"product-type-simple"},"_links":{"self":[{"href":"https:\/\/roveyayinevi.com.tr\/index.php\/wp-json\/wp\/v2\/product\/724020","targetHints":{"allow":["GET"]}}],"collection":[{"href":"https:\/\/roveyayinevi.com.tr\/index.php\/wp-json\/wp\/v2\/product"}],"about":[{"href":"https:\/\/roveyayinevi.com.tr\/index.php\/wp-json\/wp\/v2\/types\/product"}],"wp:attachment":[{"href":"https:\/\/roveyayinevi.com.tr\/index.php\/wp-json\/wp\/v2\/media?parent=724020"}],"wp:term":[{"taxonomy":"product_brand","embeddable":true,"href":"https:\/\/roveyayinevi.com.tr\/index.php\/wp-json\/wp\/v2\/product_brand?post=724020"},{"taxonomy":"product_cat","embeddable":true,"href":"https:\/\/roveyayinevi.com.tr\/index.php\/wp-json\/wp\/v2\/product_cat?post=724020"},{"taxonomy":"product_tag","embeddable":true,"href":"https:\/\/roveyayinevi.com.tr\/index.php\/wp-json\/wp\/v2\/product_tag?post=724020"}],"curies":[{"name":"wp","href":"https:\/\/api.w.org\/{rel}","templated":true}]}}