{"id":724018,"date":"2025-08-27T19:28:24","date_gmt":"2025-08-27T16:28:24","guid":{"rendered":"https:\/\/roveyayinevi.com.tr\/index.php\/urun\/kizil-cicek\/"},"modified":"2026-04-16T02:31:54","modified_gmt":"2026-04-15T23:31:54","slug":"kizil-cicek","status":"publish","type":"product","link":"https:\/\/roveyayinevi.com.tr\/index.php\/urun\/kizil-cicek\/","title":{"rendered":"K\u0131z\u0131l \u00c7i\u00e7ek"},"content":{"rendered":"<p>\u015eiddet, insan ruhunda b\u0131rakt\u0131\u011f\u0131 derin yaralarla zaman\u0131n ve mek\u00e2n\u0131n \u00f6tesindedir. Sava\u015f\u0131n \u015fiddeti ise ruhun dipsiz derinliklerinde nas\u0131l yank\u0131lan\u0131yor bilmek zor. Nice b\u00fcy\u00fck yazar\u0131n cevab\u0131n\u0131 arad\u0131\u011f\u0131 bu sorunun pe\u015fine d\u00fc\u015f\u00fcyor \u00c7ehov\u2019un \u00f6nc\u00fcl\u00fc olarak de\u011ferlendirilen Vsevelod Mihaylovi\u00e7 Gar\u015fin. \u00dcstelik kederini en ince ayr\u0131nt\u0131s\u0131na kadar okuyucusuna ustal\u0131kla hissettirerek. \u00c7o\u011funlu\u011fu 19. y\u00fczy\u0131l\u0131n ikinci yar\u0131s\u0131nda Osmanl\u0131-Rusya Sava\u015f\u0131\u2019n\u0131n g\u00f6lgesinde ge\u00e7en \u00f6yk\u00fcler; sava\u015f\u0131, ya\u015fam\u0131, vicdan\u0131, adaleti ve \u00f6l\u00fcm\u00fc derinlemesine irdeliyor. Gar\u015fin\u2019in 33 y\u0131ll\u0131k k\u0131sa \u00f6mr\u00fcne s\u0131\u011fan se\u00e7me \u00f6yk\u00fcleri ilk kez kendi dilinden T\u00fcrk\u00e7eye kazand\u0131r\u0131ld\u0131.\u201cBu sava\u015f uzun s\u00fcre devam etmese bile ba\u015fka sava\u015f ba\u015flayacak. Neden sava\u015fmayal\u0131m ki? Neden bu ulvi i\u015fi yerine getirmeyelim? Bana kal\u0131rsa \u015fu anki sava\u015f sadece benim de\u011fil, k\u00fc\u00e7\u00fck karde\u015fimin de, a\u011fz\u0131 s\u00fct kokan ye\u011fenimin de ka\u00e7amayaca\u011f\u0131, gelecek sava\u015flar\u0131n ba\u015flang\u0131c\u0131. Ve benim s\u0131ram \u00e7ok yak\u0131nda gelecek.\u201d<\/p>\n","protected":false},"excerpt":{"rendered":"<p>\u015eiddet, insan ruhunda b\u0131rakt\u0131\u011f\u0131 derin yaralarla zaman\u0131n ve mek\u00e2n\u0131n \u00f6tesindedir. Sava\u015f\u0131n \u015fiddeti ise ruhun dipsiz derinliklerinde nas\u0131l yank\u0131lan\u0131yor bilmek zor. Nice b\u00fcy\u00fck yazar\u0131n cevab\u0131n\u0131 arad\u0131\u011f\u0131 bu<span class=\"excerpt-hellip\"> [\u2026]<\/span><\/p>\n","protected":false},"featured_media":0,"template":"","meta":{"_monsterinsights_skip_tracking":false,"_monsterinsights_sitenote_active":false,"_monsterinsights_sitenote_note":"","_monsterinsights_sitenote_category":0},"product_brand":[],"product_cat":[12291,12711],"product_tag":[],"class_list":{"0":"post-724018","1":"product","2":"type-product","3":"status-publish","5":"product_cat-edebiyat","6":"product_cat-roman-oyku","7":"pa_cilt-ciltsiz","8":"pa_tur-kitap","9":"pa_yayinevi-ketebe-yayinlari","10":"pa_yazar-vsevolod-garshin","12":"first","13":"instock","14":"sale","15":"shipping-taxable","16":"purchasable","17":"product-type-simple"},"_links":{"self":[{"href":"https:\/\/roveyayinevi.com.tr\/index.php\/wp-json\/wp\/v2\/product\/724018","targetHints":{"allow":["GET"]}}],"collection":[{"href":"https:\/\/roveyayinevi.com.tr\/index.php\/wp-json\/wp\/v2\/product"}],"about":[{"href":"https:\/\/roveyayinevi.com.tr\/index.php\/wp-json\/wp\/v2\/types\/product"}],"wp:attachment":[{"href":"https:\/\/roveyayinevi.com.tr\/index.php\/wp-json\/wp\/v2\/media?parent=724018"}],"wp:term":[{"taxonomy":"product_brand","embeddable":true,"href":"https:\/\/roveyayinevi.com.tr\/index.php\/wp-json\/wp\/v2\/product_brand?post=724018"},{"taxonomy":"product_cat","embeddable":true,"href":"https:\/\/roveyayinevi.com.tr\/index.php\/wp-json\/wp\/v2\/product_cat?post=724018"},{"taxonomy":"product_tag","embeddable":true,"href":"https:\/\/roveyayinevi.com.tr\/index.php\/wp-json\/wp\/v2\/product_tag?post=724018"}],"curies":[{"name":"wp","href":"https:\/\/api.w.org\/{rel}","templated":true}]}}