{"id":724016,"date":"2025-08-27T19:28:22","date_gmt":"2025-08-27T16:28:22","guid":{"rendered":"https:\/\/roveyayinevi.com.tr\/index.php\/urun\/hitler-problemi\/"},"modified":"2026-04-16T02:31:54","modified_gmt":"2026-04-15T23:31:54","slug":"hitler-problemi","status":"publish","type":"product","link":"https:\/\/roveyayinevi.com.tr\/index.php\/urun\/hitler-problemi\/","title":{"rendered":"Hitler Problemi"},"content":{"rendered":"<p>Ayk\u0131r\u0131 Bir Hitler AnaliziJohn Lukacs, Hitler\u2019in farkl\u0131 d\u00f6nemlerde nas\u0131l alg\u0131land\u0131\u011f\u0131n\u0131 ortaya koyuyor ve onu seksen y\u0131ll\u0131k propaganda sisinden \u00e7\u0131kar\u0131p rasyonel bir de\u011ferlendirmeye tabi tutuyor.&#8221;Hitler muhtemelen modern d\u00fcnya tarihinin en pop\u00fcler devrimci lideridir. Pop\u00fcler s\u00f6zc\u00fc\u011f\u00fcne vurgu yap\u0131yorum \u00e7\u00fcnk\u00fc Hitler aristokratik tarih \u00e7a\u011f\u0131na de\u011fil, demokratik tarih \u00e7a\u011f\u0131na aittir. Sezar, Cromwell veya Napolyon ile tam anlam\u0131yla k\u0131yaslanamaz. Onlardan tamamen farkl\u0131d\u0131r. Onlar\u0131n hepsinden daha fazla insan\u0131, devrindeki d\u00fcnyan\u0131n en e\u011fitimli insanlar\u0131n\u0131 harekete ge\u00e7irebilmi\u015f, onlar\u0131 kendi liderli\u011finde hayret verici ba\u015far\u0131lar ve ola\u011fan\u00fcst\u00fc giri\u015fimlere g\u00f6t\u00fcrebilmi\u015ftir. Onlar\u0131, kendisinin savundu\u011fu davan\u0131n k\u00f6t\u00fcl\u00fc\u011f\u00fcn antitezi oldu\u011funa inand\u0131rmay\u0131 ba\u015farm\u0131\u015ft\u0131r. \u0130nsanlar\u0131 refaha ve gurura g\u00f6t\u00fcrm\u00fc\u015f, onlara neredeyse Avrupa\u2019n\u0131n tamam\u0131n\u0131 fethettirecek bir \u00f6zg\u00fcven kazand\u0131rm\u0131\u015ft\u0131r. Kendine fazla y\u00fcklendi\u011fi i\u00e7in Alman hegemonyas\u0131 k\u0131sa s\u00fcrede kaybedilmi\u015ftir. Onun bin y\u0131l s\u00fcrebilecek imparatorlu\u011fu on iki y\u0131lda sona ermi\u015ftir. Buna ra\u011fmen kendi y\u00fczy\u0131l\u0131ndaki di\u011fer diktat\u00f6rlerden, Lenin, Stalin ve Mao\u2019dan daha muazzam bir etki yapm\u0131\u015f ve silinmez bir iz b\u0131rakm\u0131\u015ft\u0131r. \u0130\u015fte bu nedenledir ki d\u00fcnya tarihindeki yeri daha uzun y\u0131llar boyu insanlar taraf\u0131ndan tart\u0131\u015f\u0131lacakt\u0131r. Hitler\u2019le i\u015fimiz hen\u00fcz bitmedi.&#8221;<\/p>\n","protected":false},"excerpt":{"rendered":"<p>Ayk\u0131r\u0131 Bir Hitler AnaliziJohn Lukacs, Hitler\u2019in farkl\u0131 d\u00f6nemlerde nas\u0131l alg\u0131land\u0131\u011f\u0131n\u0131 ortaya koyuyor ve onu seksen y\u0131ll\u0131k propaganda sisinden \u00e7\u0131kar\u0131p rasyonel bir de\u011ferlendirmeye tabi tutuyor.&#8221;Hitler muhtemelen modern<span class=\"excerpt-hellip\"> [\u2026]<\/span><\/p>\n","protected":false},"featured_media":0,"template":"","meta":{"_monsterinsights_skip_tracking":false,"_monsterinsights_sitenote_active":false,"_monsterinsights_sitenote_note":"","_monsterinsights_sitenote_category":0},"product_brand":[],"product_cat":[12370,12304],"product_tag":[],"class_list":{"0":"post-724016","1":"product","2":"type-product","3":"status-publish","5":"product_cat-arastirma-inceleme","6":"product_cat-tarih","7":"pa_cilt-ciltsiz","8":"pa_tur-kitap","9":"pa_yayinevi-ketebe-yayinlari","10":"pa_yazar-john-lukacs","12":"first","13":"instock","14":"sale","15":"shipping-taxable","16":"purchasable","17":"product-type-simple"},"_links":{"self":[{"href":"https:\/\/roveyayinevi.com.tr\/index.php\/wp-json\/wp\/v2\/product\/724016","targetHints":{"allow":["GET"]}}],"collection":[{"href":"https:\/\/roveyayinevi.com.tr\/index.php\/wp-json\/wp\/v2\/product"}],"about":[{"href":"https:\/\/roveyayinevi.com.tr\/index.php\/wp-json\/wp\/v2\/types\/product"}],"wp:attachment":[{"href":"https:\/\/roveyayinevi.com.tr\/index.php\/wp-json\/wp\/v2\/media?parent=724016"}],"wp:term":[{"taxonomy":"product_brand","embeddable":true,"href":"https:\/\/roveyayinevi.com.tr\/index.php\/wp-json\/wp\/v2\/product_brand?post=724016"},{"taxonomy":"product_cat","embeddable":true,"href":"https:\/\/roveyayinevi.com.tr\/index.php\/wp-json\/wp\/v2\/product_cat?post=724016"},{"taxonomy":"product_tag","embeddable":true,"href":"https:\/\/roveyayinevi.com.tr\/index.php\/wp-json\/wp\/v2\/product_tag?post=724016"}],"curies":[{"name":"wp","href":"https:\/\/api.w.org\/{rel}","templated":true}]}}