{"id":724014,"date":"2025-08-27T19:28:21","date_gmt":"2025-08-27T16:28:21","guid":{"rendered":"https:\/\/roveyayinevi.com.tr\/index.php\/urun\/dus-kesigi\/"},"modified":"2026-04-13T02:38:53","modified_gmt":"2026-04-12T23:38:53","slug":"dus-kesigi","status":"publish","type":"product","link":"https:\/\/roveyayinevi.com.tr\/index.php\/urun\/dus-kesigi\/","title":{"rendered":"D\u00fc\u015f Kesi\u011fi"},"content":{"rendered":"<p>D\u00fc\u015f Kesi\u011fi, bir sabah uyand\u0131\u011f\u0131nda kendisini yazd\u0131\u011f\u0131 roman\u0131n karakteri olarak bulan Gereksizyazar\u2019\u0131n hik\u00e2yesi. D\u00fc\u015f Kesi\u011fi, anlam giriftse, bi\u00e7imin de girift olaca\u011f\u0131ndan yola koyulan bir roman. D\u00fc\u015f Kesi\u011fi, baz\u0131 \u015feyleri g\u00fczel yapan kusurlardan bahsederken, insan\u0131n en temel yan\u0131lg\u0131s\u0131n\u0131n kendisi hakk\u0131nda oldu\u011funu savunan bir roman. D\u00fc\u015f Kesi\u011fi yay\u0131mlan\u0131\u015f\u0131n\u0131n onuncu y\u0131l\u0131nda s\u0131n\u0131rl\u0131 say\u0131da \u00fcretilen bu \u00f6zel bask\u0131s\u0131yla \u00f6zel okurlar\u0131n\u0131 bekliyor.<\/p>\n","protected":false},"excerpt":{"rendered":"<p>D\u00fc\u015f Kesi\u011fi, bir sabah uyand\u0131\u011f\u0131nda kendisini yazd\u0131\u011f\u0131 roman\u0131n karakteri olarak bulan Gereksizyazar\u2019\u0131n hik\u00e2yesi. D\u00fc\u015f Kesi\u011fi, anlam giriftse, bi\u00e7imin de girift olaca\u011f\u0131ndan yola koyulan bir roman. D\u00fc\u015f<span class=\"excerpt-hellip\"> [\u2026]<\/span><\/p>\n","protected":false},"featured_media":0,"template":"","meta":{"_monsterinsights_skip_tracking":false,"_monsterinsights_sitenote_active":false,"_monsterinsights_sitenote_note":"","_monsterinsights_sitenote_category":0},"product_brand":[],"product_cat":[12291,12711],"product_tag":[],"class_list":{"0":"post-724014","1":"product","2":"type-product","3":"status-publish","5":"product_cat-edebiyat","6":"product_cat-roman-oyku","7":"pa_cilt-ciltsiz","8":"pa_tur-kitap","9":"pa_yayinevi-ketebe-yayinlari","10":"pa_yazar-guray-sungu","12":"first","13":"instock","14":"sale","15":"shipping-taxable","16":"purchasable","17":"product-type-simple"},"_links":{"self":[{"href":"https:\/\/roveyayinevi.com.tr\/index.php\/wp-json\/wp\/v2\/product\/724014","targetHints":{"allow":["GET"]}}],"collection":[{"href":"https:\/\/roveyayinevi.com.tr\/index.php\/wp-json\/wp\/v2\/product"}],"about":[{"href":"https:\/\/roveyayinevi.com.tr\/index.php\/wp-json\/wp\/v2\/types\/product"}],"wp:attachment":[{"href":"https:\/\/roveyayinevi.com.tr\/index.php\/wp-json\/wp\/v2\/media?parent=724014"}],"wp:term":[{"taxonomy":"product_brand","embeddable":true,"href":"https:\/\/roveyayinevi.com.tr\/index.php\/wp-json\/wp\/v2\/product_brand?post=724014"},{"taxonomy":"product_cat","embeddable":true,"href":"https:\/\/roveyayinevi.com.tr\/index.php\/wp-json\/wp\/v2\/product_cat?post=724014"},{"taxonomy":"product_tag","embeddable":true,"href":"https:\/\/roveyayinevi.com.tr\/index.php\/wp-json\/wp\/v2\/product_tag?post=724014"}],"curies":[{"name":"wp","href":"https:\/\/api.w.org\/{rel}","templated":true}]}}