{"id":724011,"date":"2025-08-27T19:28:18","date_gmt":"2025-08-27T16:28:18","guid":{"rendered":"https:\/\/roveyayinevi.com.tr\/index.php\/urun\/taif-zindaninda-bir-kesik-bas-ahmet-mithat-pasa\/"},"modified":"2026-04-16T02:31:54","modified_gmt":"2026-04-15T23:31:54","slug":"taif-zindaninda-bir-kesik-bas-ahmet-mithat-pasa","status":"publish","type":"product","link":"https:\/\/roveyayinevi.com.tr\/index.php\/urun\/taif-zindaninda-bir-kesik-bas-ahmet-mithat-pasa\/","title":{"rendered":"Taif Zindan\u0131nda Bir Kesik Ba\u015f &#8211; Ahmet Mithat Pa\u015fa"},"content":{"rendered":"<p>Mithat Pa\u015fa o g\u00fcn de bu g\u00fcn de \u015fahsiyeti hala tart\u0131\u015f\u0131lan T\u00fcrk B\u00fcy\u00fcklerinden birisidir. Dostlar\u0131 kendisinden sitayi\u015fle bahsederler. D\u00fc\u015fmanlar\u0131 ise; Sultan Abd\u00fclaziz\u2019i tahttan indirdi\u011fi, Abd\u00fclhamit\u2019e kar\u015f\u0131 geldi\u011fi ve hatta Cumhuriyet fikri g\u00fctt\u00fc\u011f\u00fcnden yerden yere vururlar.Valiliklerinde ba\u015far\u0131dan ba\u015far\u0131ya ko\u015fan Mithat Pa\u015fa; devlet y\u00f6netiminde halk\u0131n e\u015fitli\u011fini ve g\u00fcvencesini sa\u011flamak i\u00e7in Me\u015frutiyet\u2019in ve Anayasa\u2019n\u0131n \u00f6nderli\u011fini yapm\u0131\u015f ve sonunda ba\u015f\u0131n\u0131 vermi\u015ftir.Taif Zindan\u0131nda b\u00f6yle bir trajik ak\u0131bete u\u011fram\u0131\u015f olan Mithat Pa\u015fa; ilk Anayasam\u0131z\u0131n haz\u0131rlay\u0131c\u0131s\u0131 ve Ziraat Bankam\u0131z\u0131n kurucusudur. O her \u015feye ra\u011fmen, T\u00fcrk Milletinin kalbinde unutulmaz bir yer tutmaktad\u0131r.<\/p>\n","protected":false},"excerpt":{"rendered":"<p>Mithat Pa\u015fa o g\u00fcn de bu g\u00fcn de \u015fahsiyeti hala tart\u0131\u015f\u0131lan T\u00fcrk B\u00fcy\u00fcklerinden birisidir. Dostlar\u0131 kendisinden sitayi\u015fle bahsederler. D\u00fc\u015fmanlar\u0131 ise; Sultan Abd\u00fclaziz\u2019i tahttan indirdi\u011fi, Abd\u00fclhamit\u2019e kar\u015f\u0131<span class=\"excerpt-hellip\"> [\u2026]<\/span><\/p>\n","protected":false},"featured_media":0,"template":"","meta":{"_monsterinsights_skip_tracking":false,"_monsterinsights_sitenote_active":false,"_monsterinsights_sitenote_note":"","_monsterinsights_sitenote_category":0},"product_brand":[],"product_cat":[13946,12304],"product_tag":[],"class_list":{"0":"post-724011","1":"product","2":"type-product","3":"status-publish","5":"product_cat-biyografi-otobiyografi","6":"product_cat-tarih","7":"pa_cilt-ciltsiz","8":"pa_tur-kitap","9":"pa_yayinevi-herdem-kitap","10":"pa_yazar-muammer-yilmaz","12":"first","13":"instock","14":"sale","15":"shipping-taxable","16":"purchasable","17":"product-type-simple"},"_links":{"self":[{"href":"https:\/\/roveyayinevi.com.tr\/index.php\/wp-json\/wp\/v2\/product\/724011","targetHints":{"allow":["GET"]}}],"collection":[{"href":"https:\/\/roveyayinevi.com.tr\/index.php\/wp-json\/wp\/v2\/product"}],"about":[{"href":"https:\/\/roveyayinevi.com.tr\/index.php\/wp-json\/wp\/v2\/types\/product"}],"wp:attachment":[{"href":"https:\/\/roveyayinevi.com.tr\/index.php\/wp-json\/wp\/v2\/media?parent=724011"}],"wp:term":[{"taxonomy":"product_brand","embeddable":true,"href":"https:\/\/roveyayinevi.com.tr\/index.php\/wp-json\/wp\/v2\/product_brand?post=724011"},{"taxonomy":"product_cat","embeddable":true,"href":"https:\/\/roveyayinevi.com.tr\/index.php\/wp-json\/wp\/v2\/product_cat?post=724011"},{"taxonomy":"product_tag","embeddable":true,"href":"https:\/\/roveyayinevi.com.tr\/index.php\/wp-json\/wp\/v2\/product_tag?post=724011"}],"curies":[{"name":"wp","href":"https:\/\/api.w.org\/{rel}","templated":true}]}}