{"id":724010,"date":"2025-08-27T19:28:18","date_gmt":"2025-08-27T16:28:18","guid":{"rendered":"https:\/\/roveyayinevi.com.tr\/index.php\/urun\/borc\/"},"modified":"2026-04-16T02:31:54","modified_gmt":"2026-04-15T23:31:54","slug":"borc","status":"publish","type":"product","link":"https:\/\/roveyayinevi.com.tr\/index.php\/urun\/borc\/","title":{"rendered":"Bor\u00e7"},"content":{"rendered":"<p>\u201cBirileri do\u011far, birileri \u00f6l\u00fcr.Bir \u00e7i\u00e7ek solar, di\u011feri a\u00e7ar.Bir yerlerde g\u00fcne\u015f batarken, bir yerlerde do\u011far.Hayat\u0131n nas\u0131l da hi\u00e7 hissettirmeden ak\u0131p gitti\u011fine kimsenin akl\u0131 ermez.Ald\u0131\u011f\u0131m\u0131z her nefes \u00f6d\u00fcld\u00fcr asl\u0131nda bizlere. Fakat her nefes, bizi biraz daha yakla\u015ft\u0131r\u0131r kendi \u00f6l\u00fcm\u00fcm\u00fcze.\u201dBirbiri ard\u0131na i\u015flenen cinayetler \u00e7\u00f6z\u00fclmeyi beklerken kader a\u011flar\u0131n\u0131 \u00f6rmeye devam ediyordu. Mutlu g\u00f6r\u00fcnen evliliklerin arkas\u0131ndaki yalanlar, ge\u00e7mi\u015ften gelen s\u0131rlar, tehlikeli yak\u0131nla\u015fmalar Cinayet B\u00fcro ekibinin i\u015fini b\u00fcsb\u00fct\u00fcn zorla\u015ft\u0131r\u0131yordu. Katili bulmak Ba\u015fkomiser Levent\u2019in hayat\u0131n\u0131n en zor s\u0131nav\u0131 olmu\u015ftu.<\/p>\n","protected":false},"excerpt":{"rendered":"<p>\u201cBirileri do\u011far, birileri \u00f6l\u00fcr.Bir \u00e7i\u00e7ek solar, di\u011feri a\u00e7ar.Bir yerlerde g\u00fcne\u015f batarken, bir yerlerde do\u011far.Hayat\u0131n nas\u0131l da hi\u00e7 hissettirmeden ak\u0131p gitti\u011fine kimsenin akl\u0131 ermez.Ald\u0131\u011f\u0131m\u0131z her nefes \u00f6d\u00fcld\u00fcr<span class=\"excerpt-hellip\"> [\u2026]<\/span><\/p>\n","protected":false},"featured_media":0,"template":"","meta":{"_monsterinsights_skip_tracking":false,"_monsterinsights_sitenote_active":false,"_monsterinsights_sitenote_note":"","_monsterinsights_sitenote_category":0},"product_brand":[],"product_cat":[12291,15445],"product_tag":[],"class_list":{"0":"post-724010","1":"product","2":"type-product","3":"status-publish","5":"product_cat-edebiyat","6":"product_cat-polisiye","7":"pa_cilt-ciltsiz","8":"pa_tur-kitap","9":"pa_yayinevi-herdem-kitap","10":"pa_yazar-didem-yuzugullu","12":"first","13":"instock","14":"sale","15":"shipping-taxable","16":"purchasable","17":"product-type-simple"},"_links":{"self":[{"href":"https:\/\/roveyayinevi.com.tr\/index.php\/wp-json\/wp\/v2\/product\/724010","targetHints":{"allow":["GET"]}}],"collection":[{"href":"https:\/\/roveyayinevi.com.tr\/index.php\/wp-json\/wp\/v2\/product"}],"about":[{"href":"https:\/\/roveyayinevi.com.tr\/index.php\/wp-json\/wp\/v2\/types\/product"}],"wp:attachment":[{"href":"https:\/\/roveyayinevi.com.tr\/index.php\/wp-json\/wp\/v2\/media?parent=724010"}],"wp:term":[{"taxonomy":"product_brand","embeddable":true,"href":"https:\/\/roveyayinevi.com.tr\/index.php\/wp-json\/wp\/v2\/product_brand?post=724010"},{"taxonomy":"product_cat","embeddable":true,"href":"https:\/\/roveyayinevi.com.tr\/index.php\/wp-json\/wp\/v2\/product_cat?post=724010"},{"taxonomy":"product_tag","embeddable":true,"href":"https:\/\/roveyayinevi.com.tr\/index.php\/wp-json\/wp\/v2\/product_tag?post=724010"}],"curies":[{"name":"wp","href":"https:\/\/api.w.org\/{rel}","templated":true}]}}