{"id":723998,"date":"2025-08-27T19:28:08","date_gmt":"2025-08-27T16:28:08","guid":{"rendered":"https:\/\/roveyayinevi.com.tr\/index.php\/urun\/fare-ile-kostebek\/"},"modified":"2026-04-16T02:31:53","modified_gmt":"2026-04-15T23:31:53","slug":"fare-ile-kostebek","status":"publish","type":"product","link":"https:\/\/roveyayinevi.com.tr\/index.php\/urun\/fare-ile-kostebek\/","title":{"rendered":"Fare ile K\u00f6stebek"},"content":{"rendered":"<p>\u201c\u0130mdat!\u201d diye ba\u011f\u0131rd\u0131 K\u00f6stebek ertesi sabah. \u201cResmen bo\u011fuluyorum.\u201d\u201cKendini nas\u0131l hissetti\u011fini biliyorum\u201d dedi Fare. \u201cHaydi, ortal\u0131\u011f\u0131 toplamam\u0131z gerek.\u201d\u201cAma daha d\u00fcn toplad\u0131k\u201d dedi K\u00f6stebek.\u201cToplad\u0131k ancak her \u015feyi yanl\u0131\u015f yapt\u0131k. G\u00f6r\u00fcyorsun, as\u0131l sorun e\u015fya. \u00c7ok fazla e\u015fyam\u0131z var. Hepsini toplamad\u0131k. Bir odadan di\u011ferine ta\u015f\u0131d\u0131k. E\u015fyadan tamam\u0131yla kurtulmam\u0131z gerek.\u201d\u201cAma ben e\u015fyay\u0131 seviyorum. E\u015fya hi\u00e7bir \u015feye benzemez, g\u00fcn\u00fcn birinde yarar\u0131 olabilir.\u201d\u201cYa e\u015fyan olur ya hareket edece\u011fin alan. \u0130kisi bir arada olmaz.\u201dFare ile K\u00f6stebek\u2019in her g\u00fcn\u00fc \u00f6yle s\u0131cak, \u00f6yle i\u00e7ten anlarla dolu ki\u2026 Fare ne\u015feli ve pratik, K\u00f6stebek ise heyecanl\u0131 ve duygusal. \u0130ki dostun birbirini anlayan, tamamlayan, hayat\u0131 birlikte tadan e\u011flenceli halleri ve sohbetleri hepimizi g\u00fcl\u00fcmsetecek. Belki kendi i\u00e7ten dostlar\u0131m\u0131z akl\u0131m\u0131za gelecek, ne \u015fansl\u0131 oldu\u011fumuzu bir kez daha hat\u0131rlayaca\u011f\u0131z. Bir de \u00fcst\u00fcne tad\u0131na doyamayaca\u011f\u0131m\u0131z \u00e7izimler gelip bize s\u0131ms\u0131k\u0131 sar\u0131lacak. Oh, kestane kebap!\u00dcnl\u00fc yazar ve \u00e7izer Joyce Dunbar-James Mayhew ekibinden, \u00f6d\u00fcll\u00fc bir \u00e7izgi film olarak da kar\u015f\u0131m\u0131za \u00e7\u0131kan ve zaman\u0131m\u0131z\u0131n klasiklerinden say\u0131lan bu yumu\u015fac\u0131k, mizahi \u00f6yk\u00fcler, iyi g\u00fcnde k\u00f6t\u00fc g\u00fcnde yan yana duran t\u00fcm dostlar i\u00e7in.Fare ile K\u00f6stebek\u2019in yar\u0131n i\u00e7in planlar\u0131 var. E\u011fer \u0131\u015f\u0131l \u0131\u015f\u0131l parlayan bir g\u00fcnse, sandvi\u00e7lerini al\u0131p piknik yapacaklar. Hava r\u00fczg\u00e2rl\u0131 ve f\u0131rt\u0131nal\u0131ysa da ate\u015fin ba\u015f\u0131nda kestane kebap\u2026 Peki, ya ikisinin aras\u0131 bir g\u00fcnse?Haydi tatl\u0131 okur, kitab\u0131 a\u00e7 da sabah ve ak\u015fam keyiflerinin, vazge\u00e7ilemeyen e\u015fyalar\u0131n, dolup bo\u015falan piknik sepetlerinin bu muzip bekleyi\u015fi son bulsun.  \u201cS\u0131cac\u0131k, esprili \u00e7izimler\u2026 Tam da serin bir \u00f6\u011fleden sonra i\u00e7imizi \u0131s\u0131tmak i\u00e7in.\u201dPractical Parenting \u201c\u00c7ocuklar, bu s\u0131rad\u0131\u015f\u0131 iki arkada\u015f\u0131n yal\u0131n ser\u00fcvenlerine bay\u0131lacaklar.\u201dThe School Librarian \u201cYa\u015famlar\u0131n\u0131 birlikte s\u00fcrd\u00fcren bu iki karakter, \u00e7ocuk edebiyat\u0131n\u0131n en b\u00fcy\u00fckleri aras\u0131nda yer al\u0131yor.\u201dSunday Times<\/p>\n","protected":false},"excerpt":{"rendered":"<p>\u201c\u0130mdat!\u201d diye ba\u011f\u0131rd\u0131 K\u00f6stebek ertesi sabah. \u201cResmen bo\u011fuluyorum.\u201d\u201cKendini nas\u0131l hissetti\u011fini biliyorum\u201d dedi Fare. \u201cHaydi, ortal\u0131\u011f\u0131 toplamam\u0131z gerek.\u201d\u201cAma daha d\u00fcn toplad\u0131k\u201d dedi K\u00f6stebek.\u201cToplad\u0131k ancak her \u015feyi yanl\u0131\u015f<span class=\"excerpt-hellip\"> [\u2026]<\/span><\/p>\n","protected":false},"featured_media":0,"template":"","meta":{"_monsterinsights_skip_tracking":false,"_monsterinsights_sitenote_active":false,"_monsterinsights_sitenote_note":"","_monsterinsights_sitenote_category":0},"product_brand":[],"product_cat":[12274,12284],"product_tag":[],"class_list":{"0":"post-723998","1":"product","2":"type-product","3":"status-publish","5":"product_cat-cocuk-ve-genclik-kitaplari","6":"product_cat-hikayeler","7":"pa_cilt-ciltsiz","8":"pa_tur-kitap","9":"pa_yayinevi-elma-cocuk","10":"pa_yazar-joyce-dunbar-james-mayhew","12":"first","13":"instock","14":"sale","15":"shipping-taxable","16":"purchasable","17":"product-type-simple"},"_links":{"self":[{"href":"https:\/\/roveyayinevi.com.tr\/index.php\/wp-json\/wp\/v2\/product\/723998","targetHints":{"allow":["GET"]}}],"collection":[{"href":"https:\/\/roveyayinevi.com.tr\/index.php\/wp-json\/wp\/v2\/product"}],"about":[{"href":"https:\/\/roveyayinevi.com.tr\/index.php\/wp-json\/wp\/v2\/types\/product"}],"wp:attachment":[{"href":"https:\/\/roveyayinevi.com.tr\/index.php\/wp-json\/wp\/v2\/media?parent=723998"}],"wp:term":[{"taxonomy":"product_brand","embeddable":true,"href":"https:\/\/roveyayinevi.com.tr\/index.php\/wp-json\/wp\/v2\/product_brand?post=723998"},{"taxonomy":"product_cat","embeddable":true,"href":"https:\/\/roveyayinevi.com.tr\/index.php\/wp-json\/wp\/v2\/product_cat?post=723998"},{"taxonomy":"product_tag","embeddable":true,"href":"https:\/\/roveyayinevi.com.tr\/index.php\/wp-json\/wp\/v2\/product_tag?post=723998"}],"curies":[{"name":"wp","href":"https:\/\/api.w.org\/{rel}","templated":true}]}}