{"id":723997,"date":"2025-08-27T19:28:08","date_gmt":"2025-08-27T16:28:08","guid":{"rendered":"https:\/\/roveyayinevi.com.tr\/index.php\/urun\/yapay-zeka-yerimizi-alacak-mi\/"},"modified":"2026-04-16T02:31:53","modified_gmt":"2026-04-15T23:31:53","slug":"yapay-zeka-yerimizi-alacak-mi","status":"publish","type":"product","link":"https:\/\/roveyayinevi.com.tr\/index.php\/urun\/yapay-zeka-yerimizi-alacak-mi\/","title":{"rendered":"Yapay Zeka Yerimizi Alacak m\u0131?"},"content":{"rendered":"<p>Hep kitap\u2019tan yenilik\u00e7i, bilgilendirici, \u00e7\u0131\u011f\u0131r a\u00e7\u0131c\u0131 yepyeni bir dizi: \u00d6nemli Sorular! Bu kitaplar, hayatlar\u0131m\u0131zda ve bug\u00fcn\u00fcn d\u00fcnyas\u0131nda b\u00fcy\u00fck etkisi olan temel meselelere yepyeni bir pencereden bak\u0131yor. E\u015fsiz g\u00f6rsel tasar\u0131m\u0131 ve katmanl\u0131 metin yap\u0131s\u0131yla karma\u015f\u0131k konular\u0131 anlamam\u0131z\u0131 kolayla\u015ft\u0131r\u0131yor. Geriye sadece \u00f6nemli sorular\u0131n ard\u0131ndaki tart\u0131\u015fmalar\u0131n derinliklerine inmek kal\u0131yor.Son altm\u0131\u015f y\u0131lda makinelere hissetmeyi, \u00f6\u011frenmeyi, mant\u0131k y\u00fcr\u00fctmeyi ve harekete ge\u00e7meyi \u00f6\u011freten bir teknoloji olan yapay zek\u00e2 alan\u0131nda pek \u00e7ok \u015fa\u015f\u0131rt\u0131c\u0131 geli\u015fme ya\u015fand\u0131. \u0130nsans\u0131 robotlar ve s\u00fcr\u00fcc\u00fcs\u00fcz ara\u00e7lar d\u00fcnyayla kurdu\u011fumuz ili\u015fkide radikal bir de\u011fi\u015fimin sinyallerini verirken, sosyal medyadan Netflix\u2019e yapay zek\u00e2 evlerimize girdi bile.Yapay zek\u00e2n\u0131n ger\u00e7ekli\u011fe h\u00e2kim olaca\u011f\u0131 bir e\u015fikte miyiz? Bu geli\u015fen alan\u0131n etik kurallar\u0131 pratikte ne kadar ge\u00e7erli olacak? \u0130nsanlar yapay zek\u00e2n\u0131n gerisinde mi kalacak? Bu ilham verici kitapta hepimizi ilgilendiren o ikilem tart\u0131\u015f\u0131l\u0131yor: Yapay zek\u00e2 toplumu ve insanl\u0131\u011f\u0131 daha iyi bir gelece\u011fe mi ta\u015f\u0131yacak yoksa sonsuz g\u00fcc\u00fcyle t\u00fcm gezegene h\u00e2kim oldu\u011fu bir distopyaya do\u011fru mu ilerliyoruz?<\/p>\n","protected":false},"excerpt":{"rendered":"<p>Hep kitap\u2019tan yenilik\u00e7i, bilgilendirici, \u00e7\u0131\u011f\u0131r a\u00e7\u0131c\u0131 yepyeni bir dizi: \u00d6nemli Sorular! Bu kitaplar, hayatlar\u0131m\u0131zda ve bug\u00fcn\u00fcn d\u00fcnyas\u0131nda b\u00fcy\u00fck etkisi olan temel meselelere yepyeni bir pencereden bak\u0131yor.<span class=\"excerpt-hellip\"> [\u2026]<\/span><\/p>\n","protected":false},"featured_media":0,"template":"","meta":{"_monsterinsights_skip_tracking":false,"_monsterinsights_sitenote_active":false,"_monsterinsights_sitenote_note":"","_monsterinsights_sitenote_category":0},"product_brand":[],"product_cat":[13005,37328],"product_tag":[],"class_list":{"0":"post-723997","1":"product","2":"type-product","3":"status-publish","5":"product_cat-bilim-muhendislik","6":"product_cat-diger-bilim-muhendislik","7":"pa_cilt-ciltsiz","8":"pa_tur-kitap","9":"pa_yayinevi-hep-kitap","10":"pa_yazar-shelly-fan","12":"first","13":"instock","14":"sale","15":"shipping-taxable","16":"purchasable","17":"product-type-simple"},"_links":{"self":[{"href":"https:\/\/roveyayinevi.com.tr\/index.php\/wp-json\/wp\/v2\/product\/723997","targetHints":{"allow":["GET"]}}],"collection":[{"href":"https:\/\/roveyayinevi.com.tr\/index.php\/wp-json\/wp\/v2\/product"}],"about":[{"href":"https:\/\/roveyayinevi.com.tr\/index.php\/wp-json\/wp\/v2\/types\/product"}],"wp:attachment":[{"href":"https:\/\/roveyayinevi.com.tr\/index.php\/wp-json\/wp\/v2\/media?parent=723997"}],"wp:term":[{"taxonomy":"product_brand","embeddable":true,"href":"https:\/\/roveyayinevi.com.tr\/index.php\/wp-json\/wp\/v2\/product_brand?post=723997"},{"taxonomy":"product_cat","embeddable":true,"href":"https:\/\/roveyayinevi.com.tr\/index.php\/wp-json\/wp\/v2\/product_cat?post=723997"},{"taxonomy":"product_tag","embeddable":true,"href":"https:\/\/roveyayinevi.com.tr\/index.php\/wp-json\/wp\/v2\/product_tag?post=723997"}],"curies":[{"name":"wp","href":"https:\/\/api.w.org\/{rel}","templated":true}]}}