{"id":723996,"date":"2025-08-27T19:28:07","date_gmt":"2025-08-27T16:28:07","guid":{"rendered":"https:\/\/roveyayinevi.com.tr\/index.php\/urun\/sakarya-destani\/"},"modified":"2026-04-16T02:31:53","modified_gmt":"2026-04-15T23:31:53","slug":"sakarya-destani","status":"publish","type":"product","link":"https:\/\/roveyayinevi.com.tr\/index.php\/urun\/sakarya-destani\/","title":{"rendered":"Sakarya Destan\u0131"},"content":{"rendered":"<p>O koca Sakarya,O deli nehir,Gelir,Gelir,GelirVe bir an i\u00e7in durur.Sakarya&#8217;n\u0131n Hikayesi,Dilimiz el\u00f6nel\u00fc\u011f\u00fcnce, i\u015fte budur. Sadece bir nehir de\u011fil ayn\u0131 zamanda bir hik\u00e2ye toplay\u0131c\u0131s\u0131d\u0131r Sakarya. Ge\u00e7ti\u011fi k\u00f6ylerden toplad\u0131\u011f\u0131 Cumhuriyetin y\u00fcz y\u0131ll\u0131k yolculu\u011funu olu\u015fturan hik\u00e2yeleri o Karadeniz&#8217;e anlat\u0131rken biz de size naklettik bu destanla. S\u00fcr\u00e7-\u00fc kalem ettiysek affola.<\/p>\n","protected":false},"excerpt":{"rendered":"<p>O koca Sakarya,O deli nehir,Gelir,Gelir,GelirVe bir an i\u00e7in durur.Sakarya&#8217;n\u0131n Hikayesi,Dilimiz el\u00f6nel\u00fc\u011f\u00fcnce, i\u015fte budur. Sadece bir nehir de\u011fil ayn\u0131 zamanda bir hik\u00e2ye toplay\u0131c\u0131s\u0131d\u0131r Sakarya. Ge\u00e7ti\u011fi k\u00f6ylerden toplad\u0131\u011f\u0131<span class=\"excerpt-hellip\"> [\u2026]<\/span><\/p>\n","protected":false},"featured_media":0,"template":"","meta":{"_monsterinsights_skip_tracking":false,"_monsterinsights_sitenote_active":false,"_monsterinsights_sitenote_note":"","_monsterinsights_sitenote_category":0},"product_brand":[],"product_cat":[12291,13706],"product_tag":[],"class_list":{"0":"post-723996","1":"product","2":"type-product","3":"status-publish","5":"product_cat-edebiyat","6":"product_cat-efsane-destan-masal","7":"pa_cilt-ciltsiz","8":"pa_tur-kitap","9":"pa_yayinevi-bilgi-yayinevi","10":"pa_yazar-kerem-ozakman","12":"first","13":"instock","14":"sale","15":"shipping-taxable","16":"purchasable","17":"product-type-simple"},"_links":{"self":[{"href":"https:\/\/roveyayinevi.com.tr\/index.php\/wp-json\/wp\/v2\/product\/723996","targetHints":{"allow":["GET"]}}],"collection":[{"href":"https:\/\/roveyayinevi.com.tr\/index.php\/wp-json\/wp\/v2\/product"}],"about":[{"href":"https:\/\/roveyayinevi.com.tr\/index.php\/wp-json\/wp\/v2\/types\/product"}],"wp:attachment":[{"href":"https:\/\/roveyayinevi.com.tr\/index.php\/wp-json\/wp\/v2\/media?parent=723996"}],"wp:term":[{"taxonomy":"product_brand","embeddable":true,"href":"https:\/\/roveyayinevi.com.tr\/index.php\/wp-json\/wp\/v2\/product_brand?post=723996"},{"taxonomy":"product_cat","embeddable":true,"href":"https:\/\/roveyayinevi.com.tr\/index.php\/wp-json\/wp\/v2\/product_cat?post=723996"},{"taxonomy":"product_tag","embeddable":true,"href":"https:\/\/roveyayinevi.com.tr\/index.php\/wp-json\/wp\/v2\/product_tag?post=723996"}],"curies":[{"name":"wp","href":"https:\/\/api.w.org\/{rel}","templated":true}]}}