{"id":723994,"date":"2025-08-27T19:28:05","date_gmt":"2025-08-27T16:28:05","guid":{"rendered":"https:\/\/roveyayinevi.com.tr\/index.php\/urun\/dunyayi-duzeltmek\/"},"modified":"2026-04-16T02:31:53","modified_gmt":"2026-04-15T23:31:53","slug":"dunyayi-duzeltmek","status":"publish","type":"product","link":"https:\/\/roveyayinevi.com.tr\/index.php\/urun\/dunyayi-duzeltmek\/","title":{"rendered":"D\u00fcnyay\u0131 D\u00fczeltmek"},"content":{"rendered":"<p>Adnan Ad\u0131var, bug\u00fcn en \u00e7ok siyasi tarihimizde oynad\u0131\u011f\u0131 rolle tan\u0131n\u0131rken, d\u00fc\u015f\u00fcnsel yan\u0131 neredeyse sadece bilim tarihi alan\u0131ndaki \u00e7al\u0131\u015fmalar\u0131yla hat\u0131rlan\u0131yor. Halbuki kendisinden hemen sonraki ayd\u0131n ku\u015faklar\u0131 nezdindeki \u00e7ok y\u00fcksek itibar\u0131n\u0131 esasen hem hayat\u0131nda hem de bilimsel \u00fcretiminde son derece y\u00fcksek ahlaki standartlar g\u00fctmesiyle ve \u00e7evresindekileri bu standartlara uymaya zorlamas\u0131yla kazanm\u0131\u015f bir ayd\u0131nd\u0131r Ad\u0131var. Ad\u0131var\u2019\u0131n vazetti\u011fi etik, amans\u0131z bir ele\u015ftiri eti\u011fidir. Ele\u015ftirelli\u011fin getirdi\u011fi b\u00fct\u00fcn ac\u0131 sonu\u00e7lar\u0131, yani yaln\u0131z kalmay\u0131, her t\u00fcrl\u00fc cemaatin onay\u0131n\u0131 kaybedip \u201cdo\u011fru bildi\u011fi yolda yaln\u0131z gitmeyi\u201d g\u00f6ze alman\u0131n eti\u011fidir. Bilim anlay\u0131\u015f\u0131ndan siyaset prati\u011fine bir\u00e7ok meseleye bak\u0131\u015f\u0131n\u0131 k\u00f6kten belirlemi\u015f bu eti\u011fin temel ilkelerini de esasen 1940\u2019l\u0131 ve 1950\u2019li y\u0131llarda gazetelere yazd\u0131\u011f\u0131 denemelerde anlatm\u0131\u015ft\u0131r. D\u00fcnyay\u0131 D\u00fczeltmek, Ad\u0131var\u2019\u0131n daha \u00f6nce bir k\u0131sm\u0131n\u0131 \u00fc\u00e7 kitapta yay\u0131mlad\u0131\u011f\u0131 bu denemeler aras\u0131ndan ilk defa kitapla\u015fan y\u00fcz civar\u0131 yaz\u0131s\u0131n\u0131 bir araya getiriyor. Kitap, bilim tarihinden tarih metodolojisine, hukuk devleti ve demokrasiden yeni h\u00fcmanizm tart\u0131\u015fmalar\u0131na, dil ve k\u00fclt\u00fcrle ilgili meselelerden etik meselelere \u00e7ok geni\u015f bir alana uzanan ilgilerini b\u00fct\u00fcn \u00e7e\u015fitlili\u011fiyle ve hakk\u0131yla yans\u0131tmaya \u00e7al\u0131\u015f\u0131yor. Bu yaz\u0131larda Ad\u0131var, eski b\u00fcy\u00fck filozoflardan kendi d\u00f6neminin hemen hemen b\u00fct\u00fcn \u00f6nemli d\u00fc\u015f\u00fcn\u00fcrlerine kadar herkesle \u00e7ok s\u0131k diyalo\u011fa girer. \u00c7a\u011f\u0131n\u0131n temel meseleleri hakk\u0131nda y\u00fcr\u00fct\u00fclen evrensel tart\u0131\u015fmalara bir partner, s\u0131k kulland\u0131\u011f\u0131 tabirle \u201cBilgi Cumhuriyeti\u201dnin bir yurtta\u015f\u0131 olarak kat\u0131lma rahatl\u0131\u011f\u0131, d\u00fc\u015f\u00fcnce tarihimiz a\u00e7\u0131s\u0131ndan benzersiz say\u0131labilir. Onu ve fikirlerini, fikir haysiyetini, tahakk\u00fcm ve namussuzluk nefretini, hakikat aray\u0131\u015f\u0131n\u0131n sahici co\u015fkusunu tan\u0131mak g\u00fcn\u00fcm\u00fcz okurlar\u0131na da \u00e7ok iyi gelecek. <\/p>\n","protected":false},"excerpt":{"rendered":"<p>Adnan Ad\u0131var, bug\u00fcn en \u00e7ok siyasi tarihimizde oynad\u0131\u011f\u0131 rolle tan\u0131n\u0131rken, d\u00fc\u015f\u00fcnsel yan\u0131 neredeyse sadece bilim tarihi alan\u0131ndaki \u00e7al\u0131\u015fmalar\u0131yla hat\u0131rlan\u0131yor. Halbuki kendisinden hemen sonraki ayd\u0131n ku\u015faklar\u0131 nezdindeki<span class=\"excerpt-hellip\"> [\u2026]<\/span><\/p>\n","protected":false},"featured_media":0,"template":"","meta":{"_monsterinsights_skip_tracking":false,"_monsterinsights_sitenote_active":false,"_monsterinsights_sitenote_note":"","_monsterinsights_sitenote_category":0},"product_brand":[],"product_cat":[12777,12291],"product_tag":[],"class_list":{"0":"post-723994","1":"product","2":"type-product","3":"status-publish","5":"product_cat-deneme","6":"product_cat-edebiyat","7":"pa_cilt-ciltsiz","8":"pa_tur-kitap","9":"pa_yayinevi-can-yayinlari","10":"pa_yazar-a-adnan-adivar","12":"first","13":"instock","14":"sale","15":"shipping-taxable","16":"purchasable","17":"product-type-simple"},"_links":{"self":[{"href":"https:\/\/roveyayinevi.com.tr\/index.php\/wp-json\/wp\/v2\/product\/723994","targetHints":{"allow":["GET"]}}],"collection":[{"href":"https:\/\/roveyayinevi.com.tr\/index.php\/wp-json\/wp\/v2\/product"}],"about":[{"href":"https:\/\/roveyayinevi.com.tr\/index.php\/wp-json\/wp\/v2\/types\/product"}],"wp:attachment":[{"href":"https:\/\/roveyayinevi.com.tr\/index.php\/wp-json\/wp\/v2\/media?parent=723994"}],"wp:term":[{"taxonomy":"product_brand","embeddable":true,"href":"https:\/\/roveyayinevi.com.tr\/index.php\/wp-json\/wp\/v2\/product_brand?post=723994"},{"taxonomy":"product_cat","embeddable":true,"href":"https:\/\/roveyayinevi.com.tr\/index.php\/wp-json\/wp\/v2\/product_cat?post=723994"},{"taxonomy":"product_tag","embeddable":true,"href":"https:\/\/roveyayinevi.com.tr\/index.php\/wp-json\/wp\/v2\/product_tag?post=723994"}],"curies":[{"name":"wp","href":"https:\/\/api.w.org\/{rel}","templated":true}]}}