{"id":723987,"date":"2025-08-27T19:27:59","date_gmt":"2025-08-27T16:27:59","guid":{"rendered":"https:\/\/roveyayinevi.com.tr\/index.php\/urun\/doktordan-seks-yazilari-birinci-kitap\/"},"modified":"2026-04-11T13:50:14","modified_gmt":"2026-04-11T10:50:14","slug":"doktordan-seks-yazilari-birinci-kitap","status":"publish","type":"product","link":"https:\/\/roveyayinevi.com.tr\/index.php\/urun\/doktordan-seks-yazilari-birinci-kitap\/","title":{"rendered":"Doktordan Seks Yaz\u0131lar\u0131 &#8211; Birinci Kitap"},"content":{"rendered":"<p>Her randevusuna ge\u00e7 giden insanlar\u0131n \u00fclkesinde \u2018Erken Gelen\u2019lerin \u00f6yk\u00fcs\u00fc var bu kitapta\u2026 Kayg\u0131 verici, utand\u0131r\u0131c\u0131, sonraki deneyimler i\u00e7in \u00fcrk\u00fct\u00fcc\u00fcd\u00fcr \u00f6nceden gelmek. Erkek i\u00e7in kabustur, kad\u0131n i\u00e7inse b\u00fcy\u00fck bir dert. \u00c7ok basittir asl\u0131nda dinamikleri, kolayca tedavi edilebilir. Yeter ki erkek bir sorunu oldu\u011funu kabul edebilsin.\u0130\u015fte bu kitaota, sorunlar\u0131n\u0131 kabul eden insanlar\u0131n \u00f6yk\u00fcleri var. Ak\u0131c\u0131, merak uyand\u0131r\u0131c\u0131, bilgilendirici, h\u00fcz\u00fcnl\u00fc, ama e\u011flendirici terapi \u00f6yk\u00fcleri\u2026<\/p>\n","protected":false},"excerpt":{"rendered":"<p>Her randevusuna ge\u00e7 giden insanlar\u0131n \u00fclkesinde \u2018Erken Gelen\u2019lerin \u00f6yk\u00fcs\u00fc var bu kitapta\u2026 Kayg\u0131 verici, utand\u0131r\u0131c\u0131, sonraki deneyimler i\u00e7in \u00fcrk\u00fct\u00fcc\u00fcd\u00fcr \u00f6nceden gelmek. Erkek i\u00e7in kabustur, kad\u0131n i\u00e7inse<span class=\"excerpt-hellip\"> [\u2026]<\/span><\/p>\n","protected":false},"featured_media":0,"template":"","meta":{"_monsterinsights_skip_tracking":false,"_monsterinsights_sitenote_active":false,"_monsterinsights_sitenote_note":"","_monsterinsights_sitenote_category":0},"product_brand":[],"product_cat":[12291,12711],"product_tag":[],"class_list":{"0":"post-723987","1":"product","2":"type-product","3":"status-publish","5":"product_cat-edebiyat","6":"product_cat-roman-oyku","7":"pa_cilt-ciltsiz","8":"pa_tur-kitap","9":"pa_yayinevi-ilkim-ozan-yayinlari","10":"pa_yazar-semih-dikkatli","12":"first","13":"instock","14":"sale","15":"shipping-taxable","16":"purchasable","17":"product-type-simple"},"_links":{"self":[{"href":"https:\/\/roveyayinevi.com.tr\/index.php\/wp-json\/wp\/v2\/product\/723987","targetHints":{"allow":["GET"]}}],"collection":[{"href":"https:\/\/roveyayinevi.com.tr\/index.php\/wp-json\/wp\/v2\/product"}],"about":[{"href":"https:\/\/roveyayinevi.com.tr\/index.php\/wp-json\/wp\/v2\/types\/product"}],"wp:attachment":[{"href":"https:\/\/roveyayinevi.com.tr\/index.php\/wp-json\/wp\/v2\/media?parent=723987"}],"wp:term":[{"taxonomy":"product_brand","embeddable":true,"href":"https:\/\/roveyayinevi.com.tr\/index.php\/wp-json\/wp\/v2\/product_brand?post=723987"},{"taxonomy":"product_cat","embeddable":true,"href":"https:\/\/roveyayinevi.com.tr\/index.php\/wp-json\/wp\/v2\/product_cat?post=723987"},{"taxonomy":"product_tag","embeddable":true,"href":"https:\/\/roveyayinevi.com.tr\/index.php\/wp-json\/wp\/v2\/product_tag?post=723987"}],"curies":[{"name":"wp","href":"https:\/\/api.w.org\/{rel}","templated":true}]}}