{"id":723984,"date":"2025-08-27T19:27:56","date_gmt":"2025-08-27T16:27:56","guid":{"rendered":"https:\/\/roveyayinevi.com.tr\/index.php\/urun\/faili-firar\/"},"modified":"2026-04-16T02:31:53","modified_gmt":"2026-04-15T23:31:53","slug":"faili-firar","status":"publish","type":"product","link":"https:\/\/roveyayinevi.com.tr\/index.php\/urun\/faili-firar\/","title":{"rendered":"Faili Firar"},"content":{"rendered":"<p>Yal\u0131 \u00c7etesi roman\u0131n\u0131n yazar\u0131 \u015e\u00fckr\u00fc \u00dc\u00e7\u00fcnc\u00fc\u2019den, yine nefesinizi kesecek bir polisiye: Faili Firar\u20261995\u2019in son g\u00fcnlerine do\u011fru kent ak\u015fam h\u00fczn\u00fcne haz\u0131rlan\u0131rken \u0130stanbul itfaiyesine bir ihbar gelir. Olay yerine vard\u0131klar\u0131nda yanm\u0131\u015f bir ara\u00e7 ve kor haline gelmi\u015f bir cesetle kar\u015f\u0131la\u015f\u0131rlar. \u0130stanbul Emniyet M\u00fcd\u00fcrl\u00fc\u011f\u00fc\u2019n\u00fcn g\u00f6z\u00fc pek emektar polisi Komiser \u015eenol, bir ekip kurarak bu esrarengiz cinayetin izini s\u00fcrmeye koyulur.\u00d6zelinde yaln\u0131z bir ya\u015fam\u0131n verdi\u011fi eksikliklerin i\u00e7 hesapla\u015fmalar\u0131yla da sava\u015fan Komiser \u015eenol, soru\u015fturmay\u0131 derinle\u015ftirdik\u00e7e, i\u015f ve yeralt\u0131 d\u00fcnyas\u0131n\u0131n i\u00e7 i\u00e7e ge\u00e7mi\u015f kirli ili\u015fkilerinin, g\u00fc\u00e7 sava\u015flar\u0131n\u0131n ve siyaset odakl\u0131 \u00e7\u0131kar \u00e7at\u0131\u015fmalar\u0131n\u0131n ortas\u0131nda bulur kendini.Faili Firar, T\u00fcrkiye \u00fczerinden Yunanistan\u2019a, oradan G\u00fcrcistan ve Rusya\u2019ya kadar uzanan co\u011frafyada, gizli anla\u015fmalar\u0131n, para ve silah ticaretinin ne kadar b\u00fcy\u00fck boyutlarda oldu\u011funu da seriyor g\u00f6zler \u00f6n\u00fcne.Bir solukta okuyup bitirece\u011finiz Faili Firar, akl\u0131n\u0131z\u0131 uzun bir s\u00fcre me\u015fgul edecektir. \u00c7\u00fcnk\u00fc roman, bir d\u00f6neme damgas\u0131n\u0131 vurmu\u015f baz\u0131 karanl\u0131k ili\u015fkilerin bug\u00fcn dahi ayd\u0131nlat\u0131lamam\u0131\u015f olmas\u0131 nedeniyle bir s\u00fcr\u00fc soru i\u015fareti bar\u0131nd\u0131r\u0131yor i\u00e7inde.<\/p>\n","protected":false},"excerpt":{"rendered":"<p>Yal\u0131 \u00c7etesi roman\u0131n\u0131n yazar\u0131 \u015e\u00fckr\u00fc \u00dc\u00e7\u00fcnc\u00fc\u2019den, yine nefesinizi kesecek bir polisiye: Faili Firar\u20261995\u2019in son g\u00fcnlerine do\u011fru kent ak\u015fam h\u00fczn\u00fcne haz\u0131rlan\u0131rken \u0130stanbul itfaiyesine bir ihbar gelir. Olay<span class=\"excerpt-hellip\"> [\u2026]<\/span><\/p>\n","protected":false},"featured_media":0,"template":"","meta":{"_monsterinsights_skip_tracking":false,"_monsterinsights_sitenote_active":false,"_monsterinsights_sitenote_note":"","_monsterinsights_sitenote_category":0},"product_brand":[],"product_cat":[12291,12711],"product_tag":[],"class_list":{"0":"post-723984","1":"product","2":"type-product","3":"status-publish","5":"product_cat-edebiyat","6":"product_cat-roman-oyku","7":"pa_cilt-ciltsiz","8":"pa_tur-kitap","9":"pa_yayinevi-ilkim-ozan-yayinlari","10":"pa_yazar-sukru-ucuncu","12":"first","13":"instock","14":"sale","15":"shipping-taxable","16":"purchasable","17":"product-type-simple"},"_links":{"self":[{"href":"https:\/\/roveyayinevi.com.tr\/index.php\/wp-json\/wp\/v2\/product\/723984","targetHints":{"allow":["GET"]}}],"collection":[{"href":"https:\/\/roveyayinevi.com.tr\/index.php\/wp-json\/wp\/v2\/product"}],"about":[{"href":"https:\/\/roveyayinevi.com.tr\/index.php\/wp-json\/wp\/v2\/types\/product"}],"wp:attachment":[{"href":"https:\/\/roveyayinevi.com.tr\/index.php\/wp-json\/wp\/v2\/media?parent=723984"}],"wp:term":[{"taxonomy":"product_brand","embeddable":true,"href":"https:\/\/roveyayinevi.com.tr\/index.php\/wp-json\/wp\/v2\/product_brand?post=723984"},{"taxonomy":"product_cat","embeddable":true,"href":"https:\/\/roveyayinevi.com.tr\/index.php\/wp-json\/wp\/v2\/product_cat?post=723984"},{"taxonomy":"product_tag","embeddable":true,"href":"https:\/\/roveyayinevi.com.tr\/index.php\/wp-json\/wp\/v2\/product_tag?post=723984"}],"curies":[{"name":"wp","href":"https:\/\/api.w.org\/{rel}","templated":true}]}}