{"id":723977,"date":"2025-08-27T19:27:50","date_gmt":"2025-08-27T16:27:50","guid":{"rendered":"https:\/\/roveyayinevi.com.tr\/index.php\/urun\/isletme-ve-maliye-arastirmalari-denetim-vergileme-uretim-ve-yonetim-acisindan-seffaflik\/"},"modified":"2026-04-16T02:31:53","modified_gmt":"2026-04-15T23:31:53","slug":"isletme-ve-maliye-arastirmalari-denetim-vergileme-uretim-ve-yonetim-acisindan-seffaflik","status":"publish","type":"product","link":"https:\/\/roveyayinevi.com.tr\/index.php\/urun\/isletme-ve-maliye-arastirmalari-denetim-vergileme-uretim-ve-yonetim-acisindan-seffaflik\/","title":{"rendered":"\u0130\u015fletme ve Maliye Ara\u015ft\u0131rmalar\u0131 &#8211; Denetim, Vergileme, \u00dcretim ve Y\u00f6netim A\u00e7\u0131s\u0131ndan \u015eeffafl\u0131k"},"content":{"rendered":"<p>\u0130\u015fletme ve Maliye Ara\u015ft\u0131rmalar\u0131 &#8211; Denetim, Vergileme, \u00dcretim ve Y\u00f6netim A\u00e7\u0131s\u0131ndan \u015eeffafl\u0131k<\/p>\n","protected":false},"excerpt":{"rendered":"<p>\u0130\u015fletme ve Maliye Ara\u015ft\u0131rmalar\u0131 &#8211; Denetim, Vergileme, \u00dcretim ve Y\u00f6netim A\u00e7\u0131s\u0131ndan \u015eeffafl\u0131k<\/p>\n","protected":false},"featured_media":0,"template":"","meta":{"_monsterinsights_skip_tracking":false,"_monsterinsights_sitenote_active":false,"_monsterinsights_sitenote_note":"","_monsterinsights_sitenote_category":0},"product_brand":[],"product_cat":[13043,14381],"product_tag":[],"class_list":{"0":"post-723977","1":"product","2":"type-product","3":"status-publish","5":"product_cat-ekonomi","6":"product_cat-isletme-muhasebe-maliye","7":"pa_cilt-ciltsiz","8":"pa_tur-kitap","9":"pa_yayinevi-gazi-kitabevi","10":"pa_yazar-ahmet-arslan-esra-cikmaz","12":"first","13":"instock","14":"sale","15":"shipping-taxable","16":"purchasable","17":"product-type-simple"},"_links":{"self":[{"href":"https:\/\/roveyayinevi.com.tr\/index.php\/wp-json\/wp\/v2\/product\/723977","targetHints":{"allow":["GET"]}}],"collection":[{"href":"https:\/\/roveyayinevi.com.tr\/index.php\/wp-json\/wp\/v2\/product"}],"about":[{"href":"https:\/\/roveyayinevi.com.tr\/index.php\/wp-json\/wp\/v2\/types\/product"}],"wp:attachment":[{"href":"https:\/\/roveyayinevi.com.tr\/index.php\/wp-json\/wp\/v2\/media?parent=723977"}],"wp:term":[{"taxonomy":"product_brand","embeddable":true,"href":"https:\/\/roveyayinevi.com.tr\/index.php\/wp-json\/wp\/v2\/product_brand?post=723977"},{"taxonomy":"product_cat","embeddable":true,"href":"https:\/\/roveyayinevi.com.tr\/index.php\/wp-json\/wp\/v2\/product_cat?post=723977"},{"taxonomy":"product_tag","embeddable":true,"href":"https:\/\/roveyayinevi.com.tr\/index.php\/wp-json\/wp\/v2\/product_tag?post=723977"}],"curies":[{"name":"wp","href":"https:\/\/api.w.org\/{rel}","templated":true}]}}