{"id":723976,"date":"2025-08-27T19:27:50","date_gmt":"2025-08-27T16:27:50","guid":{"rendered":"https:\/\/roveyayinevi.com.tr\/index.php\/urun\/kesmir-uygarliktan-tutsakliga\/"},"modified":"2026-04-16T02:31:53","modified_gmt":"2026-04-15T23:31:53","slug":"kesmir-uygarliktan-tutsakliga","status":"publish","type":"product","link":"https:\/\/roveyayinevi.com.tr\/index.php\/urun\/kesmir-uygarliktan-tutsakliga\/","title":{"rendered":"Ke\u015fmir &#8211; Uygarl\u0131ktan Tutsakl\u0131\u011fa"},"content":{"rendered":"<p>Ke\u015fmir &#8211; Uygarl\u0131ktan Tutsakl\u0131\u011fa<\/p>\n","protected":false},"excerpt":{"rendered":"<p>Ke\u015fmir &#8211; Uygarl\u0131ktan Tutsakl\u0131\u011fa<\/p>\n","protected":false},"featured_media":0,"template":"","meta":{"_monsterinsights_skip_tracking":false,"_monsterinsights_sitenote_active":false,"_monsterinsights_sitenote_note":"","_monsterinsights_sitenote_category":0},"product_brand":[],"product_cat":[12370,12304],"product_tag":[],"class_list":{"0":"post-723976","1":"product","2":"type-product","3":"status-publish","5":"product_cat-arastirma-inceleme","6":"product_cat-tarih","7":"pa_cilt-ciltsiz","8":"pa_tur-kitap","9":"pa_yayinevi-gazi-kitabevi","10":"pa_yazar-davut-sahbaz","12":"first","13":"instock","14":"sale","15":"shipping-taxable","16":"purchasable","17":"product-type-simple"},"_links":{"self":[{"href":"https:\/\/roveyayinevi.com.tr\/index.php\/wp-json\/wp\/v2\/product\/723976","targetHints":{"allow":["GET"]}}],"collection":[{"href":"https:\/\/roveyayinevi.com.tr\/index.php\/wp-json\/wp\/v2\/product"}],"about":[{"href":"https:\/\/roveyayinevi.com.tr\/index.php\/wp-json\/wp\/v2\/types\/product"}],"wp:attachment":[{"href":"https:\/\/roveyayinevi.com.tr\/index.php\/wp-json\/wp\/v2\/media?parent=723976"}],"wp:term":[{"taxonomy":"product_brand","embeddable":true,"href":"https:\/\/roveyayinevi.com.tr\/index.php\/wp-json\/wp\/v2\/product_brand?post=723976"},{"taxonomy":"product_cat","embeddable":true,"href":"https:\/\/roveyayinevi.com.tr\/index.php\/wp-json\/wp\/v2\/product_cat?post=723976"},{"taxonomy":"product_tag","embeddable":true,"href":"https:\/\/roveyayinevi.com.tr\/index.php\/wp-json\/wp\/v2\/product_tag?post=723976"}],"curies":[{"name":"wp","href":"https:\/\/api.w.org\/{rel}","templated":true}]}}