{"id":723974,"date":"2025-08-27T19:27:49","date_gmt":"2025-08-27T16:27:49","guid":{"rendered":"https:\/\/roveyayinevi.com.tr\/index.php\/urun\/medya-ve-kulturel-calismalar\/"},"modified":"2026-04-16T02:31:53","modified_gmt":"2026-04-15T23:31:53","slug":"medya-ve-kulturel-calismalar","status":"publish","type":"product","link":"https:\/\/roveyayinevi.com.tr\/index.php\/urun\/medya-ve-kulturel-calismalar\/","title":{"rendered":"Medya ve K\u00fclt\u00fcrel \u00c7al\u0131\u015fmalar"},"content":{"rendered":"<p>Medya ve k\u00fclt\u00fcr, ya da daha kapsaml\u0131 bir bi\u00e7imde s\u00f6ylecek olursak medya i\u00e7erikleri, k\u00fclt\u00fcrel pratikler, nesneler ve temsiller, kapitalist toplumlarda nesnel ve spontane \u00fcretim olmaktan uzakla\u015fm\u0131\u015f ve sofistike stratejilerle geni\u015fleyen bir m\u00fccadele alan\u0131na d\u00f6n\u00fc\u015fm\u00fc\u015ft\u00fcr. Yaz\u0131l\u0131 ya da g\u00f6rsel medyada \u00fcretilen i\u00e7eriklerin d\u00fc\u015f\u00fcncenin somutla\u015ft\u0131r\u0131lmas\u0131\/g\u00f6rselle\u015ftirilmesi oldu\u011fu g\u00f6z \u00f6n\u00fcnde bulunduruldu\u011funda, s\u00f6z konusu temsillerin ideolojik i\u015flevi zorunlu bir bi\u00e7imde g\u00fcndeme gelecektir. Kapitalist g\u00f6stergeler ekonomisi i\u00e7erisinde ideolojik birer g\u00f6steren olarak \u00fcretilen temsiller, temsil ettikleri, nesnelerin anlam\u0131n\u0131 da kendi konumlar\u0131ndan hareketle tayin ederlert. B\u00f6ylelikle art\u0131k medya i\u00e7erikleri veya temsilleri bak\u0131lan de\u011fil, okunan metinlere d\u00f6n\u00fc\u015f\u00fcr.<\/p>\n","protected":false},"excerpt":{"rendered":"<p>Medya ve k\u00fclt\u00fcr, ya da daha kapsaml\u0131 bir bi\u00e7imde s\u00f6ylecek olursak medya i\u00e7erikleri, k\u00fclt\u00fcrel pratikler, nesneler ve temsiller, kapitalist toplumlarda nesnel ve spontane \u00fcretim olmaktan uzakla\u015fm\u0131\u015f<span class=\"excerpt-hellip\"> [\u2026]<\/span><\/p>\n","protected":false},"featured_media":0,"template":"","meta":{"_monsterinsights_skip_tracking":false,"_monsterinsights_sitenote_active":false,"_monsterinsights_sitenote_note":"","_monsterinsights_sitenote_category":0},"product_brand":[],"product_cat":[15983,13488],"product_tag":[],"class_list":{"0":"post-723974","1":"product","2":"type-product","3":"status-publish","5":"product_cat-iletisim-ve-medya","6":"product_cat-toplum-ve-insan","7":"pa_cilt-ciltsiz","8":"pa_tur-kitap","9":"pa_yayinevi-gazi-kitabevi","10":"pa_yazar-guven-ozdoyran","12":"first","13":"instock","14":"sale","15":"shipping-taxable","16":"purchasable","17":"product-type-simple"},"_links":{"self":[{"href":"https:\/\/roveyayinevi.com.tr\/index.php\/wp-json\/wp\/v2\/product\/723974","targetHints":{"allow":["GET"]}}],"collection":[{"href":"https:\/\/roveyayinevi.com.tr\/index.php\/wp-json\/wp\/v2\/product"}],"about":[{"href":"https:\/\/roveyayinevi.com.tr\/index.php\/wp-json\/wp\/v2\/types\/product"}],"wp:attachment":[{"href":"https:\/\/roveyayinevi.com.tr\/index.php\/wp-json\/wp\/v2\/media?parent=723974"}],"wp:term":[{"taxonomy":"product_brand","embeddable":true,"href":"https:\/\/roveyayinevi.com.tr\/index.php\/wp-json\/wp\/v2\/product_brand?post=723974"},{"taxonomy":"product_cat","embeddable":true,"href":"https:\/\/roveyayinevi.com.tr\/index.php\/wp-json\/wp\/v2\/product_cat?post=723974"},{"taxonomy":"product_tag","embeddable":true,"href":"https:\/\/roveyayinevi.com.tr\/index.php\/wp-json\/wp\/v2\/product_tag?post=723974"}],"curies":[{"name":"wp","href":"https:\/\/api.w.org\/{rel}","templated":true}]}}