{"id":723972,"date":"2025-08-27T19:27:48","date_gmt":"2025-08-27T16:27:48","guid":{"rendered":"https:\/\/roveyayinevi.com.tr\/index.php\/urun\/obezite-egzersiz-stres-bagirsak-mikrobiyotasi-ve-duygusal-yeme\/"},"modified":"2026-04-16T02:31:53","modified_gmt":"2026-04-15T23:31:53","slug":"obezite-egzersiz-stres-bagirsak-mikrobiyotasi-ve-duygusal-yeme","status":"publish","type":"product","link":"https:\/\/roveyayinevi.com.tr\/index.php\/urun\/obezite-egzersiz-stres-bagirsak-mikrobiyotasi-ve-duygusal-yeme\/","title":{"rendered":"Obezite &#8211; Egzersiz, Stres, Ba\u011f\u0131rsak, Mikrobiyotas\u0131 ve Duygusal Yeme"},"content":{"rendered":"<p>Obezite: Egzersiz, Stres, Ba\u011f\u0131rsak, Mikrobiyotas\u0131 ve Duygusal Yeme<\/p>\n","protected":false},"excerpt":{"rendered":"<p>Obezite: Egzersiz, Stres, Ba\u011f\u0131rsak, Mikrobiyotas\u0131 ve Duygusal Yeme<\/p>\n","protected":false},"featured_media":0,"template":"","meta":{"_monsterinsights_skip_tracking":false,"_monsterinsights_sitenote_active":false,"_monsterinsights_sitenote_note":"","_monsterinsights_sitenote_category":0},"product_brand":[],"product_cat":[13402,13365],"product_tag":[],"class_list":{"0":"post-723972","1":"product","2":"type-product","3":"status-publish","5":"product_cat-beslenme-ve-diyet","6":"product_cat-saglik","7":"pa_cilt-ciltsiz","8":"pa_tur-kitap","9":"pa_yayinevi-gazi-kitabevi","10":"pa_yazar-ayca-genc-aygul-caglayan-tunc","12":"first","13":"instock","14":"sale","15":"shipping-taxable","16":"purchasable","17":"product-type-simple"},"_links":{"self":[{"href":"https:\/\/roveyayinevi.com.tr\/index.php\/wp-json\/wp\/v2\/product\/723972","targetHints":{"allow":["GET"]}}],"collection":[{"href":"https:\/\/roveyayinevi.com.tr\/index.php\/wp-json\/wp\/v2\/product"}],"about":[{"href":"https:\/\/roveyayinevi.com.tr\/index.php\/wp-json\/wp\/v2\/types\/product"}],"wp:attachment":[{"href":"https:\/\/roveyayinevi.com.tr\/index.php\/wp-json\/wp\/v2\/media?parent=723972"}],"wp:term":[{"taxonomy":"product_brand","embeddable":true,"href":"https:\/\/roveyayinevi.com.tr\/index.php\/wp-json\/wp\/v2\/product_brand?post=723972"},{"taxonomy":"product_cat","embeddable":true,"href":"https:\/\/roveyayinevi.com.tr\/index.php\/wp-json\/wp\/v2\/product_cat?post=723972"},{"taxonomy":"product_tag","embeddable":true,"href":"https:\/\/roveyayinevi.com.tr\/index.php\/wp-json\/wp\/v2\/product_tag?post=723972"}],"curies":[{"name":"wp","href":"https:\/\/api.w.org\/{rel}","templated":true}]}}