{"id":723971,"date":"2025-08-27T19:27:47","date_gmt":"2025-08-27T16:27:47","guid":{"rendered":"https:\/\/roveyayinevi.com.tr\/index.php\/urun\/sizi-yalanlarla-beslemek\/"},"modified":"2026-04-16T02:31:53","modified_gmt":"2026-04-15T23:31:53","slug":"sizi-yalanlarla-beslemek","status":"publish","type":"product","link":"https:\/\/roveyayinevi.com.tr\/index.php\/urun\/sizi-yalanlarla-beslemek\/","title":{"rendered":"Sizi Yalanlarla Beslemek"},"content":{"rendered":"<p>Ne yiyece\u011fimiz konusunda bir\u00e7ok karma\u015fa vard\u0131r. Bir diyetten \u00f6tekine atl\u0131yorsunuz ve hi\u00e7biri i\u015fe yaramaz gibi mi g\u00f6r\u00fcn\u00fcyor? Uzmanlar\u0131n birbiriyle \u00e7eli\u015fen sa\u011fl\u0131k tavsiyelerinden s\u0131k\u0131ld\u0131n\u0131z m\u0131? T\u00fct\u00fcn end\u00fcstrisinin bize sigaran\u0131n zararlar\u0131 hakk\u0131ndaki s\u00f6yledikleri yalanlara, \u00fcst\u00fcn\u00fc kapamacalara ve yan\u0131lt\u0131c\u0131 uygulamalara benzer \u015feyler g\u0131da end\u00fcstrisinde de meydana gelmektedir.G\u0131da Bebe\u011fi lakapl\u0131 Vani Hari, t\u00fcketti\u011fimiz g\u0131dalarla ilgili bu yalanlar\u0131 elinizdeki kitapta g\u00f6zler \u00f6n\u00fcne sermektedir. Bunlar g\u0131dalar\u0131n besin de\u011ferleri, sa\u011fl\u0131m\u0131z \u00fczerindeki etkileri, ambalajlar\u0131n \u00fczerindeki bilgiler ve hatta g\u0131da se\u00e7imlerimizi y\u00f6nlendiren bilimsel ara\u015ft\u0131rmalarla ilgilidir.<\/p>\n","protected":false},"excerpt":{"rendered":"<p>Ne yiyece\u011fimiz konusunda bir\u00e7ok karma\u015fa vard\u0131r. Bir diyetten \u00f6tekine atl\u0131yorsunuz ve hi\u00e7biri i\u015fe yaramaz gibi mi g\u00f6r\u00fcn\u00fcyor? Uzmanlar\u0131n birbiriyle \u00e7eli\u015fen sa\u011fl\u0131k tavsiyelerinden s\u0131k\u0131ld\u0131n\u0131z m\u0131? T\u00fct\u00fcn end\u00fcstrisinin<span class=\"excerpt-hellip\"> [\u2026]<\/span><\/p>\n","protected":false},"featured_media":0,"template":"","meta":{"_monsterinsights_skip_tracking":false,"_monsterinsights_sitenote_active":false,"_monsterinsights_sitenote_note":"","_monsterinsights_sitenote_category":0},"product_brand":[],"product_cat":[13402,13365],"product_tag":[],"class_list":{"0":"post-723971","1":"product","2":"type-product","3":"status-publish","5":"product_cat-beslenme-ve-diyet","6":"product_cat-saglik","7":"pa_cilt-ciltsiz","8":"pa_tur-kitap","9":"pa_yayinevi-butik-yayinlari","10":"pa_yazar-vani-hari","12":"first","13":"instock","14":"sale","15":"shipping-taxable","16":"purchasable","17":"product-type-simple"},"_links":{"self":[{"href":"https:\/\/roveyayinevi.com.tr\/index.php\/wp-json\/wp\/v2\/product\/723971","targetHints":{"allow":["GET"]}}],"collection":[{"href":"https:\/\/roveyayinevi.com.tr\/index.php\/wp-json\/wp\/v2\/product"}],"about":[{"href":"https:\/\/roveyayinevi.com.tr\/index.php\/wp-json\/wp\/v2\/types\/product"}],"wp:attachment":[{"href":"https:\/\/roveyayinevi.com.tr\/index.php\/wp-json\/wp\/v2\/media?parent=723971"}],"wp:term":[{"taxonomy":"product_brand","embeddable":true,"href":"https:\/\/roveyayinevi.com.tr\/index.php\/wp-json\/wp\/v2\/product_brand?post=723971"},{"taxonomy":"product_cat","embeddable":true,"href":"https:\/\/roveyayinevi.com.tr\/index.php\/wp-json\/wp\/v2\/product_cat?post=723971"},{"taxonomy":"product_tag","embeddable":true,"href":"https:\/\/roveyayinevi.com.tr\/index.php\/wp-json\/wp\/v2\/product_tag?post=723971"}],"curies":[{"name":"wp","href":"https:\/\/api.w.org\/{rel}","templated":true}]}}