{"id":723970,"date":"2025-08-27T19:27:46","date_gmt":"2025-08-27T16:27:46","guid":{"rendered":"https:\/\/roveyayinevi.com.tr\/index.php\/urun\/kadinlar-icin-sigarayi-birakmanin-kolay-yolu\/"},"modified":"2026-04-16T02:31:53","modified_gmt":"2026-04-15T23:31:53","slug":"kadinlar-icin-sigarayi-birakmanin-kolay-yolu","status":"publish","type":"product","link":"https:\/\/roveyayinevi.com.tr\/index.php\/urun\/kadinlar-icin-sigarayi-birakmanin-kolay-yolu\/","title":{"rendered":"Kad\u0131nlar \u0130\u00e7in Sigaray\u0131 B\u0131rakman\u0131n Kolay Yolu"},"content":{"rendered":"<p>Kad\u0131nlar \u0130\u00e7in Sigaray\u0131 B\u0131rakman\u0131n Kolay Yolu kitab\u0131nda Allen Carr, kad\u0131nlar\u0131n sigaray\u0131 b\u0131rakmaya \u00e7al\u0131\u015f\u0131rken kar\u015f\u0131la\u015fabilecekleri zorluklar\u0131 ve Kolay Yol\u2019un bu zorluklar\u0131 nas\u0131l ba\u015far\u0131yla ortadan kald\u0131raca\u011f\u0131n\u0131 g\u00f6steriyor. Art\u0131k t\u00fct\u00fcn firmalar\u0131 kad\u0131nlar\u0131 daha \u00e7ok hedef al\u0131yorlar ve maalesef kad\u0131n sigara i\u00e7en say\u0131s\u0131 her g\u00fcn art\u0131yor. Bu kitap her kad\u0131n\u0131n nikotin tuza\u011f\u0131ndan kolayl\u0131kla, ac\u0131 \u00e7ekmeden ve kal\u0131c\u0131 \u015fekilde ve hatta kilo almadan ka\u00e7mas\u0131n\u0131 sa\u011fl\u0131yor.<\/p>\n","protected":false},"excerpt":{"rendered":"<p>Kad\u0131nlar \u0130\u00e7in Sigaray\u0131 B\u0131rakman\u0131n Kolay Yolu kitab\u0131nda Allen Carr, kad\u0131nlar\u0131n sigaray\u0131 b\u0131rakmaya \u00e7al\u0131\u015f\u0131rken kar\u015f\u0131la\u015fabilecekleri zorluklar\u0131 ve Kolay Yol\u2019un bu zorluklar\u0131 nas\u0131l ba\u015far\u0131yla ortadan kald\u0131raca\u011f\u0131n\u0131 g\u00f6steriyor. Art\u0131k<span class=\"excerpt-hellip\"> [\u2026]<\/span><\/p>\n","protected":false},"featured_media":0,"template":"","meta":{"_monsterinsights_skip_tracking":false,"_monsterinsights_sitenote_active":false,"_monsterinsights_sitenote_note":"","_monsterinsights_sitenote_category":0},"product_brand":[],"product_cat":[14787,13488],"product_tag":[],"class_list":{"0":"post-723970","1":"product","2":"type-product","3":"status-publish","5":"product_cat-diger-toplum-ve-insan","6":"product_cat-toplum-ve-insan","7":"pa_cilt-ciltsiz","8":"pa_tur-kitap","9":"pa_yayinevi-butik-yayinlari","10":"pa_yazar-allen-carr","12":"first","13":"instock","14":"sale","15":"shipping-taxable","16":"purchasable","17":"product-type-simple"},"_links":{"self":[{"href":"https:\/\/roveyayinevi.com.tr\/index.php\/wp-json\/wp\/v2\/product\/723970","targetHints":{"allow":["GET"]}}],"collection":[{"href":"https:\/\/roveyayinevi.com.tr\/index.php\/wp-json\/wp\/v2\/product"}],"about":[{"href":"https:\/\/roveyayinevi.com.tr\/index.php\/wp-json\/wp\/v2\/types\/product"}],"wp:attachment":[{"href":"https:\/\/roveyayinevi.com.tr\/index.php\/wp-json\/wp\/v2\/media?parent=723970"}],"wp:term":[{"taxonomy":"product_brand","embeddable":true,"href":"https:\/\/roveyayinevi.com.tr\/index.php\/wp-json\/wp\/v2\/product_brand?post=723970"},{"taxonomy":"product_cat","embeddable":true,"href":"https:\/\/roveyayinevi.com.tr\/index.php\/wp-json\/wp\/v2\/product_cat?post=723970"},{"taxonomy":"product_tag","embeddable":true,"href":"https:\/\/roveyayinevi.com.tr\/index.php\/wp-json\/wp\/v2\/product_tag?post=723970"}],"curies":[{"name":"wp","href":"https:\/\/api.w.org\/{rel}","templated":true}]}}