{"id":723969,"date":"2025-08-27T19:27:45","date_gmt":"2025-08-27T16:27:45","guid":{"rendered":"https:\/\/roveyayinevi.com.tr\/index.php\/urun\/kilim\/"},"modified":"2026-04-16T02:31:53","modified_gmt":"2026-04-15T23:31:53","slug":"kilim","status":"publish","type":"product","link":"https:\/\/roveyayinevi.com.tr\/index.php\/urun\/kilim\/","title":{"rendered":"Kilim"},"content":{"rendered":"<p>Bir \u00e7ocu\u011fun g\u00f6z\u00fcnden 1930 Zilan isyan\u0131 ve sonras\u0131nda geli\u015fen tehcir&#8230; isyan s\u0131ras\u0131nda ya\u015fanan hayal k\u0131r\u0131kl\u0131\u011f\u0131&#8230; Tehcirle birlikte ortaya \u00e7\u0131kan kitlesel travma ve savrulan hayatlar&#8230; Ac\u0131l\u0131 s\u00fcrecin ard\u0131ndan kendini hissettiren yeni umut k\u0131v\u0131lc\u0131mlar\u0131&#8230; Bu toplumsal alt\u00fcst olu\u015f s\u00fcrecinde tutunacak biricik dal, a\u015fk&#8230;Eyy\u00fcp Altun&#8217;un, ideolojik de\u011ferlendirmelerden \u00f6zenle ka\u00e7\u0131n\u0131p daha \u00e7ok insani ve sosyolojik de\u011ferleri g\u00f6zeterek kaleme ald\u0131\u011f\u0131 Kilim, baz\u0131 motifleriyle i\u00e7inizi yakacak, baz\u0131 motifleriyle ise size umut verecek bir roman.<\/p>\n","protected":false},"excerpt":{"rendered":"<p>Bir \u00e7ocu\u011fun g\u00f6z\u00fcnden 1930 Zilan isyan\u0131 ve sonras\u0131nda geli\u015fen tehcir&#8230; isyan s\u0131ras\u0131nda ya\u015fanan hayal k\u0131r\u0131kl\u0131\u011f\u0131&#8230; Tehcirle birlikte ortaya \u00e7\u0131kan kitlesel travma ve savrulan hayatlar&#8230; Ac\u0131l\u0131 s\u00fcrecin<span class=\"excerpt-hellip\"> [\u2026]<\/span><\/p>\n","protected":false},"featured_media":0,"template":"","meta":{"_monsterinsights_skip_tracking":false,"_monsterinsights_sitenote_active":false,"_monsterinsights_sitenote_note":"","_monsterinsights_sitenote_category":0},"product_brand":[],"product_cat":[12291,12711],"product_tag":[],"class_list":{"0":"post-723969","1":"product","2":"type-product","3":"status-publish","5":"product_cat-edebiyat","6":"product_cat-roman-oyku","7":"pa_cilt-ciltsiz","8":"pa_tur-kitap","9":"pa_yayinevi-boyalikus-yayinlari","10":"pa_yazar-eyyup-altun","12":"first","13":"instock","14":"sale","15":"shipping-taxable","16":"purchasable","17":"product-type-simple"},"_links":{"self":[{"href":"https:\/\/roveyayinevi.com.tr\/index.php\/wp-json\/wp\/v2\/product\/723969","targetHints":{"allow":["GET"]}}],"collection":[{"href":"https:\/\/roveyayinevi.com.tr\/index.php\/wp-json\/wp\/v2\/product"}],"about":[{"href":"https:\/\/roveyayinevi.com.tr\/index.php\/wp-json\/wp\/v2\/types\/product"}],"wp:attachment":[{"href":"https:\/\/roveyayinevi.com.tr\/index.php\/wp-json\/wp\/v2\/media?parent=723969"}],"wp:term":[{"taxonomy":"product_brand","embeddable":true,"href":"https:\/\/roveyayinevi.com.tr\/index.php\/wp-json\/wp\/v2\/product_brand?post=723969"},{"taxonomy":"product_cat","embeddable":true,"href":"https:\/\/roveyayinevi.com.tr\/index.php\/wp-json\/wp\/v2\/product_cat?post=723969"},{"taxonomy":"product_tag","embeddable":true,"href":"https:\/\/roveyayinevi.com.tr\/index.php\/wp-json\/wp\/v2\/product_tag?post=723969"}],"curies":[{"name":"wp","href":"https:\/\/api.w.org\/{rel}","templated":true}]}}