{"id":723968,"date":"2025-08-27T19:27:45","date_gmt":"2025-08-27T16:27:45","guid":{"rendered":"https:\/\/roveyayinevi.com.tr\/index.php\/urun\/adamin-hikayesi\/"},"modified":"2026-04-16T02:31:53","modified_gmt":"2026-04-15T23:31:53","slug":"adamin-hikayesi","status":"publish","type":"product","link":"https:\/\/roveyayinevi.com.tr\/index.php\/urun\/adamin-hikayesi\/","title":{"rendered":"Adam\u0131n Hikayesi"},"content":{"rendered":"<p>&#8220;Adam\u0131n Hikayesi&#8221;tek ki\u015filik bir g\u00f6steri olarak ba\u015flad\u0131. 2016 y\u0131l\u0131ndan bu yana devam eden bu g\u00f6steride, bir\u00e7ok farkl\u0131 kaynaktan edinilen ve tabii ki bir k\u0131sm\u0131 da yazar\u0131n kendi ara\u015ft\u0131rmalar\u0131ndan elde edi:mi\u015f, Atat\u00fcrkle ilgili az bilinen olaylar ve anekdotlar kullan\u0131lm\u0131\u015ft\u0131r. Ana tema olarak g\u00f6steride anlat\u0131lan olaylar\u0131n yer ald\u0131\u011f\u0131 bu kitapta, Atat\u00fcrk&#8217;le tan\u0131\u015fma f\u0131rsat\u0131n\u0131 yakalayan \u00e7ift\u00e7isinden ordu komutanlar\u0131na kadar bir\u00e7ok yerli ve yabanc\u0131 \u015fahsiyetin onunla ilgili an\u0131lar\u0131 yer almaktad\u0131r. Bu olaylar\u0131n kimi h\u00fcz\u00fcnl\u00fc, kimi e\u011flenceli, kimi insan\u0131n y\u00fcre\u011fini bu vatan\u0131n bir evlad\u0131 olmaktan dolay\u0131 gurur ve heyecanla dolduran niteliktedir.Kitapta anlat\u0131lan ve hepsi ya\u015fanm\u0131\u015f olan \u00f6yk\u00fcler, Atat\u00fcrk&#8217;\u00fcn bir asker ve bir lider olarak ne kadar az bulunan, ne kadar \u00fcst\u00fcn vas\u0131flara haiz oldu\u011funu; ayn\u0131 zamanda da ne kadar al\u00e7akg\u00f6n\u00fcll\u00fc, zeki ve \u00f6zverili bir insan oldu\u011funu g\u00f6stermektedir.G\u00f6steride seyircileri \u00e7ok duyguland\u0131ran ve co\u015fturan bu olaylar\u0131 bir kitap halinde sizlerin be\u011fenisine sunmak istedik; Atat\u00fcrk&#8217;\u00fcn bu \u00fclke i\u00e7in yapt\u0131klar\u0131na duydu\u011fumuz minnettarl\u0131\u011f\u0131n bir ifadesi olarak.<\/p>\n","protected":false},"excerpt":{"rendered":"<p>&#8220;Adam\u0131n Hikayesi&#8221;tek ki\u015filik bir g\u00f6steri olarak ba\u015flad\u0131. 2016 y\u0131l\u0131ndan bu yana devam eden bu g\u00f6steride, bir\u00e7ok farkl\u0131 kaynaktan edinilen ve tabii ki bir k\u0131sm\u0131 da yazar\u0131n<span class=\"excerpt-hellip\"> [\u2026]<\/span><\/p>\n","protected":false},"featured_media":0,"template":"","meta":{"_monsterinsights_skip_tracking":false,"_monsterinsights_sitenote_active":false,"_monsterinsights_sitenote_note":"","_monsterinsights_sitenote_category":0},"product_brand":[],"product_cat":[12370,12304],"product_tag":[],"class_list":{"0":"post-723968","1":"product","2":"type-product","3":"status-publish","5":"product_cat-arastirma-inceleme","6":"product_cat-tarih","7":"pa_cilt-ciltsiz","8":"pa_tur-kitap","9":"pa_yayinevi-boyalikus-yayinlari","10":"pa_yazar-ertugrul-sertbas","12":"first","13":"instock","14":"sale","15":"shipping-taxable","16":"purchasable","17":"product-type-simple"},"_links":{"self":[{"href":"https:\/\/roveyayinevi.com.tr\/index.php\/wp-json\/wp\/v2\/product\/723968","targetHints":{"allow":["GET"]}}],"collection":[{"href":"https:\/\/roveyayinevi.com.tr\/index.php\/wp-json\/wp\/v2\/product"}],"about":[{"href":"https:\/\/roveyayinevi.com.tr\/index.php\/wp-json\/wp\/v2\/types\/product"}],"wp:attachment":[{"href":"https:\/\/roveyayinevi.com.tr\/index.php\/wp-json\/wp\/v2\/media?parent=723968"}],"wp:term":[{"taxonomy":"product_brand","embeddable":true,"href":"https:\/\/roveyayinevi.com.tr\/index.php\/wp-json\/wp\/v2\/product_brand?post=723968"},{"taxonomy":"product_cat","embeddable":true,"href":"https:\/\/roveyayinevi.com.tr\/index.php\/wp-json\/wp\/v2\/product_cat?post=723968"},{"taxonomy":"product_tag","embeddable":true,"href":"https:\/\/roveyayinevi.com.tr\/index.php\/wp-json\/wp\/v2\/product_tag?post=723968"}],"curies":[{"name":"wp","href":"https:\/\/api.w.org\/{rel}","templated":true}]}}