{"id":723967,"date":"2025-08-27T19:27:44","date_gmt":"2025-08-27T16:27:44","guid":{"rendered":"https:\/\/roveyayinevi.com.tr\/index.php\/urun\/devam-edebilmek\/"},"modified":"2026-04-08T02:39:32","modified_gmt":"2026-04-07T23:39:32","slug":"devam-edebilmek","status":"publish","type":"product","link":"https:\/\/roveyayinevi.com.tr\/index.php\/urun\/devam-edebilmek\/","title":{"rendered":"Devam Edebilmek"},"content":{"rendered":"<p>Daha \u00f6nce yazd\u0131\u011f\u0131 Bir Sanat\u00e7\u0131 Gibi Araklay\u0131n adl\u0131 kitapla New York Times \u00e7ok satanlar listesinde yer alan Austin Kleon, okurlar\u0131na yarat\u0131c\u0131l\u0131klar\u0131n\u0131n kap\u0131s\u0131n\u0131 a\u00e7acak bir anahtar sunarak nas\u0131l tan\u0131nacaklar\u0131n\u0131 g\u00f6sterdi. \u015eimdi de en ilham verici \u00e7al\u0131\u015fmas\u0131n\u0131 bizlere sunmaktad\u0131r: On basit ilkeyle ya\u015fam\u0131m\u0131z su\u0308resince yarat\u0131c\u0131l\u0131\u011f\u0131m\u0131z\u0131 nas\u0131l su\u0308rdu\u0308rece\u011fimizi, dikkatimizi nas\u0131l koruyaca\u011f\u0131m\u0131z\u0131 ve kendimize sad\u0131k kalaca\u011f\u0131m\u0131z\u0131 anlat\u0131r. Yarat\u0131c\u0131 ya\u015fam bir biti\u015f \u00e7izgisine do\u011fru yap\u0131lan do\u011frusal bir yolculuk de\u011fildir; bir d\u00f6ngu\u0308du\u0308r, bu nedenle gu\u0308ndelik bir rutin olu\u015fturmak \u00f6nemlidir \u00e7u\u0308nku\u0308 bugu\u0308n asl\u0131nda bir \u00f6nemi olan tek gu\u0308ndu\u0308r. Kendinizle ba\u011flant\u0131 kurabilmek i\u00e7in du\u0308nyayla olan ba\u011flant\u0131n\u0131z\u0131 koparman\u0131z ve bazen de kendinizi u\u00e7u\u015f konumuna alman\u0131z gereklidir. Devam Edebilmek\u2019te a\u00e7\u0131k havaya \u00e7\u0131kman\u0131n ve yu\u0308ru\u0308yu\u0308\u015f yapman\u0131n \u00f6neminden s\u00f6z edilir (y\u00f6netmen Ingmar Bergman\u2019\u0131n k\u0131z\u0131na s\u00f6yledi\u011fi gibi \u201c\u015eeytanlar A\u00e7\u0131k Havadan Nefret Eder\u201d). Dikkat etmeniz ve \u00f6zellikle de \u201cneye dikkat etti\u011finize\u201d dikkat etmeniz gereklidir. \u201cYapmak\u201d konusunda daha az ve \u201cyapt\u0131\u011f\u0131n\u0131z\u0131n de\u011feri\u201d konusunda daha fazla kayg\u0131lanman\u0131z gereklidir. Bir iz b\u0131rakmaya odaklanmak yerine bir \u015feyleri buldu\u011funuzdan daha iyi durumda b\u0131rakmaya odaklanmal\u0131s\u0131n\u0131z. Devam Edebilmek pratik, zamana dayan\u0131kl\u0131, etik ilkeleriyle anlaml\u0131 ve verimli bir hayat\u0131 olmas\u0131n\u0131 arzu eden herkes i\u00e7in ge\u00e7erlidir.<\/p>\n","protected":false},"excerpt":{"rendered":"<p>Daha \u00f6nce yazd\u0131\u011f\u0131 Bir Sanat\u00e7\u0131 Gibi Araklay\u0131n adl\u0131 kitapla New York Times \u00e7ok satanlar listesinde yer alan Austin Kleon, okurlar\u0131na yarat\u0131c\u0131l\u0131klar\u0131n\u0131n kap\u0131s\u0131n\u0131 a\u00e7acak bir anahtar sunarak<span class=\"excerpt-hellip\"> [\u2026]<\/span><\/p>\n","protected":false},"featured_media":0,"template":"","meta":{"_monsterinsights_skip_tracking":false,"_monsterinsights_sitenote_active":false,"_monsterinsights_sitenote_note":"","_monsterinsights_sitenote_category":0},"product_brand":[],"product_cat":[12291,12711],"product_tag":[],"class_list":{"0":"post-723967","1":"product","2":"type-product","3":"status-publish","5":"product_cat-edebiyat","6":"product_cat-roman-oyku","7":"pa_cilt-ciltsiz","8":"pa_tur-kitap","9":"pa_yayinevi-butik-yayinlari","10":"pa_yazar-austin-kleon","12":"first","13":"instock","14":"sale","15":"shipping-taxable","16":"purchasable","17":"product-type-simple"},"_links":{"self":[{"href":"https:\/\/roveyayinevi.com.tr\/index.php\/wp-json\/wp\/v2\/product\/723967","targetHints":{"allow":["GET"]}}],"collection":[{"href":"https:\/\/roveyayinevi.com.tr\/index.php\/wp-json\/wp\/v2\/product"}],"about":[{"href":"https:\/\/roveyayinevi.com.tr\/index.php\/wp-json\/wp\/v2\/types\/product"}],"wp:attachment":[{"href":"https:\/\/roveyayinevi.com.tr\/index.php\/wp-json\/wp\/v2\/media?parent=723967"}],"wp:term":[{"taxonomy":"product_brand","embeddable":true,"href":"https:\/\/roveyayinevi.com.tr\/index.php\/wp-json\/wp\/v2\/product_brand?post=723967"},{"taxonomy":"product_cat","embeddable":true,"href":"https:\/\/roveyayinevi.com.tr\/index.php\/wp-json\/wp\/v2\/product_cat?post=723967"},{"taxonomy":"product_tag","embeddable":true,"href":"https:\/\/roveyayinevi.com.tr\/index.php\/wp-json\/wp\/v2\/product_tag?post=723967"}],"curies":[{"name":"wp","href":"https:\/\/api.w.org\/{rel}","templated":true}]}}