{"id":723964,"date":"2025-08-27T19:27:41","date_gmt":"2025-08-27T16:27:41","guid":{"rendered":"https:\/\/roveyayinevi.com.tr\/index.php\/urun\/sen-de-konusabilirsin\/"},"modified":"2026-04-16T02:31:53","modified_gmt":"2026-04-15T23:31:53","slug":"sen-de-konusabilirsin","status":"publish","type":"product","link":"https:\/\/roveyayinevi.com.tr\/index.php\/urun\/sen-de-konusabilirsin\/","title":{"rendered":"Sen de Konu\u015fabilirsin"},"content":{"rendered":"<p>Yabanc\u0131 dil edinme konusunda yapt\u0131\u011f\u0131 \u00e7al\u0131\u015fmalar sonucu geli\u015ftirdi\u011fi \u201cYek Metodu\u201d ile binlerce ki\u015fiye \u0130ngilizce ve Frans\u0131zca \u00f6\u011freten Seda Yekeler\u2019den, yeni bir dil \u00f6\u011frenmek isteyenler i\u00e7in k\u0131lavuz bir kitap: Sen de Konu\u015fabilirsin. Dil edinmek u\u011fruna farkl\u0131 sistemler denemis\u0327, kurslara yaz\u0131lm\u0131\u015f, evi gramer kitaplar\u0131ndan ge\u00e7ilmeyen, belki yurtd\u0131\u015f\u0131nda ya\u015fam\u0131\u015f ama rahat ve ak\u0131c\u0131 bir \u015fekilde konus\u0327amayan ne \u00e7ok ki\u015fi vard\u0131r! Hele YouTube kanallar\u0131nda g\u00f6rd\u00fc\u011f\u00fcm\u00fcz komik \u201c\u0130ngilizce dert anlatma\u201d videolar\u0131, uluslararas\u0131 dil yeterlilik s\u0131navlar\u0131nda d\u00fc\u015f\u00fck puan alan \u00f6\u011frenciler ve \u201cT\u00fcrkiye yabanc\u0131 dil eg\u0306itiminde s\u0131n\u0131fta kald\u0131!\u201d man\u015fetleri, bu i\u015fin bizler i\u00e7in ne kadar zor oldu\u011funu g\u00f6sterir gibi\u2026 Peki bu durumu de\u011fi\u015ftirmenin bir yolu yok mu? \u201cKi\u015finin anadilinin haricinde bas\u0327ka bir dil bilmesi, o dilin kelimelerini ezberleyerek ya da kendi dilinizden \u00e7eviri yaparak c\u00fcmle kurmaya \u00e7al\u0131s\u0327mak demek deg\u0306ildir. Dil bilmek; o dilin ses sistemini tan\u0131mak, tan\u0131d\u0131g\u0306\u0131n\u0131z t\u00fcm sesleri kullan\u0131ld\u0131klar\u0131 bi\u00e7ime g\u00f6re anlamland\u0131rmak ve kullan\u0131m alanlar\u0131n\u0131 ve telaffuzlar\u0131n\u0131 taklit ederek edinmektir,\u201d diyen Yekeler, okurunu keyifli ve g\u00fc\u00e7l\u00fc bir \u015fekilde ilerleyecek \u201cdil \u00f6\u011frenme\u201d s\u00fcrecine davet ediyor. <\/p>\n","protected":false},"excerpt":{"rendered":"<p>Yabanc\u0131 dil edinme konusunda yapt\u0131\u011f\u0131 \u00e7al\u0131\u015fmalar sonucu geli\u015ftirdi\u011fi \u201cYek Metodu\u201d ile binlerce ki\u015fiye \u0130ngilizce ve Frans\u0131zca \u00f6\u011freten Seda Yekeler\u2019den, yeni bir dil \u00f6\u011frenmek isteyenler i\u00e7in k\u0131lavuz<span class=\"excerpt-hellip\"> [\u2026]<\/span><\/p>\n","protected":false},"featured_media":0,"template":"","meta":{"_monsterinsights_skip_tracking":false,"_monsterinsights_sitenote_active":false,"_monsterinsights_sitenote_note":"","_monsterinsights_sitenote_category":0},"product_brand":[],"product_cat":[12364,12376],"product_tag":[],"class_list":{"0":"post-723964","1":"product","2":"type-product","3":"status-publish","5":"product_cat-genel-konular","6":"product_cat-kisisel-gelisim","7":"pa_cilt-ciltsiz","8":"pa_tur-kitap","9":"pa_yayinevi-mona-kitap","10":"pa_yazar-seda-yekeler","12":"first","13":"instock","14":"sale","15":"shipping-taxable","16":"purchasable","17":"product-type-simple"},"_links":{"self":[{"href":"https:\/\/roveyayinevi.com.tr\/index.php\/wp-json\/wp\/v2\/product\/723964","targetHints":{"allow":["GET"]}}],"collection":[{"href":"https:\/\/roveyayinevi.com.tr\/index.php\/wp-json\/wp\/v2\/product"}],"about":[{"href":"https:\/\/roveyayinevi.com.tr\/index.php\/wp-json\/wp\/v2\/types\/product"}],"wp:attachment":[{"href":"https:\/\/roveyayinevi.com.tr\/index.php\/wp-json\/wp\/v2\/media?parent=723964"}],"wp:term":[{"taxonomy":"product_brand","embeddable":true,"href":"https:\/\/roveyayinevi.com.tr\/index.php\/wp-json\/wp\/v2\/product_brand?post=723964"},{"taxonomy":"product_cat","embeddable":true,"href":"https:\/\/roveyayinevi.com.tr\/index.php\/wp-json\/wp\/v2\/product_cat?post=723964"},{"taxonomy":"product_tag","embeddable":true,"href":"https:\/\/roveyayinevi.com.tr\/index.php\/wp-json\/wp\/v2\/product_tag?post=723964"}],"curies":[{"name":"wp","href":"https:\/\/api.w.org\/{rel}","templated":true}]}}