{"id":723963,"date":"2025-08-27T19:27:41","date_gmt":"2025-08-27T16:27:41","guid":{"rendered":"https:\/\/roveyayinevi.com.tr\/index.php\/urun\/ingiliz-casus-lawrence-ve-27-madde\/"},"modified":"2026-04-16T02:31:53","modified_gmt":"2026-04-15T23:31:53","slug":"ingiliz-casus-lawrence-ve-27-madde","status":"publish","type":"product","link":"https:\/\/roveyayinevi.com.tr\/index.php\/urun\/ingiliz-casus-lawrence-ve-27-madde\/","title":{"rendered":"\u0130ngiliz Casus Lawrence ve 27 Madde"},"content":{"rendered":"<p>1917 A\u011fustos\u2019unda, \u0130ngiliz Y\u00fcksek Komiserli\u011fi taraf\u0131ndan Thomas Edward Lawrence\u2019a, \u0130ngiliz Subaylar\u0131 taraf\u0131ndan kullan\u0131labilecek, Araplarla ilgili ne \u00f6\u011frendi\u011fini anlatan bir el kitab\u0131 yazmas\u0131 g\u00f6revi verilir.Lawrence\u2019in tespitlerine ait \u201c27 Madde\u201dlik ilkeler manzumesi ulusla\u015fma s\u00fcrecinde yer alan y\u00f6netici insanlarla birlikte \u00e7al\u0131\u015fman\u0131n felsefi ilkelerini ortaya koyar, Arap B\u00fclteninde yay\u0131nlan\u0131r ve askeri liderler i\u00e7in okunmas\u0131 gereken bir dok\u00fcmana d\u00f6n\u00fc\u015ft\u00fcr\u00fcl\u00fcr. Irak Sava\u015f\u0131ndan hemen \u00f6nce ABD D\u0131\u015f \u0130li\u015fkiler Konseyi taraf\u0131ndan Saddam\u2019\u0131n devrilmesinden sonra Irak\u2019\u0131n y\u00f6netilmesine y\u00f6nelik uygulanacak plan\u0131n y\u00fczy\u0131l \u00f6nce yaz\u0131lm\u0131\u015f \u201c27 Madde\u201dye dayand\u0131r\u0131lmas\u0131 ise tesad\u00fcf de\u011fildir. \u201c27 Madde\u201d, y\u00fczy\u0131l \u00f6nce geli\u015fen olaylara \u0131\u015f\u0131k tutmas\u0131n\u0131n \u00f6tesinde g\u00fcn\u00fcm\u00fczde tekerr\u00fcr eden olaylar silsilesinin aynas\u0131 gibidir.K\u0131sacas\u0131 ve her \u015feyden \u00f6nemlisi Lawrence\u2019in Maddeleri sava\u015f alan\u0131nda ba\u015flar ancak onlar\u0131n k\u0131ymeti; y\u00f6netim, liderlik ve i\u015f d\u00fcnyas\u0131n\u0131n \u00f6tesine kadar uzan\u0131r. S\u00f6z konusu maddelerin, ABD Merkezi \u0130stihbarat Te\u015fkilat\u0131 (Central Intelligence Agency-CIA)\u2019n\u0131n resmi internet sitesi \u00e7al\u0131\u015fmalar b\u00f6l\u00fcm\u00fc ba\u015fta olmak \u00fczere bir\u00e7ok istihbarat te\u015fkilat\u0131 taraf\u0131ndan dikkatle incelendi\u011fi g\u00f6r\u00fclmektedir.<\/p>\n","protected":false},"excerpt":{"rendered":"<p>1917 A\u011fustos\u2019unda, \u0130ngiliz Y\u00fcksek Komiserli\u011fi taraf\u0131ndan Thomas Edward Lawrence\u2019a, \u0130ngiliz Subaylar\u0131 taraf\u0131ndan kullan\u0131labilecek, Araplarla ilgili ne \u00f6\u011frendi\u011fini anlatan bir el kitab\u0131 yazmas\u0131 g\u00f6revi verilir.Lawrence\u2019in tespitlerine ait<span class=\"excerpt-hellip\"> [\u2026]<\/span><\/p>\n","protected":false},"featured_media":0,"template":"","meta":{"_monsterinsights_skip_tracking":false,"_monsterinsights_sitenote_active":false,"_monsterinsights_sitenote_note":"","_monsterinsights_sitenote_category":0},"product_brand":[],"product_cat":[13946,12304],"product_tag":[],"class_list":{"0":"post-723963","1":"product","2":"type-product","3":"status-publish","5":"product_cat-biyografi-otobiyografi","6":"product_cat-tarih","7":"pa_cilt-ciltsiz","8":"pa_tur-kitap","9":"pa_yayinevi-kozmostar","10":"pa_yazar-saner-sari","12":"first","13":"instock","14":"sale","15":"shipping-taxable","16":"purchasable","17":"product-type-simple"},"_links":{"self":[{"href":"https:\/\/roveyayinevi.com.tr\/index.php\/wp-json\/wp\/v2\/product\/723963","targetHints":{"allow":["GET"]}}],"collection":[{"href":"https:\/\/roveyayinevi.com.tr\/index.php\/wp-json\/wp\/v2\/product"}],"about":[{"href":"https:\/\/roveyayinevi.com.tr\/index.php\/wp-json\/wp\/v2\/types\/product"}],"wp:attachment":[{"href":"https:\/\/roveyayinevi.com.tr\/index.php\/wp-json\/wp\/v2\/media?parent=723963"}],"wp:term":[{"taxonomy":"product_brand","embeddable":true,"href":"https:\/\/roveyayinevi.com.tr\/index.php\/wp-json\/wp\/v2\/product_brand?post=723963"},{"taxonomy":"product_cat","embeddable":true,"href":"https:\/\/roveyayinevi.com.tr\/index.php\/wp-json\/wp\/v2\/product_cat?post=723963"},{"taxonomy":"product_tag","embeddable":true,"href":"https:\/\/roveyayinevi.com.tr\/index.php\/wp-json\/wp\/v2\/product_tag?post=723963"}],"curies":[{"name":"wp","href":"https:\/\/api.w.org\/{rel}","templated":true}]}}