{"id":723961,"date":"2025-08-27T19:27:39","date_gmt":"2025-08-27T16:27:39","guid":{"rendered":"https:\/\/roveyayinevi.com.tr\/index.php\/urun\/cebrin-babasi-harizmi-bilimin-onculeri\/"},"modified":"2026-04-15T02:42:03","modified_gmt":"2026-04-14T23:42:03","slug":"cebrin-babasi-harizmi-bilimin-onculeri","status":"publish","type":"product","link":"https:\/\/roveyayinevi.com.tr\/index.php\/urun\/cebrin-babasi-harizmi-bilimin-onculeri\/","title":{"rendered":"Cebrin Babas\u0131 Harizmi &#8211; Bilimin \u00d6nc\u00fcleri"},"content":{"rendered":"<p>Bilimin \u00d6nc\u00fcleri Serisi modern bilime temel olu\u015fturan ilk d\u00f6nem M\u00fcsl\u00fcman ve T\u00fcrk bilim insanlar\u0131n\u0131n hayatlar\u0131 hakk\u0131nda ula\u015f\u0131labilen temel bilgilerden yola \u00e7\u0131k\u0131larak olu\u015fturulmu\u015f kurgu romanlar\u0131 i\u00e7eriyor. Tarihe ad\u0131n\u0131 yazd\u0131rm\u0131\u015f, ara\u015ft\u0131rmalar\u0131 ve yazd\u0131klar\u0131 eserlerle bug\u00fcne \u0131\u015f\u0131k olmu\u015f bilim insanlar\u0131n\u0131n \u00e7ocukluklar\u0131na ve hayallerine ula\u015fmak i\u00e7in neler yapt\u0131klar\u0131na \u015fahit olacaks\u0131n\u0131z.Bu kitapta; yetim ve \u00f6ks\u00fcz Muhammed\u2019in, merak ederek, merak ettiklerini ara\u015ft\u0131rarak sorular\u0131n\u0131n cevaplar\u0131n\u0131 bulmas\u0131n\u0131 ve \u201ccebir\u201d biliminin kurucusu olmas\u0131n\u0131n, d\u00fcnyaya ad\u0131n\u0131 Cebrin Babas\u0131 Harizmi olarak tan\u0131tmas\u0131n\u0131n hik\u00e2yesini okuyacaks\u0131n\u0131z.<\/p>\n","protected":false},"excerpt":{"rendered":"<p>Bilimin \u00d6nc\u00fcleri Serisi modern bilime temel olu\u015fturan ilk d\u00f6nem M\u00fcsl\u00fcman ve T\u00fcrk bilim insanlar\u0131n\u0131n hayatlar\u0131 hakk\u0131nda ula\u015f\u0131labilen temel bilgilerden yola \u00e7\u0131k\u0131larak olu\u015fturulmu\u015f kurgu romanlar\u0131 i\u00e7eriyor. Tarihe<span class=\"excerpt-hellip\"> [\u2026]<\/span><\/p>\n","protected":false},"featured_media":0,"template":"","meta":{"_monsterinsights_skip_tracking":false,"_monsterinsights_sitenote_active":false,"_monsterinsights_sitenote_note":"","_monsterinsights_sitenote_category":0},"product_brand":[],"product_cat":[12274,12284],"product_tag":[],"class_list":{"0":"post-723961","1":"product","2":"type-product","3":"status-publish","5":"product_cat-cocuk-ve-genclik-kitaplari","6":"product_cat-hikayeler","7":"pa_cilt-ciltsiz","8":"pa_tur-kitap","9":"pa_yayinevi-erdem-cocuk","10":"pa_yazar-naz-n-varli","12":"first","13":"instock","14":"sale","15":"shipping-taxable","16":"purchasable","17":"product-type-simple"},"_links":{"self":[{"href":"https:\/\/roveyayinevi.com.tr\/index.php\/wp-json\/wp\/v2\/product\/723961","targetHints":{"allow":["GET"]}}],"collection":[{"href":"https:\/\/roveyayinevi.com.tr\/index.php\/wp-json\/wp\/v2\/product"}],"about":[{"href":"https:\/\/roveyayinevi.com.tr\/index.php\/wp-json\/wp\/v2\/types\/product"}],"wp:attachment":[{"href":"https:\/\/roveyayinevi.com.tr\/index.php\/wp-json\/wp\/v2\/media?parent=723961"}],"wp:term":[{"taxonomy":"product_brand","embeddable":true,"href":"https:\/\/roveyayinevi.com.tr\/index.php\/wp-json\/wp\/v2\/product_brand?post=723961"},{"taxonomy":"product_cat","embeddable":true,"href":"https:\/\/roveyayinevi.com.tr\/index.php\/wp-json\/wp\/v2\/product_cat?post=723961"},{"taxonomy":"product_tag","embeddable":true,"href":"https:\/\/roveyayinevi.com.tr\/index.php\/wp-json\/wp\/v2\/product_tag?post=723961"}],"curies":[{"name":"wp","href":"https:\/\/api.w.org\/{rel}","templated":true}]}}