{"id":723960,"date":"2025-08-27T19:27:38","date_gmt":"2025-08-27T16:27:38","guid":{"rendered":"https:\/\/roveyayinevi.com.tr\/index.php\/urun\/21-yasinda-cag-acip-cag-kapayan-fatih-sultan-mehmet\/"},"modified":"2026-04-16T02:31:52","modified_gmt":"2026-04-15T23:31:52","slug":"21-yasinda-cag-acip-cag-kapayan-fatih-sultan-mehmet","status":"publish","type":"product","link":"https:\/\/roveyayinevi.com.tr\/index.php\/urun\/21-yasinda-cag-acip-cag-kapayan-fatih-sultan-mehmet\/","title":{"rendered":"21 Ya\u015f\u0131nda \u00c7a\u011f A\u00e7\u0131p \u00c7a\u011f Kapayan Fatih Sultan Mehmet"},"content":{"rendered":"<p>Tarih seven \u00e7ocuklar i\u00e7in haz\u0131rlanan bu seride Osmanl\u0131 Devleti\u2019nin k\u00fc\u00e7\u00fck bir beylikten b\u00fcy\u00fck bir imparatorluk h\u00e2line nas\u0131l geldi\u011fine tan\u0131k olacaks\u0131n\u0131z. Sadece toprak fethetmeyen ayn\u0131 zamanda b\u00fcy\u00fck bir medeniyet in\u015fa eden Osmano\u011fullar\u0131n\u0131n roman tarz\u0131nda yaz\u0131lm\u0131\u015f hayat hik\u00e2yelerini okuyacaks\u0131n\u0131z.Bu kitapta; ilki 12 ya\u015f\u0131nda ikincisi 19 ya\u015f\u0131nda olmak \u00fczere iki kere tahta ge\u00e7en, \u201cYa \u0130stanbul beni al\u0131r ya da ben \u0130stanbul\u2019u!\u201d diyerek 21 ya\u015f\u0131nda \u0130stanbul\u2019u fethedip 1100 y\u0131ll\u0131k Do\u011fu Roma \u0130mparatorlu\u011fu\u2019na son veren Fatih Sultan Mehmet\u2019in hayat\u0131n\u0131 okuyacaks\u0131n\u0131z.<\/p>\n","protected":false},"excerpt":{"rendered":"<p>Tarih seven \u00e7ocuklar i\u00e7in haz\u0131rlanan bu seride Osmanl\u0131 Devleti\u2019nin k\u00fc\u00e7\u00fck bir beylikten b\u00fcy\u00fck bir imparatorluk h\u00e2line nas\u0131l geldi\u011fine tan\u0131k olacaks\u0131n\u0131z. Sadece toprak fethetmeyen ayn\u0131 zamanda b\u00fcy\u00fck<span class=\"excerpt-hellip\"> [\u2026]<\/span><\/p>\n","protected":false},"featured_media":0,"template":"","meta":{"_monsterinsights_skip_tracking":false,"_monsterinsights_sitenote_active":false,"_monsterinsights_sitenote_note":"","_monsterinsights_sitenote_category":0},"product_brand":[],"product_cat":[12274,12284],"product_tag":[],"class_list":{"0":"post-723960","1":"product","2":"type-product","3":"status-publish","5":"product_cat-cocuk-ve-genclik-kitaplari","6":"product_cat-hikayeler","7":"pa_cilt-ciltsiz","8":"pa_tur-kitap","9":"pa_yayinevi-erdem-cocuk","10":"pa_yazar-ismail-bilgin","12":"first","13":"instock","14":"sale","15":"shipping-taxable","16":"purchasable","17":"product-type-simple"},"_links":{"self":[{"href":"https:\/\/roveyayinevi.com.tr\/index.php\/wp-json\/wp\/v2\/product\/723960","targetHints":{"allow":["GET"]}}],"collection":[{"href":"https:\/\/roveyayinevi.com.tr\/index.php\/wp-json\/wp\/v2\/product"}],"about":[{"href":"https:\/\/roveyayinevi.com.tr\/index.php\/wp-json\/wp\/v2\/types\/product"}],"wp:attachment":[{"href":"https:\/\/roveyayinevi.com.tr\/index.php\/wp-json\/wp\/v2\/media?parent=723960"}],"wp:term":[{"taxonomy":"product_brand","embeddable":true,"href":"https:\/\/roveyayinevi.com.tr\/index.php\/wp-json\/wp\/v2\/product_brand?post=723960"},{"taxonomy":"product_cat","embeddable":true,"href":"https:\/\/roveyayinevi.com.tr\/index.php\/wp-json\/wp\/v2\/product_cat?post=723960"},{"taxonomy":"product_tag","embeddable":true,"href":"https:\/\/roveyayinevi.com.tr\/index.php\/wp-json\/wp\/v2\/product_tag?post=723960"}],"curies":[{"name":"wp","href":"https:\/\/api.w.org\/{rel}","templated":true}]}}