{"id":723959,"date":"2025-08-27T19:27:37","date_gmt":"2025-08-27T16:27:37","guid":{"rendered":"https:\/\/roveyayinevi.com.tr\/index.php\/urun\/baris-ve-imari-seven-padisah-2-beyazit\/"},"modified":"2026-04-16T02:31:52","modified_gmt":"2026-04-15T23:31:52","slug":"baris-ve-imari-seven-padisah-2-beyazit","status":"publish","type":"product","link":"https:\/\/roveyayinevi.com.tr\/index.php\/urun\/baris-ve-imari-seven-padisah-2-beyazit\/","title":{"rendered":"Bar\u0131\u015f ve \u0130mar\u0131 Seven Padi\u015fah 2. Beyaz\u0131t"},"content":{"rendered":"<p>Tarih seven \u00e7ocuklar i\u00e7in haz\u0131rlanan bu seride Osmanl\u0131 Devleti\u2019nin k\u00fc\u00e7\u00fck bir beylikten b\u00fcy\u00fck bir imparatorluk h\u00e2line nas\u0131l geldi\u011fine tan\u0131k olacaks\u0131n\u0131z. Sadece toprak fethetmeyen ayn\u0131 zamanda b\u00fcy\u00fck bir medeniyet in\u015fa eden Osmano\u011fullar\u0131n\u0131n roman tarz\u0131nda yaz\u0131lm\u0131\u015f hayat hik\u00e2yelerini okuyacaks\u0131n\u0131z.Bu kitapta; Fatih Sultan Mehmet\u2019in o\u011flu, ilim sahibi, adalet ve merhametten ayr\u0131lmayan, mecbur kalmad\u0131k\u00e7a sava\u015fmay\u0131 sevmeyen, iyi ok\u00e7u, padi\u015fah II. Beyaz\u0131t\u2019\u0131n hayat\u0131n\u0131 okuyacaks\u0131n\u0131z.<\/p>\n","protected":false},"excerpt":{"rendered":"<p>Tarih seven \u00e7ocuklar i\u00e7in haz\u0131rlanan bu seride Osmanl\u0131 Devleti\u2019nin k\u00fc\u00e7\u00fck bir beylikten b\u00fcy\u00fck bir imparatorluk h\u00e2line nas\u0131l geldi\u011fine tan\u0131k olacaks\u0131n\u0131z. Sadece toprak fethetmeyen ayn\u0131 zamanda b\u00fcy\u00fck<span class=\"excerpt-hellip\"> [\u2026]<\/span><\/p>\n","protected":false},"featured_media":0,"template":"","meta":{"_monsterinsights_skip_tracking":false,"_monsterinsights_sitenote_active":false,"_monsterinsights_sitenote_note":"","_monsterinsights_sitenote_category":0},"product_brand":[],"product_cat":[12274,12284],"product_tag":[],"class_list":{"0":"post-723959","1":"product","2":"type-product","3":"status-publish","5":"product_cat-cocuk-ve-genclik-kitaplari","6":"product_cat-hikayeler","7":"pa_cilt-ciltsiz","8":"pa_tur-kitap","9":"pa_yayinevi-erdem-cocuk","10":"pa_yazar-ismail-bilgin","12":"first","13":"instock","14":"sale","15":"shipping-taxable","16":"purchasable","17":"product-type-simple"},"_links":{"self":[{"href":"https:\/\/roveyayinevi.com.tr\/index.php\/wp-json\/wp\/v2\/product\/723959","targetHints":{"allow":["GET"]}}],"collection":[{"href":"https:\/\/roveyayinevi.com.tr\/index.php\/wp-json\/wp\/v2\/product"}],"about":[{"href":"https:\/\/roveyayinevi.com.tr\/index.php\/wp-json\/wp\/v2\/types\/product"}],"wp:attachment":[{"href":"https:\/\/roveyayinevi.com.tr\/index.php\/wp-json\/wp\/v2\/media?parent=723959"}],"wp:term":[{"taxonomy":"product_brand","embeddable":true,"href":"https:\/\/roveyayinevi.com.tr\/index.php\/wp-json\/wp\/v2\/product_brand?post=723959"},{"taxonomy":"product_cat","embeddable":true,"href":"https:\/\/roveyayinevi.com.tr\/index.php\/wp-json\/wp\/v2\/product_cat?post=723959"},{"taxonomy":"product_tag","embeddable":true,"href":"https:\/\/roveyayinevi.com.tr\/index.php\/wp-json\/wp\/v2\/product_tag?post=723959"}],"curies":[{"name":"wp","href":"https:\/\/api.w.org\/{rel}","templated":true}]}}