{"id":723958,"date":"2025-08-27T19:27:36","date_gmt":"2025-08-27T16:27:36","guid":{"rendered":"https:\/\/roveyayinevi.com.tr\/index.php\/urun\/beyaz-utopya\/"},"modified":"2026-04-16T02:31:52","modified_gmt":"2026-04-15T23:31:52","slug":"beyaz-utopya","status":"publish","type":"product","link":"https:\/\/roveyayinevi.com.tr\/index.php\/urun\/beyaz-utopya\/","title":{"rendered":"Beyaz \u00dctopya"},"content":{"rendered":"<p>Beyaz \u00dctopya i\u00e7inde; \u00fclke y\u00f6netimine dair yeni d\u00fczenlemelerin taslak derlemesinin anlat\u0131ld\u0131\u011f\u0131, proje fikirleri ile kar\u015f\u0131la\u015facaks\u0131n\u0131z. Daha \u00f6nce akl\u0131n\u0131zdan ge\u00e7ip, hen\u00fcz yaz\u0131ya d\u00f6n\u00fc\u015fmemi\u015f olan kendi d\u00fc\u015f\u00fcncelerinizi, kitabin sayfalar\u0131 aras\u0131nda bulman\u0131z ka\u00e7\u0131n\u0131lmazd\u0131r. Sade bir anlat\u0131mla, bizi bize anlatan bu kitap en fazla 1923 adet bas\u0131m ile s\u0131n\u0131rland\u0131r\u0131lm\u0131\u015ft\u0131r. Kitab\u0131 alma f\u0131rsat\u0131 yakalayan ve kitaba tesad\u00fcf eden herkesin yaz\u0131lan fikirlere eklenmesini istedikleri yada uygulanmas\u0131n\u0131 arzu ettikleri, ak\u0131llar\u0131nda kalan b\u00fct\u00fcn soru i\u015faretleri ile birlikte kitab\u0131n son sayfas\u0131ndaki e-posta adresine yazarak yazar ile ileti\u015fime ge\u00e7ip, Karia&#8217; n\u0131n d\u00fc\u015f\u00fcnen insan defterindeki fikir f\u0131rt\u0131nas\u0131 d\u00fcnyas\u0131na kat\u0131lmalar\u0131n\u0131 temenni ediyoruz. Hayata ge\u00e7mesi muhtemel olabilecek uygulamalar \u00fclke y\u00f6netimine ve halk\u0131n takdiri kanaatine sunulmu\u015ftur. D\u00fc\u015f\u00fcnen insan defterinden yeni fikirlerle bulu\u015fmak dile\u011fiyle..KAR\u0130A<\/p>\n","protected":false},"excerpt":{"rendered":"<p>Beyaz \u00dctopya i\u00e7inde; \u00fclke y\u00f6netimine dair yeni d\u00fczenlemelerin taslak derlemesinin anlat\u0131ld\u0131\u011f\u0131, proje fikirleri ile kar\u015f\u0131la\u015facaks\u0131n\u0131z. Daha \u00f6nce akl\u0131n\u0131zdan ge\u00e7ip, hen\u00fcz yaz\u0131ya d\u00f6n\u00fc\u015fmemi\u015f olan kendi d\u00fc\u015f\u00fcncelerinizi, kitabin<span class=\"excerpt-hellip\"> [\u2026]<\/span><\/p>\n","protected":false},"featured_media":0,"template":"","meta":{"_monsterinsights_skip_tracking":false,"_monsterinsights_sitenote_active":false,"_monsterinsights_sitenote_note":"","_monsterinsights_sitenote_category":0},"product_brand":[],"product_cat":[12777,12291],"product_tag":[],"class_list":{"0":"post-723958","1":"product","2":"type-product","3":"status-publish","5":"product_cat-deneme","6":"product_cat-edebiyat","7":"pa_cilt-ciltsiz","8":"pa_tur-kitap","9":"pa_yayinevi-gulnar-yayinlari","10":"pa_yazar-karya-anadolu","12":"first","13":"instock","14":"sale","15":"shipping-taxable","16":"purchasable","17":"product-type-simple"},"_links":{"self":[{"href":"https:\/\/roveyayinevi.com.tr\/index.php\/wp-json\/wp\/v2\/product\/723958","targetHints":{"allow":["GET"]}}],"collection":[{"href":"https:\/\/roveyayinevi.com.tr\/index.php\/wp-json\/wp\/v2\/product"}],"about":[{"href":"https:\/\/roveyayinevi.com.tr\/index.php\/wp-json\/wp\/v2\/types\/product"}],"wp:attachment":[{"href":"https:\/\/roveyayinevi.com.tr\/index.php\/wp-json\/wp\/v2\/media?parent=723958"}],"wp:term":[{"taxonomy":"product_brand","embeddable":true,"href":"https:\/\/roveyayinevi.com.tr\/index.php\/wp-json\/wp\/v2\/product_brand?post=723958"},{"taxonomy":"product_cat","embeddable":true,"href":"https:\/\/roveyayinevi.com.tr\/index.php\/wp-json\/wp\/v2\/product_cat?post=723958"},{"taxonomy":"product_tag","embeddable":true,"href":"https:\/\/roveyayinevi.com.tr\/index.php\/wp-json\/wp\/v2\/product_tag?post=723958"}],"curies":[{"name":"wp","href":"https:\/\/api.w.org\/{rel}","templated":true}]}}