{"id":723956,"date":"2025-08-27T19:27:35","date_gmt":"2025-08-27T16:27:35","guid":{"rendered":"https:\/\/roveyayinevi.com.tr\/index.php\/urun\/bak-burada-kim-var-gezgin-balik-barbu-ciltli\/"},"modified":"2026-04-16T02:31:52","modified_gmt":"2026-04-15T23:31:52","slug":"bak-burada-kim-var-gezgin-balik-barbu-ciltli","status":"publish","type":"product","link":"https:\/\/roveyayinevi.com.tr\/index.php\/urun\/bak-burada-kim-var-gezgin-balik-barbu-ciltli\/","title":{"rendered":"Bak Burada Kim Var? &#8211; Gezgin Bal\u0131k Barbu (Ciltli)"},"content":{"rendered":"<p>Ham Hum!Homur Homur!Bu sesler nereden geliyor?K\u00fc\u00e7\u00fck bal\u0131k Barbu arkada\u015f\u0131 Peti\u2019ye gidiyor. Ne\u015feyle y\u00fczerken masmavi sularda ya\u015fayan yeni arkada\u015flar ediniyor. Acaba Barbu arkada\u015f\u0131 Peti\u2019yi g\u00f6rebilecek mi, onunla oyunlar oynayabilecek mi? Bizimle ke\u015ffetmeye ne dersin? Hareketli kitaplarla hik\u00e2yeler canlan\u0131yor! \u00c7ocuklar hik\u00e2yeye ne\u015feyle dahil oluyor!<\/p>\n","protected":false},"excerpt":{"rendered":"<p>Ham Hum!Homur Homur!Bu sesler nereden geliyor?K\u00fc\u00e7\u00fck bal\u0131k Barbu arkada\u015f\u0131 Peti\u2019ye gidiyor. Ne\u015feyle y\u00fczerken masmavi sularda ya\u015fayan yeni arkada\u015flar ediniyor. Acaba Barbu arkada\u015f\u0131 Peti\u2019yi g\u00f6rebilecek mi, onunla<span class=\"excerpt-hellip\"> [\u2026]<\/span><\/p>\n","protected":false},"featured_media":0,"template":"","meta":{"_monsterinsights_skip_tracking":false,"_monsterinsights_sitenote_active":false,"_monsterinsights_sitenote_note":"","_monsterinsights_sitenote_category":0},"product_brand":[],"product_cat":[12274,12284],"product_tag":[],"class_list":{"0":"post-723956","1":"product","2":"type-product","3":"status-publish","5":"product_cat-cocuk-ve-genclik-kitaplari","6":"product_cat-hikayeler","7":"pa_cilt-ciltli","8":"pa_tur-kitap","9":"pa_yayinevi-sincap-kitap","10":"pa_yazar-asiye-asli-aslaner","12":"first","13":"instock","14":"sale","15":"shipping-taxable","16":"purchasable","17":"product-type-simple"},"_links":{"self":[{"href":"https:\/\/roveyayinevi.com.tr\/index.php\/wp-json\/wp\/v2\/product\/723956","targetHints":{"allow":["GET"]}}],"collection":[{"href":"https:\/\/roveyayinevi.com.tr\/index.php\/wp-json\/wp\/v2\/product"}],"about":[{"href":"https:\/\/roveyayinevi.com.tr\/index.php\/wp-json\/wp\/v2\/types\/product"}],"wp:attachment":[{"href":"https:\/\/roveyayinevi.com.tr\/index.php\/wp-json\/wp\/v2\/media?parent=723956"}],"wp:term":[{"taxonomy":"product_brand","embeddable":true,"href":"https:\/\/roveyayinevi.com.tr\/index.php\/wp-json\/wp\/v2\/product_brand?post=723956"},{"taxonomy":"product_cat","embeddable":true,"href":"https:\/\/roveyayinevi.com.tr\/index.php\/wp-json\/wp\/v2\/product_cat?post=723956"},{"taxonomy":"product_tag","embeddable":true,"href":"https:\/\/roveyayinevi.com.tr\/index.php\/wp-json\/wp\/v2\/product_tag?post=723956"}],"curies":[{"name":"wp","href":"https:\/\/api.w.org\/{rel}","templated":true}]}}