{"id":723955,"date":"2025-08-27T19:27:34","date_gmt":"2025-08-27T16:27:34","guid":{"rendered":"https:\/\/roveyayinevi.com.tr\/index.php\/urun\/denetimde-secme-konular-4\/"},"modified":"2026-04-16T02:31:52","modified_gmt":"2026-04-15T23:31:52","slug":"denetimde-secme-konular-4","status":"publish","type":"product","link":"https:\/\/roveyayinevi.com.tr\/index.php\/urun\/denetimde-secme-konular-4\/","title":{"rendered":"Denetimde Se\u00e7me Konular 4"},"content":{"rendered":"<p>Denetimde Se\u00e7me Konular 4 \u0130\u00e7 Denetim \u0130\u00e7 Kontrol Sekt\u00f6rel Uygulamalar<\/p>\n","protected":false},"excerpt":{"rendered":"<p>Denetimde Se\u00e7me Konular 4 \u0130\u00e7 Denetim \u0130\u00e7 Kontrol Sekt\u00f6rel Uygulamalar<\/p>\n","protected":false},"featured_media":0,"template":"","meta":{"_monsterinsights_skip_tracking":false,"_monsterinsights_sitenote_active":false,"_monsterinsights_sitenote_note":"","_monsterinsights_sitenote_category":0},"product_brand":[],"product_cat":[13043,17647],"product_tag":[],"class_list":{"0":"post-723955","1":"product","2":"type-product","3":"status-publish","5":"product_cat-ekonomi","6":"product_cat-is-dunyasi","7":"pa_cilt-ciltsiz","8":"pa_tur-kitap","9":"pa_yayinevi-gazi-kitabevi","10":"pa_yazar-ummuhan-aslan-sezer-bozkus-kahyaoglu","12":"first","13":"instock","14":"sale","15":"shipping-taxable","16":"purchasable","17":"product-type-simple"},"_links":{"self":[{"href":"https:\/\/roveyayinevi.com.tr\/index.php\/wp-json\/wp\/v2\/product\/723955","targetHints":{"allow":["GET"]}}],"collection":[{"href":"https:\/\/roveyayinevi.com.tr\/index.php\/wp-json\/wp\/v2\/product"}],"about":[{"href":"https:\/\/roveyayinevi.com.tr\/index.php\/wp-json\/wp\/v2\/types\/product"}],"wp:attachment":[{"href":"https:\/\/roveyayinevi.com.tr\/index.php\/wp-json\/wp\/v2\/media?parent=723955"}],"wp:term":[{"taxonomy":"product_brand","embeddable":true,"href":"https:\/\/roveyayinevi.com.tr\/index.php\/wp-json\/wp\/v2\/product_brand?post=723955"},{"taxonomy":"product_cat","embeddable":true,"href":"https:\/\/roveyayinevi.com.tr\/index.php\/wp-json\/wp\/v2\/product_cat?post=723955"},{"taxonomy":"product_tag","embeddable":true,"href":"https:\/\/roveyayinevi.com.tr\/index.php\/wp-json\/wp\/v2\/product_tag?post=723955"}],"curies":[{"name":"wp","href":"https:\/\/api.w.org\/{rel}","templated":true}]}}