{"id":723953,"date":"2025-08-27T19:27:33","date_gmt":"2025-08-27T16:27:33","guid":{"rendered":"https:\/\/roveyayinevi.com.tr\/index.php\/urun\/kafes-cocuklari-tepetaklak\/"},"modified":"2026-04-16T02:31:52","modified_gmt":"2026-04-15T23:31:52","slug":"kafes-cocuklari-tepetaklak","status":"publish","type":"product","link":"https:\/\/roveyayinevi.com.tr\/index.php\/urun\/kafes-cocuklari-tepetaklak\/","title":{"rendered":"Kafes \u00c7ocuklar\u0131 &#8211; Tepetaklak"},"content":{"rendered":"<p>Nereden geldi\u011fini bilmedi\u011fi, gizemli bir k\u00e2\u011f\u0131d\u0131n pe\u015finde d\u00fc\u015fen Tori, hayat\u0131n\u0131 tepetaklak edecek ad\u0131m\u0131 att\u0131\u011f\u0131n\u0131n hen\u00fcz fark\u0131nda de\u011fildir.M\u00fckemmel bir d\u00fczen ile i\u015fledi\u011fi d\u00fc\u015f\u00fcn\u00fclen Dirlik \u015eehri\u2019nde asl\u0131nda baz\u0131 \u015feyler g\u00f6r\u00fcnd\u00fc\u011f\u00fc gibi de\u011fildir. K\u00f6t\u00fcl\u00fc\u011f\u00fcn, ya\u015fad\u0131\u011f\u0131 \u015fehrin sokaklar\u0131nda sinsi bir yarat\u0131k gibi kol gezdi\u011fini fark eden Tori i\u00e7in evi bildi\u011fi bu devasa kafesten ayr\u0131lma vakti gelmi\u015ftir. Yeni yolculu\u011funda da belalar pe\u015fini b\u0131rakmayacakt\u0131r. \u015eanss\u0131zl\u0131klarla, garip adamlarla, tuhaf durumlarla dolu bir macerada hayatta kalmak i\u00e7in Tori b\u00fct\u00fcn g\u00fcc\u00fcn\u00fc kullanmak zorunda kalacakt\u0131r.<\/p>\n","protected":false},"excerpt":{"rendered":"<p>Nereden geldi\u011fini bilmedi\u011fi, gizemli bir k\u00e2\u011f\u0131d\u0131n pe\u015finde d\u00fc\u015fen Tori, hayat\u0131n\u0131 tepetaklak edecek ad\u0131m\u0131 att\u0131\u011f\u0131n\u0131n hen\u00fcz fark\u0131nda de\u011fildir.M\u00fckemmel bir d\u00fczen ile i\u015fledi\u011fi d\u00fc\u015f\u00fcn\u00fclen Dirlik \u015eehri\u2019nde asl\u0131nda baz\u0131<span class=\"excerpt-hellip\"> [\u2026]<\/span><\/p>\n","protected":false},"featured_media":0,"template":"","meta":{"_monsterinsights_skip_tracking":false,"_monsterinsights_sitenote_active":false,"_monsterinsights_sitenote_note":"","_monsterinsights_sitenote_category":0},"product_brand":[],"product_cat":[12291,12711],"product_tag":[],"class_list":{"0":"post-723953","1":"product","2":"type-product","3":"status-publish","5":"product_cat-edebiyat","6":"product_cat-roman-oyku","7":"pa_cilt-ciltsiz","8":"pa_tur-kitap","9":"pa_yayinevi-acayip-kitaplar","10":"pa_yazar-meliha-calikusu","12":"first","13":"instock","14":"sale","15":"shipping-taxable","16":"purchasable","17":"product-type-simple"},"_links":{"self":[{"href":"https:\/\/roveyayinevi.com.tr\/index.php\/wp-json\/wp\/v2\/product\/723953","targetHints":{"allow":["GET"]}}],"collection":[{"href":"https:\/\/roveyayinevi.com.tr\/index.php\/wp-json\/wp\/v2\/product"}],"about":[{"href":"https:\/\/roveyayinevi.com.tr\/index.php\/wp-json\/wp\/v2\/types\/product"}],"wp:attachment":[{"href":"https:\/\/roveyayinevi.com.tr\/index.php\/wp-json\/wp\/v2\/media?parent=723953"}],"wp:term":[{"taxonomy":"product_brand","embeddable":true,"href":"https:\/\/roveyayinevi.com.tr\/index.php\/wp-json\/wp\/v2\/product_brand?post=723953"},{"taxonomy":"product_cat","embeddable":true,"href":"https:\/\/roveyayinevi.com.tr\/index.php\/wp-json\/wp\/v2\/product_cat?post=723953"},{"taxonomy":"product_tag","embeddable":true,"href":"https:\/\/roveyayinevi.com.tr\/index.php\/wp-json\/wp\/v2\/product_tag?post=723953"}],"curies":[{"name":"wp","href":"https:\/\/api.w.org\/{rel}","templated":true}]}}