{"id":723951,"date":"2025-08-27T19:27:31","date_gmt":"2025-08-27T16:27:31","guid":{"rendered":"https:\/\/roveyayinevi.com.tr\/index.php\/urun\/game-suret-kuyusu\/"},"modified":"2026-04-16T02:31:52","modified_gmt":"2026-04-15T23:31:52","slug":"game-suret-kuyusu","status":"publish","type":"product","link":"https:\/\/roveyayinevi.com.tr\/index.php\/urun\/game-suret-kuyusu\/","title":{"rendered":"GAME &#8211; Suret Kuyusu"},"content":{"rendered":"<p>Dikkat! Bu Seri, \u0130ngilizce Dil \u00d6\u011frenimine Katk\u0131 Sa\u011flamaktad\u0131r.Eren, Tar\u0131k ve Melek\u2019in anneanneleri, \u00e7evresindekilerin tavsiyesiyle gitti\u011fi doktorun uygulad\u0131\u011f\u0131 yanl\u0131\u015f tedaviden dolay\u0131 \u00f6l\u00fcmden d\u00f6ner. \u00dc\u00e7 kafadar hesap sormakta kararl\u0131d\u0131r ancak kar\u015f\u0131lar\u0131nda s\u0131radan bir doktor de\u011fil, k\u00f6k\u00fc \u00e7ok derinlere uzanan ac\u0131mas\u0131z bir \u00e7ete vard\u0131r.Kod isimlerden ve gizli belgelerden olu\u015fan komplo labirentinde nefes kesen bir macera seni bekliyor.Haz\u0131rsan e\u011fer \u201clet\u2019s begin!\u201d<\/p>\n","protected":false},"excerpt":{"rendered":"<p>Dikkat! Bu Seri, \u0130ngilizce Dil \u00d6\u011frenimine Katk\u0131 Sa\u011flamaktad\u0131r.Eren, Tar\u0131k ve Melek\u2019in anneanneleri, \u00e7evresindekilerin tavsiyesiyle gitti\u011fi doktorun uygulad\u0131\u011f\u0131 yanl\u0131\u015f tedaviden dolay\u0131 \u00f6l\u00fcmden d\u00f6ner. \u00dc\u00e7 kafadar hesap sormakta<span class=\"excerpt-hellip\"> [\u2026]<\/span><\/p>\n","protected":false},"featured_media":0,"template":"","meta":{"_monsterinsights_skip_tracking":false,"_monsterinsights_sitenote_active":false,"_monsterinsights_sitenote_note":"","_monsterinsights_sitenote_category":0},"product_brand":[],"product_cat":[12291,12711],"product_tag":[],"class_list":{"0":"post-723951","1":"product","2":"type-product","3":"status-publish","5":"product_cat-edebiyat","6":"product_cat-roman-oyku","7":"pa_cilt-ciltsiz","8":"pa_tur-kitap","9":"pa_yayinevi-acayip-kitaplar","10":"pa_yazar-murat-dincer","12":"first","13":"instock","14":"sale","15":"shipping-taxable","16":"purchasable","17":"product-type-simple"},"_links":{"self":[{"href":"https:\/\/roveyayinevi.com.tr\/index.php\/wp-json\/wp\/v2\/product\/723951","targetHints":{"allow":["GET"]}}],"collection":[{"href":"https:\/\/roveyayinevi.com.tr\/index.php\/wp-json\/wp\/v2\/product"}],"about":[{"href":"https:\/\/roveyayinevi.com.tr\/index.php\/wp-json\/wp\/v2\/types\/product"}],"wp:attachment":[{"href":"https:\/\/roveyayinevi.com.tr\/index.php\/wp-json\/wp\/v2\/media?parent=723951"}],"wp:term":[{"taxonomy":"product_brand","embeddable":true,"href":"https:\/\/roveyayinevi.com.tr\/index.php\/wp-json\/wp\/v2\/product_brand?post=723951"},{"taxonomy":"product_cat","embeddable":true,"href":"https:\/\/roveyayinevi.com.tr\/index.php\/wp-json\/wp\/v2\/product_cat?post=723951"},{"taxonomy":"product_tag","embeddable":true,"href":"https:\/\/roveyayinevi.com.tr\/index.php\/wp-json\/wp\/v2\/product_tag?post=723951"}],"curies":[{"name":"wp","href":"https:\/\/api.w.org\/{rel}","templated":true}]}}