{"id":723950,"date":"2025-08-27T19:27:30","date_gmt":"2025-08-27T16:27:30","guid":{"rendered":"https:\/\/roveyayinevi.com.tr\/index.php\/urun\/game-timsah-gozu\/"},"modified":"2026-04-16T02:31:52","modified_gmt":"2026-04-15T23:31:52","slug":"game-timsah-gozu","status":"publish","type":"product","link":"https:\/\/roveyayinevi.com.tr\/index.php\/urun\/game-timsah-gozu\/","title":{"rendered":"GAME &#8211; Timsah G\u00f6z\u00fc"},"content":{"rendered":"<p>Konferans i\u00e7in \u0130stanbul\u2019a gelen Profes\u00f6r Mirsad, Einstein maskeli haydutlar taraf\u0131ndan ka\u00e7\u0131r\u0131l\u0131r. Polisin ara\u015ft\u0131rmalar\u0131 sonu\u00e7 vermez ancak \u00fc\u00e7 kafadar; Eren, Tar\u0131k ve Melek, haydutlar\u0131 bulup Profes\u00f6r\u2019\u00fc kurtarmaya kararl\u0131d\u0131r.Oyun i\u00e7inde oyunun oynand\u0131\u011f\u0131, \u00e2deta iyilerle k\u00f6t\u00fcler aras\u0131nda bir satran\u00e7 m\u00fcsabakas\u0131na d\u00f6n\u00fc\u015fen, nefes kesen bir macera seni bekliyor.Haz\u0131rsan e\u011fer let\u2019s begin!<\/p>\n","protected":false},"excerpt":{"rendered":"<p>Konferans i\u00e7in \u0130stanbul\u2019a gelen Profes\u00f6r Mirsad, Einstein maskeli haydutlar taraf\u0131ndan ka\u00e7\u0131r\u0131l\u0131r. Polisin ara\u015ft\u0131rmalar\u0131 sonu\u00e7 vermez ancak \u00fc\u00e7 kafadar; Eren, Tar\u0131k ve Melek, haydutlar\u0131 bulup Profes\u00f6r\u2019\u00fc kurtarmaya<span class=\"excerpt-hellip\"> [\u2026]<\/span><\/p>\n","protected":false},"featured_media":0,"template":"","meta":{"_monsterinsights_skip_tracking":false,"_monsterinsights_sitenote_active":false,"_monsterinsights_sitenote_note":"","_monsterinsights_sitenote_category":0},"product_brand":[],"product_cat":[12291,12711],"product_tag":[],"class_list":{"0":"post-723950","1":"product","2":"type-product","3":"status-publish","5":"product_cat-edebiyat","6":"product_cat-roman-oyku","7":"pa_cilt-ciltsiz","8":"pa_tur-kitap","9":"pa_yayinevi-acayip-kitaplar","10":"pa_yazar-murat-dincer","12":"first","13":"instock","14":"sale","15":"shipping-taxable","16":"purchasable","17":"product-type-simple"},"_links":{"self":[{"href":"https:\/\/roveyayinevi.com.tr\/index.php\/wp-json\/wp\/v2\/product\/723950","targetHints":{"allow":["GET"]}}],"collection":[{"href":"https:\/\/roveyayinevi.com.tr\/index.php\/wp-json\/wp\/v2\/product"}],"about":[{"href":"https:\/\/roveyayinevi.com.tr\/index.php\/wp-json\/wp\/v2\/types\/product"}],"wp:attachment":[{"href":"https:\/\/roveyayinevi.com.tr\/index.php\/wp-json\/wp\/v2\/media?parent=723950"}],"wp:term":[{"taxonomy":"product_brand","embeddable":true,"href":"https:\/\/roveyayinevi.com.tr\/index.php\/wp-json\/wp\/v2\/product_brand?post=723950"},{"taxonomy":"product_cat","embeddable":true,"href":"https:\/\/roveyayinevi.com.tr\/index.php\/wp-json\/wp\/v2\/product_cat?post=723950"},{"taxonomy":"product_tag","embeddable":true,"href":"https:\/\/roveyayinevi.com.tr\/index.php\/wp-json\/wp\/v2\/product_tag?post=723950"}],"curies":[{"name":"wp","href":"https:\/\/api.w.org\/{rel}","templated":true}]}}